{"id":74,"date":"2016-03-25T16:13:59","date_gmt":"2016-03-25T15:13:59","guid":{"rendered":"http:\/\/www.ipctours.com\/es\/?page_id=74"},"modified":"2023-12-05T09:04:35","modified_gmt":"2023-12-05T08:04:35","slug":"tarifs-reservations","status":"publish","type":"page","link":"https:\/\/www.ipctours.com\/es\/tarifs-reservations\/","title":{"rendered":"Tarifas y opciones de reserva"},"content":{"rendered":"<p>&nbsp;<\/p>\n<p>Disfrute nuestras ofertas exclusivas:<\/p>\n<p style=\"text-align: justify;\">Tarifas simples con un precio \u00fanico indiferentemente de la hora, la semana, el fin de semana o las vacaciones.<\/p>\n<p style=\"text-align: justify;\">F\u00f3rmulas de reserva adaptadas: adquisici\u00f3n de su billete de vuelo de regalo o reserva por dep\u00f3sito sin cobrar antes, si est\u00e1 de paso.<\/p>\n<p style=\"text-align: justify;\">Los vuelos se realizan todos los d\u00edas con una temporada m\u00e1s favorable de abril a octubre. \u00a0<a href=\"http:\/\/www.ipctours.com\/es\/les-horaires-de-decollage\/\">Ver los horarios<\/a>.<\/p>\n<p style=\"text-align: justify;\">Experimente este hermoso viaje en globo aerost\u00e1tico desde uno de estos prestigiosos castillos: Blois, Chaumont-sur-Loire, Amboise o Chenonceau, en el valle del Loira, declarados Patrimonio de la Humanidad por la UNESCO.\u00a0<a href=\"http:\/\/www.ipctours.com\/es\/les-lieux-de-decollage\/\">Ubique los sitios de despegue.\u00a0\u00a0<\/a><a href=\"http:\/\/www.ipctours.com\/es\/le-vol-en-montgolfiere\/\">Vea c\u00f3mo se realiza el vuelo en globo.<\/a><\/p>\n<p>&nbsp;<\/p>\n<table class=\"rt-table\" style=\"height: 346px;\">\n<tbody>\n<tr style=\"height: 48px;\">\n<td style=\"width: 630px; height: 48px;\"><a href=\"http:\/\/www.ipctours.com\/es\/billet-adulte-individuel-vol-montgolfiere\/\">Adulto individual\u00a0<\/a><\/td>\n<td style=\"width: 158px; height: 48px;\"><strong>209.00\u20ac<\/strong> \/\u00a0pasajero<\/td>\n<\/tr>\n<tr style=\"height: 48px;\">\n<td style=\"width: 630px; height: 48px;\"><a href=\"http:\/\/www.ipctours.com\/es\/billet-de-2-a-3-adultes-vol-montgolfiere\/\">2 a 3 adultos<br \/>\n<\/a><\/td>\n<td style=\"width: 158px; height: 48px;\"><strong>199.00\u20ac<\/strong> \/ pasajero<\/td>\n<\/tr>\n<tr style=\"height: 48px;\">\n<td style=\"width: 630px; height: 48px;\"><a href=\"http:\/\/www.ipctours.com\/es\/billet-a-partir-de-4-adultes-vol-montgolfiere\/\">A\u00a0partir de 4 adultos\u00a0<\/a><\/td>\n<td style=\"width: 158px; height: 48px;\"><strong>189.00\u20ac<\/strong> \/ pasajero<\/td>\n<\/tr>\n<tr style=\"height: 48px;\">\n<td style=\"width: 630px; height: 48px;\"><a href=\"http:\/\/www.ipctours.com\/es\/billet-enfant-vol-montgolfiere\/\">Tarifa infantil de 6 a 13 a\u00f1os incluido<\/a><\/td>\n<td style=\"width: 158px; height: 48px;\"><strong>159.00\u20ac <\/strong>\/ pasajero<\/td>\n<\/tr>\n<tr style=\"height: 48px;\">\n<td style=\"width: 630px; height: 48px;\"><a href=\"http:\/\/www.ipctours.com\/es\/vol-privilege-2-passagers\/\">Vuelo Privilege para 2 personas<br \/>\n<\/a><\/td>\n<td style=\"width: 158px; height: 48px;\"><strong>749.00\u20ac<\/strong>\u00a0el vuelo<\/td>\n<\/tr>\n<tr style=\"height: 48px;\">\n<td style=\"width: 630px; height: 48px;\">Vuelo Privilege para 3 personas<\/td>\n<td style=\"width: 158px; height: 48px;\"><strong>897.00\u20ac<\/strong>\u00a0el vuelo<\/td>\n<\/tr>\n<tr style=\"height: 48px;\">\n<td style=\"width: 630px; height: 48px;\">Vuelo Privilege para 4\/5 personas<\/td>\n<td style=\"width: 158px; height: 48px;\"><strong>1099.00\u20ac<\/strong>\u00a0el vuelo<\/td>\n<\/tr>\n<tr style=\"height: 48px;\">\n<td style=\"width: 630px; height: 48px;\">Vuelo Privilege para 6 personas<\/td>\n<td style=\"width: 158px; height: 48px;\"><strong>1494.00\u20ac<\/strong>\u00a0el vuelo<\/td>\n<\/tr>\n<tr style=\"height: 48px;\">\n<td style=\"width: 630px; height: 48px;\">Vuelo Privilege para 7\/8 personas<\/td>\n<td style=\"width: 158px; height: 48px;\"><strong>1696.00\u20ac<\/strong>\u00a0el vuelo<\/td>\n<\/tr>\n<tr style=\"height: 48px;\">\n<td style=\"width: 630px; height: 48px;\"><a href=\"http:\/\/www.ipctours.com\/es\/vol-accessibilite-949-00e-vol\/\">Vuelo accesibilidad para 1 pasajero con movilidad reducida y 1 acompa\u00f1ante\u00a0<\/a><\/td>\n<td style=\"width: 158px; height: 48px;\"><strong>749.00\u20ac\u00a0<\/strong>el vuelo<\/td>\n<\/tr>\n<tr style=\"height: 24px;\">\n<td style=\"width: 630px; height: 24px;\"><a href=\"http:\/\/www.ipctours.com\/es\/coupon-visite-domaine-de-chaumont-loire\/\">Entradas Domaine de Chaumont-sur-Loire<\/a><\/td>\n<td style=\"width: 158px; height: 24px;\"><strong>15.00\u20ac <\/strong>\/ persona<\/td>\n<\/tr>\n<\/tbody>\n<\/table>\n<div class=\"col-md-12\" style=\"margin-top: 15px; margin-bottom: 15px; padding: 0px;\">\n<div class=\"col-md-4\">Precio con IVA incluido 10%<\/div>\n<div class=\"col-md-4\" style=\"text-align: left;\"><a class=\"btntarif\" href=\"http:\/\/www.ipctours.com\/boutique\/es\/\">Ordenar en linea<\/a><\/div>\n<div class=\"col-md-4\"><\/div>\n<h1><\/h1>\n<h1><\/h1>\n<h1 style=\"text-align: center;\">Elija su f\u00f3rmula de reserva<\/h1>\n<\/div>\n<div class=\"col-md-12\" style=\"padding: 0px;\">\n<div class=\"col-md-6\">\n<p><img loading=\"lazy\" decoding=\"async\" class=\"alignnone wp-image-1414 size-full\" src=\"http:\/\/www.ipctours.com\/es\/wp-content\/uploads\/2017\/09\/reservation-simple-vol-montgolfiere.jpg\" alt=\"R\u00e9servation simple A\u00e9rocom\" width=\"526\" height=\"325\" srcset=\"https:\/\/www.ipctours.com\/es\/wp-content\/uploads\/2017\/09\/reservation-simple-vol-montgolfiere.jpg 526w, https:\/\/www.ipctours.com\/es\/wp-content\/uploads\/2017\/09\/reservation-simple-vol-montgolfiere-300x185.jpg 300w\" sizes=\"(max-width: 526px) 100vw, 526px\" \/><\/p>\n<p><strong>Reserva simple<\/strong><\/p>\n<p>No hay cobro previo si est\u00e1 de paso, si es un grupo, una familia, amigos o profesionales que se re\u00fanen en una fecha espec\u00edfica para tener en cuenta los riesgos clim\u00e1ticos.<\/p>\n<p>Se requiere un dep\u00f3sito por cheque o garant\u00eda CB. No se realiza ning\u00fan cobro antes de la fecha de su vuelo. En caso de mal tiempo y si no es posible aplazar, se destruye el control de reserva.<\/p>\n<p>&nbsp;<\/p>\n<\/div>\n<div class=\"col-md-6\">\n<p><img loading=\"lazy\" decoding=\"async\" class=\"alignnone wp-image-1467 size-full\" src=\"http:\/\/www.ipctours.com\/es\/wp-content\/uploads\/2017\/10\/billet-cadeau-aerocom.jpg\" alt=\"Billet Cadeau vol en montgolfi\u00e8re\" width=\"526\" height=\"325\" srcset=\"https:\/\/www.ipctours.com\/es\/wp-content\/uploads\/2017\/10\/billet-cadeau-aerocom.jpg 526w, https:\/\/www.ipctours.com\/es\/wp-content\/uploads\/2017\/10\/billet-cadeau-aerocom-300x185.jpg 300w\" sizes=\"(max-width: 526px) 100vw, 526px\" \/><\/p>\n<p><strong>Billete regalo<\/strong><\/p>\n<p>Para un regalo, desea ofrecer u ofrecerle un billete de vuelo v\u00e1lido por 2 a\u00f1os. Paga la totalidad. El beneficiario determinar\u00e1 la fecha y el lugar de despegue. Si el clima no permite el vuelo en el d\u00eda programado, el ticket conserva su validez.<\/p>\n<p>&nbsp;<\/p>\n<\/div>\n<div class=\"col-md-12\" style=\"margin-bottom: 30px; padding: 0px;\">\n<div class=\"col-md-6\" style=\"padding: 0px;\">\n<div class=\"col-md-3\"><\/div>\n<div class=\"col-md-6\"><a class=\"btntarif\" href=\"http:\/\/www.ipctours.com\/es\/wp-content\/uploads\/2023\/12\/2023-BOOKING-FORM-ENGLISH.pdf\" target=\"_blank\" rel=\"noopener\">Descargar\u00a0un formulario\u00a0<\/a><\/div>\n<div class=\"col-md-3\"><\/div>\n<\/div>\n<div class=\"col-md-6\" style=\"padding: 0px;\">\n<div class=\"col-md-3\"><\/div>\n<div class=\"col-md-6\"><a class=\"btntarif\" href=\"http:\/\/www.ipctours.com\/boutique\/es\/\">Ordenar en linea<br \/>\n<\/a><\/div>\n<div class=\"col-md-3\"><\/div>\n<\/div>\n<\/div>\n<\/div>\n","protected":false},"excerpt":{"rendered":"<p>&nbsp; Disfrute nuestras ofertas exclusivas: Tarifas simples con un precio \u00fanico indiferentemente de la hora, la semana, el fin de semana o las vacaciones. F\u00f3rmulas de reserva adaptadas: adquisici\u00f3n de su billete de vuelo de regalo o reserva por dep\u00f3sito sin cobrar antes, si est\u00e1 de paso. Los vuelos se realizan todos los d\u00edas con [&hellip;]<\/p>\n","protected":false},"author":1,"featured_media":0,"parent":0,"menu_order":0,"comment_status":"closed","ping_status":"closed","template":"","meta":{"footnotes":""},"yoast_head":"<!-- This site is optimized with the Yoast SEO plugin v19.2 - https:\/\/yoast.com\/wordpress\/plugins\/seo\/ -->\n<title>Des tarifs simples\u00a0avec prix unique pour la semaine, week-end, jour f\u00e9ri\u00e9<\/title>\n<meta name=\"description\" content=\"Des tarifs simples avec un prix unique quel que soit le moment , semaine, week-end ou jour f\u00e9ri\u00e9. 2 formules : billet cadeau ou r\u00e9servation par acompte.\" \/>\n<meta name=\"robots\" content=\"index, follow, max-snippet:-1, max-image-preview:large, max-video-preview:-1\" \/>\n<link rel=\"canonical\" href=\"https:\/\/www.ipctours.com\/es\/tarifs-reservations\/\" \/>\n<meta property=\"og:locale\" content=\"fr_FR\" \/>\n<meta property=\"og:type\" content=\"article\" \/>\n<meta property=\"og:title\" content=\"Des tarifs simples\u00a0avec prix unique pour la semaine, week-end, jour f\u00e9ri\u00e9\" \/>\n<meta property=\"og:description\" content=\"Des tarifs simples avec un prix unique quel que soit le moment , semaine, week-end ou jour f\u00e9ri\u00e9. 2 formules : billet cadeau ou r\u00e9servation par acompte.\" \/>\n<meta property=\"og:url\" content=\"https:\/\/www.ipctours.com\/es\/tarifs-reservations\/\" \/>\n<meta property=\"og:site_name\" content=\"Aerocom Montgolfi\u00e8res\" \/>\n<meta property=\"article:modified_time\" content=\"2023-12-05T08:04:35+00:00\" \/>\n<meta property=\"og:image\" content=\"http:\/\/www.ipctours.com\/es\/wp-content\/uploads\/2017\/09\/reservation-simple-vol-montgolfiere.jpg\" \/>\n<meta name=\"author\" content=\"administrateur\" \/>\n<meta name=\"twitter:card\" content=\"summary\" \/>\n<meta name=\"twitter:label1\" content=\"Dur\u00e9e de lecture estim\u00e9e\" \/>\n\t<meta name=\"twitter:data1\" content=\"2 minutes\" \/>\n<script type=\"application\/ld+json\" class=\"yoast-schema-graph\">{\"@context\":\"https:\/\/schema.org\",\"@graph\":[{\"@type\":\"WebSite\",\"@id\":\"https:\/\/www.ipctours.com\/es\/#website\",\"url\":\"https:\/\/www.ipctours.com\/es\/\",\"name\":\"Aerocom Montgolfi\u00e8res\",\"description\":\"Loire et ch\u00e2teaux en montgolfi\u00e8re\",\"potentialAction\":[{\"@type\":\"SearchAction\",\"target\":{\"@type\":\"EntryPoint\",\"urlTemplate\":\"https:\/\/www.ipctours.com\/es\/?s={search_term_string}\"},\"query-input\":\"required name=search_term_string\"}],\"inLanguage\":\"fr-FR\"},{\"@type\":\"ImageObject\",\"inLanguage\":\"fr-FR\",\"@id\":\"https:\/\/www.ipctours.com\/es\/tarifs-reservations\/#primaryimage\",\"url\":\"https:\/\/www.ipctours.com\/es\/wp-content\/uploads\/2017\/09\/reservation-simple-vol-montgolfiere.jpg\",\"contentUrl\":\"https:\/\/www.ipctours.com\/es\/wp-content\/uploads\/2017\/09\/reservation-simple-vol-montgolfiere.jpg\",\"width\":526,\"height\":325,\"caption\":\"R\u00e9servation simple A\u00e9rocom\"},{\"@type\":\"WebPage\",\"@id\":\"https:\/\/www.ipctours.com\/es\/tarifs-reservations\/#webpage\",\"url\":\"https:\/\/www.ipctours.com\/es\/tarifs-reservations\/\",\"name\":\"Des tarifs simples\u00a0avec prix unique pour la semaine, week-end, jour f\u00e9ri\u00e9\",\"isPartOf\":{\"@id\":\"https:\/\/www.ipctours.com\/es\/#website\"},\"primaryImageOfPage\":{\"@id\":\"https:\/\/www.ipctours.com\/es\/tarifs-reservations\/#primaryimage\"},\"datePublished\":\"2016-03-25T15:13:59+00:00\",\"dateModified\":\"2023-12-05T08:04:35+00:00\",\"description\":\"Des tarifs simples avec un prix unique quel que soit le moment , semaine, week-end ou jour f\u00e9ri\u00e9. 2 formules : billet cadeau ou r\u00e9servation par acompte.\",\"breadcrumb\":{\"@id\":\"https:\/\/www.ipctours.com\/es\/tarifs-reservations\/#breadcrumb\"},\"inLanguage\":\"fr-FR\",\"potentialAction\":[{\"@type\":\"ReadAction\",\"target\":[\"https:\/\/www.ipctours.com\/es\/tarifs-reservations\/\"]}]},{\"@type\":\"BreadcrumbList\",\"@id\":\"https:\/\/www.ipctours.com\/es\/tarifs-reservations\/#breadcrumb\",\"itemListElement\":[{\"@type\":\"ListItem\",\"position\":1,\"name\":\"Tarifas y opciones de reserva\"}]}]}<\/script>\n<!-- \/ Yoast SEO plugin. -->","yoast_head_json":{"title":"Des tarifs simples\u00a0avec prix unique pour la semaine, week-end, jour f\u00e9ri\u00e9","description":"Des tarifs simples avec un prix unique quel que soit le moment , semaine, week-end ou jour f\u00e9ri\u00e9. 2 formules : billet cadeau ou r\u00e9servation par acompte.","robots":{"index":"index","follow":"follow","max-snippet":"max-snippet:-1","max-image-preview":"max-image-preview:large","max-video-preview":"max-video-preview:-1"},"canonical":"https:\/\/www.ipctours.com\/es\/tarifs-reservations\/","og_locale":"fr_FR","og_type":"article","og_title":"Des tarifs simples\u00a0avec prix unique pour la semaine, week-end, jour f\u00e9ri\u00e9","og_description":"Des tarifs simples avec un prix unique quel que soit le moment , semaine, week-end ou jour f\u00e9ri\u00e9. 2 formules : billet cadeau ou r\u00e9servation par acompte.","og_url":"https:\/\/www.ipctours.com\/es\/tarifs-reservations\/","og_site_name":"Aerocom Montgolfi\u00e8res","article_modified_time":"2023-12-05T08:04:35+00:00","og_image":[{"url":"http:\/\/www.ipctours.com\/es\/wp-content\/uploads\/2017\/09\/reservation-simple-vol-montgolfiere.jpg"}],"author":"administrateur","twitter_card":"summary","twitter_misc":{"Dur\u00e9e de lecture estim\u00e9e":"2 minutes"},"schema":{"@context":"https:\/\/schema.org","@graph":[{"@type":"WebSite","@id":"https:\/\/www.ipctours.com\/es\/#website","url":"https:\/\/www.ipctours.com\/es\/","name":"Aerocom Montgolfi\u00e8res","description":"Loire et ch\u00e2teaux en montgolfi\u00e8re","potentialAction":[{"@type":"SearchAction","target":{"@type":"EntryPoint","urlTemplate":"https:\/\/www.ipctours.com\/es\/?s={search_term_string}"},"query-input":"required name=search_term_string"}],"inLanguage":"fr-FR"},{"@type":"ImageObject","inLanguage":"fr-FR","@id":"https:\/\/www.ipctours.com\/es\/tarifs-reservations\/#primaryimage","url":"https:\/\/www.ipctours.com\/es\/wp-content\/uploads\/2017\/09\/reservation-simple-vol-montgolfiere.jpg","contentUrl":"https:\/\/www.ipctours.com\/es\/wp-content\/uploads\/2017\/09\/reservation-simple-vol-montgolfiere.jpg","width":526,"height":325,"caption":"R\u00e9servation simple A\u00e9rocom"},{"@type":"WebPage","@id":"https:\/\/www.ipctours.com\/es\/tarifs-reservations\/#webpage","url":"https:\/\/www.ipctours.com\/es\/tarifs-reservations\/","name":"Des tarifs simples\u00a0avec prix unique pour la semaine, week-end, jour f\u00e9ri\u00e9","isPartOf":{"@id":"https:\/\/www.ipctours.com\/es\/#website"},"primaryImageOfPage":{"@id":"https:\/\/www.ipctours.com\/es\/tarifs-reservations\/#primaryimage"},"datePublished":"2016-03-25T15:13:59+00:00","dateModified":"2023-12-05T08:04:35+00:00","description":"Des tarifs simples avec un prix unique quel que soit le moment , semaine, week-end ou jour f\u00e9ri\u00e9. 2 formules : billet cadeau ou r\u00e9servation par acompte.","breadcrumb":{"@id":"https:\/\/www.ipctours.com\/es\/tarifs-reservations\/#breadcrumb"},"inLanguage":"fr-FR","potentialAction":[{"@type":"ReadAction","target":["https:\/\/www.ipctours.com\/es\/tarifs-reservations\/"]}]},{"@type":"BreadcrumbList","@id":"https:\/\/www.ipctours.com\/es\/tarifs-reservations\/#breadcrumb","itemListElement":[{"@type":"ListItem","position":1,"name":"Tarifas y opciones de reserva"}]}]}},"_links":{"self":[{"href":"https:\/\/www.ipctours.com\/es\/wp-json\/wp\/v2\/pages\/74"}],"collection":[{"href":"https:\/\/www.ipctours.com\/es\/wp-json\/wp\/v2\/pages"}],"about":[{"href":"https:\/\/www.ipctours.com\/es\/wp-json\/wp\/v2\/types\/page"}],"author":[{"embeddable":true,"href":"https:\/\/www.ipctours.com\/es\/wp-json\/wp\/v2\/users\/1"}],"replies":[{"embeddable":true,"href":"https:\/\/www.ipctours.com\/es\/wp-json\/wp\/v2\/comments?post=74"}],"version-history":[{"count":267,"href":"https:\/\/www.ipctours.com\/es\/wp-json\/wp\/v2\/pages\/74\/revisions"}],"predecessor-version":[{"id":2612,"href":"https:\/\/www.ipctours.com\/es\/wp-json\/wp\/v2\/pages\/74\/revisions\/2612"}],"wp:attachment":[{"href":"https:\/\/www.ipctours.com\/es\/wp-json\/wp\/v2\/media?parent=74"}],"curies":[{"name":"wp","href":"https:\/\/api.w.org\/{rel}","templated":true}]}}