{"id":72,"date":"2016-03-25T16:10:30","date_gmt":"2016-03-25T15:10:30","guid":{"rendered":"http:\/\/www.ipctours.com\/es\/?page_id=72"},"modified":"2018-09-21T11:52:17","modified_gmt":"2018-09-21T10:52:17","slug":"les-lieux-de-decollage","status":"publish","type":"page","link":"https:\/\/www.ipctours.com\/es\/les-lieux-de-decollage\/","title":{"rendered":"Nuestros sitios de despegue"},"content":{"rendered":"<p style=\"text-align: justify;\">El despegue tiene lugar cerca de un castillo y del Loira en Chaumont-sur-Loire, Blois o Amboise o en las orillas del Cher, Chenonceau. La elecci\u00f3n se realiza durante su reserva, pero su piloto puede cambiar en el momento del vuelo dependiendo del clima. Siempre ser\u00e1 en inter\u00e9s del vuelo porque no debemos olvidar que es el viento por su direcci\u00f3n y velocidad que decide.<\/p>\n<h4 style=\"text-align: center;\"><a href=\"http:\/\/www.ipctours.com\/es\/le-vol-en-montgolfiere\/\"><strong>Consulte nuestras direcciones de citas y ubique nuestros sitios de despegue en el mapa<\/strong><\/a><\/h4>\n<div><\/div>\n<div style=\"text-align: center;\"><\/div>\n<div class=\"col-md-12 \" style=\"padding: 0px; padding-top: 40px;\"><div class=\"na-prefix\">\n\t<div class=\"grid grid-pad\">\n\t\t\t\t \n\t\t\n\t<\/div>\n\t\t<div class=\"clearfix\"><\/div>\n<\/div><\/div>\n<div class=\"col-md-12 \" style=\"padding: 10px; padding-top: 40px;\"><style type=\"text\/css\" id=\"gmpMapStyles_1_58262\">\n\t#google_map_easy_1_58262 {\n        width: 100%;\n        height: 575px;\n        float: ;\n        border: 0px solid ;\n        margin: 0px;\n    }\n\t#gmapControlsNum_1_58262 {\n\t\twidth:100%\t}\n\t.gmpMapDetailsContainer#gmpMapDetailsContainer_1_58262 {\n\t\theight:575px;\n\t}\n\t.gmp_MapPreview#google_map_easy_1_58262 {\n\t\t\/*position:absolute;*\/\n\t\twidth:100%;\n\t}\n\t#mapConElem_1_58262{\n\t\twidth:100%\t}\n\t<\/style> <div class=\"gmp_map_opts \" id=\"mapConElem_1_58262\" data-id=\"1\" data-view-id=\"1_58262\" > <div class=\"gmpMapDetailsContainer\" id=\"gmpMapDetailsContainer_1_58262\"> <i class=\"gmpKMLLayersPreloader fa fa-spinner fa-spin\" aria-hidden=\"true\" style=\"display: none;\"><\/i> <div class=\"gmp_MapPreview \" id=\"google_map_easy_1_58262\"><\/div> <\/div> <div class=\"gmpMapProControlsCon\" id=\"gmpMapProControlsCon_1_58262\"> <\/div> <div class=\"gmpMapProDirectionsCon\" id=\"gmpMapProDirectionsCon_1_58262\" > <\/div> <div class=\"gmpMapProKmlFilterCon\" id=\"gmpMapProKmlFilterCon_1_58262\" > <\/div> <div class=\"gmpSocialSharingShell gmpSocialSharingShell_1_58262\"> <\/div> <div style=\"clear: both;\"><\/div> <\/div> <\/div>\n","protected":false},"excerpt":{"rendered":"<p>El despegue tiene lugar cerca de un castillo y del Loira en Chaumont-sur-Loire, Blois o Amboise o en las orillas del Cher, Chenonceau. La elecci\u00f3n se realiza durante su reserva, pero su piloto puede cambiar en el momento del vuelo dependiendo del clima. Siempre ser\u00e1 en inter\u00e9s del vuelo porque no debemos olvidar que es [&hellip;]<\/p>\n","protected":false},"author":1,"featured_media":0,"parent":0,"menu_order":0,"comment_status":"closed","ping_status":"closed","template":"","meta":{"footnotes":""},"yoast_head":"<!-- This site is optimized with the Yoast SEO plugin v19.2 - https:\/\/yoast.com\/wordpress\/plugins\/seo\/ -->\n<title>Les lieux de d\u00e9collage des montgolfieres - Aerocom Montgolfi\u00e8re<\/title>\n<meta name=\"description\" content=\"Les envols ont lieu au d\u00e9part de Chaumont-sur-Loire, Blois, Amboise, Chenonceau et d&#039;autres sites sur demande, \u00e0 l&#039;aude ou au cr\u00e9puscule, ...\" \/>\n<meta name=\"robots\" content=\"index, follow, max-snippet:-1, max-image-preview:large, max-video-preview:-1\" \/>\n<link rel=\"canonical\" href=\"https:\/\/www.ipctours.com\/es\/les-lieux-de-decollage\/\" \/>\n<meta property=\"og:locale\" content=\"fr_FR\" \/>\n<meta property=\"og:type\" content=\"article\" \/>\n<meta property=\"og:title\" content=\"Les lieux de d\u00e9collage des montgolfieres - Aerocom Montgolfi\u00e8re\" \/>\n<meta property=\"og:description\" content=\"Les envols ont lieu au d\u00e9part de Chaumont-sur-Loire, Blois, Amboise, Chenonceau et d&#039;autres sites sur demande, \u00e0 l&#039;aude ou au cr\u00e9puscule, ...\" \/>\n<meta property=\"og:url\" content=\"https:\/\/www.ipctours.com\/es\/les-lieux-de-decollage\/\" \/>\n<meta property=\"og:site_name\" content=\"Aerocom Montgolfi\u00e8res\" \/>\n<meta property=\"article:modified_time\" content=\"2018-09-21T10:52:17+00:00\" \/>\n<meta name=\"author\" content=\"administrateur\" \/>\n<meta name=\"twitter:card\" content=\"summary\" \/>\n<script type=\"application\/ld+json\" class=\"yoast-schema-graph\">{\"@context\":\"https:\/\/schema.org\",\"@graph\":[{\"@type\":\"WebSite\",\"@id\":\"https:\/\/www.ipctours.com\/es\/#website\",\"url\":\"https:\/\/www.ipctours.com\/es\/\",\"name\":\"Aerocom Montgolfi\u00e8res\",\"description\":\"Loire et ch\u00e2teaux en montgolfi\u00e8re\",\"potentialAction\":[{\"@type\":\"SearchAction\",\"target\":{\"@type\":\"EntryPoint\",\"urlTemplate\":\"https:\/\/www.ipctours.com\/es\/?s={search_term_string}\"},\"query-input\":\"required name=search_term_string\"}],\"inLanguage\":\"fr-FR\"},{\"@type\":\"WebPage\",\"@id\":\"https:\/\/www.ipctours.com\/es\/les-lieux-de-decollage\/#webpage\",\"url\":\"https:\/\/www.ipctours.com\/es\/les-lieux-de-decollage\/\",\"name\":\"Les lieux de d\u00e9collage des montgolfieres - Aerocom Montgolfi\u00e8re\",\"isPartOf\":{\"@id\":\"https:\/\/www.ipctours.com\/es\/#website\"},\"datePublished\":\"2016-03-25T15:10:30+00:00\",\"dateModified\":\"2018-09-21T10:52:17+00:00\",\"description\":\"Les envols ont lieu au d\u00e9part de Chaumont-sur-Loire, Blois, Amboise, Chenonceau et d'autres sites sur demande, \u00e0 l'aude ou au cr\u00e9puscule, ...\",\"breadcrumb\":{\"@id\":\"https:\/\/www.ipctours.com\/es\/les-lieux-de-decollage\/#breadcrumb\"},\"inLanguage\":\"fr-FR\",\"potentialAction\":[{\"@type\":\"ReadAction\",\"target\":[\"https:\/\/www.ipctours.com\/es\/les-lieux-de-decollage\/\"]}]},{\"@type\":\"BreadcrumbList\",\"@id\":\"https:\/\/www.ipctours.com\/es\/les-lieux-de-decollage\/#breadcrumb\",\"itemListElement\":[{\"@type\":\"ListItem\",\"position\":1,\"name\":\"Nuestros sitios de despegue\"}]}]}<\/script>\n<!-- \/ Yoast SEO plugin. -->","yoast_head_json":{"title":"Les lieux de d\u00e9collage des montgolfieres - Aerocom Montgolfi\u00e8re","description":"Les envols ont lieu au d\u00e9part de Chaumont-sur-Loire, Blois, Amboise, Chenonceau et d'autres sites sur demande, \u00e0 l'aude ou au cr\u00e9puscule, ...","robots":{"index":"index","follow":"follow","max-snippet":"max-snippet:-1","max-image-preview":"max-image-preview:large","max-video-preview":"max-video-preview:-1"},"canonical":"https:\/\/www.ipctours.com\/es\/les-lieux-de-decollage\/","og_locale":"fr_FR","og_type":"article","og_title":"Les lieux de d\u00e9collage des montgolfieres - Aerocom Montgolfi\u00e8re","og_description":"Les envols ont lieu au d\u00e9part de Chaumont-sur-Loire, Blois, Amboise, Chenonceau et d'autres sites sur demande, \u00e0 l'aude ou au cr\u00e9puscule, ...","og_url":"https:\/\/www.ipctours.com\/es\/les-lieux-de-decollage\/","og_site_name":"Aerocom Montgolfi\u00e8res","article_modified_time":"2018-09-21T10:52:17+00:00","author":"administrateur","twitter_card":"summary","schema":{"@context":"https:\/\/schema.org","@graph":[{"@type":"WebSite","@id":"https:\/\/www.ipctours.com\/es\/#website","url":"https:\/\/www.ipctours.com\/es\/","name":"Aerocom Montgolfi\u00e8res","description":"Loire et ch\u00e2teaux en montgolfi\u00e8re","potentialAction":[{"@type":"SearchAction","target":{"@type":"EntryPoint","urlTemplate":"https:\/\/www.ipctours.com\/es\/?s={search_term_string}"},"query-input":"required name=search_term_string"}],"inLanguage":"fr-FR"},{"@type":"WebPage","@id":"https:\/\/www.ipctours.com\/es\/les-lieux-de-decollage\/#webpage","url":"https:\/\/www.ipctours.com\/es\/les-lieux-de-decollage\/","name":"Les lieux de d\u00e9collage des montgolfieres - Aerocom Montgolfi\u00e8re","isPartOf":{"@id":"https:\/\/www.ipctours.com\/es\/#website"},"datePublished":"2016-03-25T15:10:30+00:00","dateModified":"2018-09-21T10:52:17+00:00","description":"Les envols ont lieu au d\u00e9part de Chaumont-sur-Loire, Blois, Amboise, Chenonceau et d'autres sites sur demande, \u00e0 l'aude ou au cr\u00e9puscule, ...","breadcrumb":{"@id":"https:\/\/www.ipctours.com\/es\/les-lieux-de-decollage\/#breadcrumb"},"inLanguage":"fr-FR","potentialAction":[{"@type":"ReadAction","target":["https:\/\/www.ipctours.com\/es\/les-lieux-de-decollage\/"]}]},{"@type":"BreadcrumbList","@id":"https:\/\/www.ipctours.com\/es\/les-lieux-de-decollage\/#breadcrumb","itemListElement":[{"@type":"ListItem","position":1,"name":"Nuestros sitios de despegue"}]}]}},"_links":{"self":[{"href":"https:\/\/www.ipctours.com\/es\/wp-json\/wp\/v2\/pages\/72"}],"collection":[{"href":"https:\/\/www.ipctours.com\/es\/wp-json\/wp\/v2\/pages"}],"about":[{"href":"https:\/\/www.ipctours.com\/es\/wp-json\/wp\/v2\/types\/page"}],"author":[{"embeddable":true,"href":"https:\/\/www.ipctours.com\/es\/wp-json\/wp\/v2\/users\/1"}],"replies":[{"embeddable":true,"href":"https:\/\/www.ipctours.com\/es\/wp-json\/wp\/v2\/comments?post=72"}],"version-history":[{"count":95,"href":"https:\/\/www.ipctours.com\/es\/wp-json\/wp\/v2\/pages\/72\/revisions"}],"predecessor-version":[{"id":2589,"href":"https:\/\/www.ipctours.com\/es\/wp-json\/wp\/v2\/pages\/72\/revisions\/2589"}],"wp:attachment":[{"href":"https:\/\/www.ipctours.com\/es\/wp-json\/wp\/v2\/media?parent=72"}],"curies":[{"name":"wp","href":"https:\/\/api.w.org\/{rel}","templated":true}]}}