{"id":68,"date":"2016-03-25T16:05:05","date_gmt":"2016-03-25T15:05:05","guid":{"rendered":"http:\/\/www.ipctours.com\/es\/?page_id=68"},"modified":"2018-09-18T10:22:12","modified_gmt":"2018-09-18T09:22:12","slug":"les-horaires-de-decollage","status":"publish","type":"page","link":"https:\/\/www.ipctours.com\/es\/les-horaires-de-decollage\/","title":{"rendered":"\u00bfA qu\u00e9 hora estamos volando?"},"content":{"rendered":"<p style=\"text-align: justify;\">Para evitar los vientos t\u00e9rmicos, los horarios de despegue del globo siempre tienen lugar al amanecer o antes del atardecer, en las horas m\u00e1s agradables. Durante la mejor temporada, de abril a octubre, es por lo tanto, muy temprano por la ma\u00f1ana o en la cena, que se invitaremos &#8230; para su vuelo en globo. El horario de su cita en el punto de recepci\u00f3n siempre se indica durante su reserva. Se puede refinar seg\u00fan las informaci\u00f3nes meteorol\u00f3gicas del d\u00eda del vuelo. En este caso, se lo especificaremos durante su llamado telef\u00f3nico de confirmaci\u00f3n.<\/p>\n<p style=\"text-align: justify;\">Nos ocupamos de usted en la direcci\u00f3n de encuentro acordada y le transportamos en nuestro 4 \u00d7 4 en el sitio de despegue.\u00a0<a href=\"http:\/\/www.ipctours.com\/es\/les-lieux-de-decollage\/\">Ver nuestros sitios de despegue<\/a>. Hay que tener en cuenta media hora para la inflamaci\u00f3n del globo y para que se lleve a dar un agradable paseo hasta el balc\u00f3n del cielo. \u00a1No cree que hace fr\u00edo all\u00e1 arriba! No estar\u00e1 m\u00e1s fr\u00edo en el aire que en el suelo. Planee una ropa c\u00f3moda, como dar un paseo en el bosque con zapatos sin tac\u00f3nes y cerrados. Es solamente despu\u00e9s del vuelo nocturno, en alguna parte del campo, que podemos sentir la frescura y que un vestido m\u00e1s abrigado a veces es bienvenido para compartir el toast de los A\u00e9rostiers.<\/p>\n<p>&nbsp;<\/p>\n<div class=\"col-md-4 col-sm-4\" style=\"padding: 10px;\"><img loading=\"lazy\" decoding=\"async\" class=\"alignnone wp-image-1778 size-full\" src=\"http:\/\/www.ipctours.com\/es\/wp-content\/uploads\/2017\/11\/vol-montgolfiere-dessus-brume.jpg\" alt=\"Brume en montgolfi\u00e8re\" width=\"500\" height=\"355\" srcset=\"https:\/\/www.ipctours.com\/es\/wp-content\/uploads\/2017\/11\/vol-montgolfiere-dessus-brume.jpg 500w, https:\/\/www.ipctours.com\/es\/wp-content\/uploads\/2017\/11\/vol-montgolfiere-dessus-brume-300x213.jpg 300w\" sizes=\"(max-width: 500px) 100vw, 500px\" \/><\/div>\n<div class=\"col-md-4 col-sm-4\" style=\"padding: 10px;\"><img loading=\"lazy\" decoding=\"async\" class=\"alignnone wp-image-1779 size-full\" src=\"http:\/\/www.ipctours.com\/es\/wp-content\/uploads\/2017\/11\/lever-coucher-soleil-vol-montgolfiere.jpg\" alt=\"Lever ou coucher de soleil ?\" width=\"500\" height=\"355\" srcset=\"https:\/\/www.ipctours.com\/es\/wp-content\/uploads\/2017\/11\/lever-coucher-soleil-vol-montgolfiere.jpg 500w, https:\/\/www.ipctours.com\/es\/wp-content\/uploads\/2017\/11\/lever-coucher-soleil-vol-montgolfiere-300x213.jpg 300w\" sizes=\"(max-width: 500px) 100vw, 500px\" \/><\/div>\n<div class=\"col-md-4 col-sm-4\" style=\"padding: 10px;\"><img loading=\"lazy\" decoding=\"async\" class=\"alignnone wp-image-1780 size-full\" src=\"http:\/\/www.ipctours.com\/es\/wp-content\/uploads\/2017\/11\/arc-en-ciel-vol-montgolfiere.jpg\" alt=\"Arc-en-ciel au dessus d'une montgolfi\u00e8re\" width=\"500\" height=\"355\" srcset=\"https:\/\/www.ipctours.com\/es\/wp-content\/uploads\/2017\/11\/arc-en-ciel-vol-montgolfiere.jpg 500w, https:\/\/www.ipctours.com\/es\/wp-content\/uploads\/2017\/11\/arc-en-ciel-vol-montgolfiere-300x213.jpg 300w\" sizes=\"(max-width: 500px) 100vw, 500px\" \/><\/div>\n<p>&nbsp;<\/p>\n<h1 style=\"text-align: center;\">Horarios *<\/h1>\n<table style=\"height: 232px;\" width=\"699\">\n<tbody>\n<tr>\n<td style=\"text-align: center; width: 101px;\">ENERO<\/td>\n<td style=\"text-align: center; width: 238px;\">09H00 Y 15H00<\/td>\n<td style=\"text-align: center; width: 117px;\">JULIO<\/td>\n<td style=\"text-align: center; width: 231px;\">06H00 Y 19H30<\/td>\n<\/tr>\n<tr>\n<td style=\"text-align: center; width: 101px;\">FEBRERO<\/td>\n<td style=\"text-align: center; width: 238px;\">08H30 Y 15H00<\/td>\n<td style=\"text-align: center; width: 117px;\">AGOSTO<\/td>\n<td style=\"text-align: center; width: 231px;\">06H30 Y 18H30<\/td>\n<\/tr>\n<tr>\n<td style=\"text-align: center; width: 101px;\">MARZO<\/td>\n<td style=\"text-align: center; width: 238px;\">07H30 Y 17H00<\/td>\n<td style=\"text-align: center; width: 117px;\">SEPTIEMBRE<\/td>\n<td style=\"text-align: center; width: 231px;\">07H00 Y 18H00<\/td>\n<\/tr>\n<tr>\n<td style=\"text-align: center; width: 101px;\">ABRIL<\/td>\n<td style=\"text-align: center; width: 238px;\">07H00 Y 18H00<\/td>\n<td style=\"text-align: center; width: 117px;\">OCTUBRE<\/td>\n<td style=\"text-align: center; width: 231px;\">08H00 Y 16H30<\/td>\n<\/tr>\n<tr>\n<td style=\"text-align: center; width: 101px;\">MAYO<\/td>\n<td style=\"text-align: center; width: 238px;\">06H00 Y 19H00<\/td>\n<td style=\"text-align: center; width: 117px;\">NOVIEMBRE<\/td>\n<td style=\"text-align: center; width: 231px;\">08H00 Y 15H30<\/td>\n<\/tr>\n<tr>\n<td style=\"text-align: center; width: 101px;\">JUNIO<\/td>\n<td style=\"text-align: center; width: 238px;\">06H00 Y 19H30<\/td>\n<td style=\"text-align: center; width: 117px;\">DICIEMBRE<\/td>\n<td style=\"text-align: center; width: 231px;\">8H30 Y 14H30<\/td>\n<\/tr>\n<\/tbody>\n<\/table>\n<p>&nbsp;<\/p>\n<p style=\"text-align: right;\">* Como una indicaci\u00f3n, pueden variar de 1\/4 a 1\/2 hora.<\/p>\n","protected":false},"excerpt":{"rendered":"<p>Para evitar los vientos t\u00e9rmicos, los horarios de despegue del globo siempre tienen lugar al amanecer o antes del atardecer, en las horas m\u00e1s agradables. Durante la mejor temporada, de abril a octubre, es por lo tanto, muy temprano por la ma\u00f1ana o en la cena, que se invitaremos &#8230; para su vuelo en globo. [&hellip;]<\/p>\n","protected":false},"author":1,"featured_media":0,"parent":0,"menu_order":0,"comment_status":"closed","ping_status":"closed","template":"","meta":{"footnotes":""},"yoast_head":"<!-- This site is optimized with the Yoast SEO plugin v19.2 - https:\/\/yoast.com\/wordpress\/plugins\/seo\/ -->\n<title>les horaires de d\u00e9collage sont t\u00f4t le matin ou avant le coucher du soleil.<\/title>\n<meta name=\"description\" content=\"Afin d&#039;\u00e9viter les vents thermiques, les horaires de d\u00e9collage\u00a0des\u00a0montgolfi\u00e8re ont toujours lieu au lever ou avant le coucher du soleil \u00e0 l&#039;heure o\u00f9 les lumi\u00e8res sont les plus belles.\" \/>\n<meta name=\"robots\" content=\"index, follow, max-snippet:-1, max-image-preview:large, max-video-preview:-1\" \/>\n<link rel=\"canonical\" href=\"https:\/\/www.ipctours.com\/es\/les-horaires-de-decollage\/\" \/>\n<meta property=\"og:locale\" content=\"fr_FR\" \/>\n<meta property=\"og:type\" content=\"article\" \/>\n<meta property=\"og:title\" content=\"les horaires de d\u00e9collage sont t\u00f4t le matin ou avant le coucher du soleil.\" \/>\n<meta property=\"og:description\" content=\"Afin d&#039;\u00e9viter les vents thermiques, les horaires de d\u00e9collage\u00a0des\u00a0montgolfi\u00e8re ont toujours lieu au lever ou avant le coucher du soleil \u00e0 l&#039;heure o\u00f9 les lumi\u00e8res sont les plus belles.\" \/>\n<meta property=\"og:url\" content=\"https:\/\/www.ipctours.com\/es\/les-horaires-de-decollage\/\" \/>\n<meta property=\"og:site_name\" content=\"Aerocom Montgolfi\u00e8res\" \/>\n<meta property=\"article:modified_time\" content=\"2018-09-18T09:22:12+00:00\" \/>\n<meta property=\"og:image\" content=\"http:\/\/www.ipctours.com\/es\/wp-content\/uploads\/2017\/11\/vol-montgolfiere-dessus-brume.jpg\" \/>\n<meta name=\"author\" content=\"administrateur\" \/>\n<meta name=\"twitter:card\" content=\"summary\" \/>\n<meta name=\"twitter:label1\" content=\"Dur\u00e9e de lecture estim\u00e9e\" \/>\n\t<meta name=\"twitter:data1\" content=\"1 minute\" \/>\n<script type=\"application\/ld+json\" class=\"yoast-schema-graph\">{\"@context\":\"https:\/\/schema.org\",\"@graph\":[{\"@type\":\"WebSite\",\"@id\":\"https:\/\/www.ipctours.com\/es\/#website\",\"url\":\"https:\/\/www.ipctours.com\/es\/\",\"name\":\"Aerocom Montgolfi\u00e8res\",\"description\":\"Loire et ch\u00e2teaux en montgolfi\u00e8re\",\"potentialAction\":[{\"@type\":\"SearchAction\",\"target\":{\"@type\":\"EntryPoint\",\"urlTemplate\":\"https:\/\/www.ipctours.com\/es\/?s={search_term_string}\"},\"query-input\":\"required name=search_term_string\"}],\"inLanguage\":\"fr-FR\"},{\"@type\":\"ImageObject\",\"inLanguage\":\"fr-FR\",\"@id\":\"https:\/\/www.ipctours.com\/es\/les-horaires-de-decollage\/#primaryimage\",\"url\":\"https:\/\/www.ipctours.com\/es\/wp-content\/uploads\/2017\/11\/vol-montgolfiere-dessus-brume.jpg\",\"contentUrl\":\"https:\/\/www.ipctours.com\/es\/wp-content\/uploads\/2017\/11\/vol-montgolfiere-dessus-brume.jpg\",\"width\":500,\"height\":355,\"caption\":\"Brume en montgolfi\u00e8re\"},{\"@type\":\"WebPage\",\"@id\":\"https:\/\/www.ipctours.com\/es\/les-horaires-de-decollage\/#webpage\",\"url\":\"https:\/\/www.ipctours.com\/es\/les-horaires-de-decollage\/\",\"name\":\"les horaires de d\u00e9collage sont t\u00f4t le matin ou avant le coucher du soleil.\",\"isPartOf\":{\"@id\":\"https:\/\/www.ipctours.com\/es\/#website\"},\"primaryImageOfPage\":{\"@id\":\"https:\/\/www.ipctours.com\/es\/les-horaires-de-decollage\/#primaryimage\"},\"datePublished\":\"2016-03-25T15:05:05+00:00\",\"dateModified\":\"2018-09-18T09:22:12+00:00\",\"description\":\"Afin d'\u00e9viter les vents thermiques, les horaires de d\u00e9collage\u00a0des\u00a0montgolfi\u00e8re ont toujours lieu au lever ou avant le coucher du soleil \u00e0 l'heure o\u00f9 les lumi\u00e8res sont les plus belles.\",\"breadcrumb\":{\"@id\":\"https:\/\/www.ipctours.com\/es\/les-horaires-de-decollage\/#breadcrumb\"},\"inLanguage\":\"fr-FR\",\"potentialAction\":[{\"@type\":\"ReadAction\",\"target\":[\"https:\/\/www.ipctours.com\/es\/les-horaires-de-decollage\/\"]}]},{\"@type\":\"BreadcrumbList\",\"@id\":\"https:\/\/www.ipctours.com\/es\/les-horaires-de-decollage\/#breadcrumb\",\"itemListElement\":[{\"@type\":\"ListItem\",\"position\":1,\"name\":\"\u00bfA qu\u00e9 hora estamos volando?\"}]}]}<\/script>\n<!-- \/ Yoast SEO plugin. -->","yoast_head_json":{"title":"les horaires de d\u00e9collage sont t\u00f4t le matin ou avant le coucher du soleil.","description":"Afin d'\u00e9viter les vents thermiques, les horaires de d\u00e9collage\u00a0des\u00a0montgolfi\u00e8re ont toujours lieu au lever ou avant le coucher du soleil \u00e0 l'heure o\u00f9 les lumi\u00e8res sont les plus belles.","robots":{"index":"index","follow":"follow","max-snippet":"max-snippet:-1","max-image-preview":"max-image-preview:large","max-video-preview":"max-video-preview:-1"},"canonical":"https:\/\/www.ipctours.com\/es\/les-horaires-de-decollage\/","og_locale":"fr_FR","og_type":"article","og_title":"les horaires de d\u00e9collage sont t\u00f4t le matin ou avant le coucher du soleil.","og_description":"Afin d'\u00e9viter les vents thermiques, les horaires de d\u00e9collage\u00a0des\u00a0montgolfi\u00e8re ont toujours lieu au lever ou avant le coucher du soleil \u00e0 l'heure o\u00f9 les lumi\u00e8res sont les plus belles.","og_url":"https:\/\/www.ipctours.com\/es\/les-horaires-de-decollage\/","og_site_name":"Aerocom Montgolfi\u00e8res","article_modified_time":"2018-09-18T09:22:12+00:00","og_image":[{"url":"http:\/\/www.ipctours.com\/es\/wp-content\/uploads\/2017\/11\/vol-montgolfiere-dessus-brume.jpg"}],"author":"administrateur","twitter_card":"summary","twitter_misc":{"Dur\u00e9e de lecture estim\u00e9e":"1 minute"},"schema":{"@context":"https:\/\/schema.org","@graph":[{"@type":"WebSite","@id":"https:\/\/www.ipctours.com\/es\/#website","url":"https:\/\/www.ipctours.com\/es\/","name":"Aerocom Montgolfi\u00e8res","description":"Loire et ch\u00e2teaux en montgolfi\u00e8re","potentialAction":[{"@type":"SearchAction","target":{"@type":"EntryPoint","urlTemplate":"https:\/\/www.ipctours.com\/es\/?s={search_term_string}"},"query-input":"required name=search_term_string"}],"inLanguage":"fr-FR"},{"@type":"ImageObject","inLanguage":"fr-FR","@id":"https:\/\/www.ipctours.com\/es\/les-horaires-de-decollage\/#primaryimage","url":"https:\/\/www.ipctours.com\/es\/wp-content\/uploads\/2017\/11\/vol-montgolfiere-dessus-brume.jpg","contentUrl":"https:\/\/www.ipctours.com\/es\/wp-content\/uploads\/2017\/11\/vol-montgolfiere-dessus-brume.jpg","width":500,"height":355,"caption":"Brume en montgolfi\u00e8re"},{"@type":"WebPage","@id":"https:\/\/www.ipctours.com\/es\/les-horaires-de-decollage\/#webpage","url":"https:\/\/www.ipctours.com\/es\/les-horaires-de-decollage\/","name":"les horaires de d\u00e9collage sont t\u00f4t le matin ou avant le coucher du soleil.","isPartOf":{"@id":"https:\/\/www.ipctours.com\/es\/#website"},"primaryImageOfPage":{"@id":"https:\/\/www.ipctours.com\/es\/les-horaires-de-decollage\/#primaryimage"},"datePublished":"2016-03-25T15:05:05+00:00","dateModified":"2018-09-18T09:22:12+00:00","description":"Afin d'\u00e9viter les vents thermiques, les horaires de d\u00e9collage\u00a0des\u00a0montgolfi\u00e8re ont toujours lieu au lever ou avant le coucher du soleil \u00e0 l'heure o\u00f9 les lumi\u00e8res sont les plus belles.","breadcrumb":{"@id":"https:\/\/www.ipctours.com\/es\/les-horaires-de-decollage\/#breadcrumb"},"inLanguage":"fr-FR","potentialAction":[{"@type":"ReadAction","target":["https:\/\/www.ipctours.com\/es\/les-horaires-de-decollage\/"]}]},{"@type":"BreadcrumbList","@id":"https:\/\/www.ipctours.com\/es\/les-horaires-de-decollage\/#breadcrumb","itemListElement":[{"@type":"ListItem","position":1,"name":"\u00bfA qu\u00e9 hora estamos volando?"}]}]}},"_links":{"self":[{"href":"https:\/\/www.ipctours.com\/es\/wp-json\/wp\/v2\/pages\/68"}],"collection":[{"href":"https:\/\/www.ipctours.com\/es\/wp-json\/wp\/v2\/pages"}],"about":[{"href":"https:\/\/www.ipctours.com\/es\/wp-json\/wp\/v2\/types\/page"}],"author":[{"embeddable":true,"href":"https:\/\/www.ipctours.com\/es\/wp-json\/wp\/v2\/users\/1"}],"replies":[{"embeddable":true,"href":"https:\/\/www.ipctours.com\/es\/wp-json\/wp\/v2\/comments?post=68"}],"version-history":[{"count":54,"href":"https:\/\/www.ipctours.com\/es\/wp-json\/wp\/v2\/pages\/68\/revisions"}],"predecessor-version":[{"id":2566,"href":"https:\/\/www.ipctours.com\/es\/wp-json\/wp\/v2\/pages\/68\/revisions\/2566"}],"wp:attachment":[{"href":"https:\/\/www.ipctours.com\/es\/wp-json\/wp\/v2\/media?parent=68"}],"curies":[{"name":"wp","href":"https:\/\/api.w.org\/{rel}","templated":true}]}}