{"id":39,"date":"2016-03-25T12:13:43","date_gmt":"2016-03-25T11:13:43","guid":{"rendered":"http:\/\/www.ipctours.com\/es\/?page_id=39"},"modified":"2018-09-18T10:28:19","modified_gmt":"2018-09-18T09:28:19","slug":"le-vol-en-montgolfiere","status":"publish","type":"page","link":"https:\/\/www.ipctours.com\/es\/le-vol-en-montgolfiere\/","title":{"rendered":"\u00bf Como se desarrolla su vuelo en globo aerost\u00e1tico ?"},"content":{"rendered":"<p style=\"text-align: justify;\">Testimonio de nuestros pasajeros: el vuelo en globo es un momento especial &#8230; El vuelo en globo es el silencio &#8230; la inmensidad &#8230; No es necesario el rendimiento f\u00edsico &#8230; No hay v\u00e9rtigos &#8230; \u00a1Volver\u00e1 conquistado!<\/p>\n<p style=\"text-align: justify;\">\u00a1Vuele en los globos de Aerocom y echa una otra mirada al Valle del Loira, sus castillos!<\/p>\n<p style=\"text-align: justify;\">Ha reservado y planificado su vuelo en globo. D\u00eda D, despu\u00e9s de una confirmaci\u00f3n telef\u00f3nica de las condiciones clim\u00e1ticas, nuestro equipo esperale en el momento y en el lugar acordados con buenos zapatos y un vestido casual. Se ha de notar que no estar\u00e1 m\u00e1s fr\u00edo en el aire que en el suelo.<\/p>\n<p style=\"text-align: center;\">Aqu\u00ed comienza un agradable intercambio de sensaciones, de aventura y de hospitalidad<\/p>\n<div class=\"col-md-4 col-sm-4\" style=\"padding: 10px;\"><img loading=\"lazy\" decoding=\"async\" class=\"alignnone wp-image-1473 size-full\" src=\"http:\/\/www.ipctours.com\/es\/wp-content\/uploads\/2017\/10\/decollage-montgolfiere-aerocom.jpg\" alt=\"Decollage Montgolfiere\" width=\"500\" height=\"355\" srcset=\"https:\/\/www.ipctours.com\/es\/wp-content\/uploads\/2017\/10\/decollage-montgolfiere-aerocom.jpg 500w, https:\/\/www.ipctours.com\/es\/wp-content\/uploads\/2017\/10\/decollage-montgolfiere-aerocom-300x213.jpg 300w\" sizes=\"(max-width: 500px) 100vw, 500px\" \/><\/div>\n<div class=\"col-md-4 col-sm-4\" style=\"padding: 10px;\"><img loading=\"lazy\" decoding=\"async\" class=\"alignnone wp-image-1768 size-full\" src=\"http:\/\/www.ipctours.com\/es\/wp-content\/uploads\/2017\/11\/envol-montgolfiere-aerocom.jpg\" alt=\"Envol montgolfiere Aerocom\" width=\"500\" height=\"355\" srcset=\"https:\/\/www.ipctours.com\/es\/wp-content\/uploads\/2017\/11\/envol-montgolfiere-aerocom.jpg 500w, https:\/\/www.ipctours.com\/es\/wp-content\/uploads\/2017\/11\/envol-montgolfiere-aerocom-300x213.jpg 300w\" sizes=\"(max-width: 500px) 100vw, 500px\" \/><\/div>\n<div class=\"col-md-4 col-sm-4\" style=\"padding: 10px;\"><img loading=\"lazy\" decoding=\"async\" class=\"alignnone wp-image-1766 size-full\" src=\"http:\/\/www.ipctours.com\/es\/wp-content\/uploads\/2017\/11\/depart-vol-montgolfiere.jpg\" alt=\"D\u00e9part du vol en montgolfi\u00e8re\" width=\"500\" height=\"355\" srcset=\"https:\/\/www.ipctours.com\/es\/wp-content\/uploads\/2017\/11\/depart-vol-montgolfiere.jpg 500w, https:\/\/www.ipctours.com\/es\/wp-content\/uploads\/2017\/11\/depart-vol-montgolfiere-300x213.jpg 300w\" sizes=\"(max-width: 500px) 100vw, 500px\" \/><\/div>\n<p style=\"text-align: justify;\">La aventura comienza con la preparaci\u00f3n del globo al que puede participar. Luego, la hinchaz\u00f3n del envoltorio &#8230; por el piloto. \u00a1Tan pronto como libera el largueur, se ha ido en el aire!<\/p>\n<div class=\"col-md-4 col-sm-4\" style=\"padding: 10px;\"><img loading=\"lazy\" decoding=\"async\" class=\"alignnone wp-image-1475 size-full\" src=\"http:\/\/www.ipctours.com\/es\/wp-content\/uploads\/2017\/10\/deroulement-vol-montgolfiere.jpg\" alt=\"D\u00e9roulement vol en montgolfiere\" width=\"500\" height=\"355\" srcset=\"https:\/\/www.ipctours.com\/es\/wp-content\/uploads\/2017\/10\/deroulement-vol-montgolfiere.jpg 500w, https:\/\/www.ipctours.com\/es\/wp-content\/uploads\/2017\/10\/deroulement-vol-montgolfiere-300x213.jpg 300w\" sizes=\"(max-width: 500px) 100vw, 500px\" \/><\/div>\n<div class=\"col-md-4 col-sm-4\" style=\"padding: 10px;\"><img loading=\"lazy\" decoding=\"async\" class=\"alignnone wp-image-1478 size-full\" src=\"http:\/\/www.ipctours.com\/es\/wp-content\/uploads\/2017\/10\/vol-montgolfiere-amboise.jpg\" alt=\"Vol en montgolfiere au dessus d'Amboise\" width=\"500\" height=\"355\" srcset=\"https:\/\/www.ipctours.com\/es\/wp-content\/uploads\/2017\/10\/vol-montgolfiere-amboise.jpg 500w, https:\/\/www.ipctours.com\/es\/wp-content\/uploads\/2017\/10\/vol-montgolfiere-amboise-300x213.jpg 300w\" sizes=\"(max-width: 500px) 100vw, 500px\" \/><\/div>\n<div class=\"col-md-4 col-sm-4\" style=\"padding: 10px;\"><img loading=\"lazy\" decoding=\"async\" class=\"alignnone wp-image-1477 size-full\" src=\"http:\/\/www.ipctours.com\/es\/wp-content\/uploads\/2017\/10\/montgolfiere-chateau-de-la-loire.jpg\" alt=\"Vol au dessus des ch\u00e2teaux de la loire\" width=\"500\" height=\"355\" srcset=\"https:\/\/www.ipctours.com\/es\/wp-content\/uploads\/2017\/10\/montgolfiere-chateau-de-la-loire.jpg 500w, https:\/\/www.ipctours.com\/es\/wp-content\/uploads\/2017\/10\/montgolfiere-chateau-de-la-loire-300x213.jpg 300w\" sizes=\"(max-width: 500px) 100vw, 500px\" \/><\/div>\n<p style=\"text-align: justify;\">El vuelo se realiza en el curso del viento durante una hora, es \u00e9l que decide la distancia y la direcci\u00f3n que toma su globo. En el balc\u00f3n del cielo, disfruta de este momento privilegiado en el silencio y la plenitud que se ven interrumpidos por el sonido del quemador &#8230; un castillo, un corzo, \u00a1una nueva visi\u00f3n de nuestro entorno !<\/p>\n<div class=\"col-md-4 col-sm-4\" style=\"padding: 10px;\"><img loading=\"lazy\" decoding=\"async\" class=\"alignnone wp-image-1770 size-full\" src=\"http:\/\/www.ipctours.com\/es\/wp-content\/uploads\/2017\/11\/atterrissage-vol-montgolfiere.jpg\" alt=\"Atterrissage Montgolfi\u00e8re\" width=\"500\" height=\"355\" srcset=\"https:\/\/www.ipctours.com\/es\/wp-content\/uploads\/2017\/11\/atterrissage-vol-montgolfiere.jpg 500w, https:\/\/www.ipctours.com\/es\/wp-content\/uploads\/2017\/11\/atterrissage-vol-montgolfiere-300x213.jpg 300w\" sizes=\"(max-width: 500px) 100vw, 500px\" \/><\/div>\n<div class=\"col-md-4 col-sm-4\" style=\"padding: 10px;\"><img loading=\"lazy\" decoding=\"async\" class=\"alignnone wp-image-1771 size-full\" src=\"http:\/\/www.ipctours.com\/es\/wp-content\/uploads\/2017\/11\/equipe-aerocom.jpg\" alt=\"L'\u00e9quipe A\u00e9rocom Montgolfi\u00e8re\" width=\"500\" height=\"355\" srcset=\"https:\/\/www.ipctours.com\/es\/wp-content\/uploads\/2017\/11\/equipe-aerocom.jpg 500w, https:\/\/www.ipctours.com\/es\/wp-content\/uploads\/2017\/11\/equipe-aerocom-300x213.jpg 300w\" sizes=\"(max-width: 500px) 100vw, 500px\" \/><\/div>\n<div class=\"col-md-4 col-sm-4\" style=\"padding: 10px;\"><img loading=\"lazy\" decoding=\"async\" class=\"alignnone wp-image-1772 size-full\" src=\"http:\/\/www.ipctours.com\/es\/wp-content\/uploads\/2017\/11\/montgolfiere-aerocom.jpg\" alt=\"Montgolfi\u00e8res\" width=\"500\" height=\"355\" srcset=\"https:\/\/www.ipctours.com\/es\/wp-content\/uploads\/2017\/11\/montgolfiere-aerocom.jpg 500w, https:\/\/www.ipctours.com\/es\/wp-content\/uploads\/2017\/11\/montgolfiere-aerocom-300x213.jpg 300w\" sizes=\"(max-width: 500px) 100vw, 500px\" \/><\/div>\n<p style=\"text-align: justify;\">Durante su vuelo, el equipo en 4 \u00d7 4 est\u00e1 listo para seguir el camino del globo en comunicaci\u00f3n radio con el piloto. \u00a1En el globo, el piloto no sabe en el momento del despegue la zona del aterrizaje! A lo largo del recorrido, estar\u00e1 atento a todos los elementos, el clima, la altitud &#8230; y su experiencia le permitir\u00e1 apreciar su vuelo y anticipar en el terreno m\u00e1s adaptado para poner.<\/p>\n<div class=\"col-md-4 col-sm-4\" style=\"padding: 10px;\"><img loading=\"lazy\" decoding=\"async\" class=\"alignnone wp-image-1472 size-full\" src=\"http:\/\/www.ipctours.com\/es\/wp-content\/uploads\/2017\/10\/aercom-preparation-vol.jpg\" alt=\"Pr\u00e9paration vol en montgolfi\u00e8re\" width=\"500\" height=\"355\" srcset=\"https:\/\/www.ipctours.com\/es\/wp-content\/uploads\/2017\/10\/aercom-preparation-vol.jpg 500w, https:\/\/www.ipctours.com\/es\/wp-content\/uploads\/2017\/10\/aercom-preparation-vol-300x213.jpg 300w\" sizes=\"(max-width: 500px) 100vw, 500px\" \/><\/div>\n<div class=\"col-md-4 col-sm-4\" style=\"padding: 10px;\"><img loading=\"lazy\" decoding=\"async\" class=\"alignnone wp-image-1479 size-full\" src=\"http:\/\/www.ipctours.com\/es\/wp-content\/uploads\/2017\/10\/vol-montgolfiere-famille.jpg\" alt=\"Vol montgolfiere en famille\" width=\"500\" height=\"355\" srcset=\"https:\/\/www.ipctours.com\/es\/wp-content\/uploads\/2017\/10\/vol-montgolfiere-famille.jpg 500w, https:\/\/www.ipctours.com\/es\/wp-content\/uploads\/2017\/10\/vol-montgolfiere-famille-300x213.jpg 300w\" sizes=\"(max-width: 500px) 100vw, 500px\" \/><\/div>\n<div class=\"col-md-4 col-sm-4\" style=\"padding: 10px;\"><img loading=\"lazy\" decoding=\"async\" class=\"alignnone wp-image-1471 size-full\" src=\"http:\/\/www.ipctours.com\/es\/wp-content\/uploads\/2017\/10\/aercom-pique-nique.jpg\" alt=\"Touraine Mesland\" width=\"500\" height=\"355\" srcset=\"https:\/\/www.ipctours.com\/es\/wp-content\/uploads\/2017\/10\/aercom-pique-nique.jpg 500w, https:\/\/www.ipctours.com\/es\/wp-content\/uploads\/2017\/10\/aercom-pique-nique-300x213.jpg 300w\" sizes=\"(max-width: 500px) 100vw, 500px\" \/><\/div>\n<p style=\"text-align: justify;\">Al aterrizaje, el globo est\u00e1 doblado juntos. Encantados con esta hermosa escapada y esta hospitalidad, su piloto y el equipo celebran el evento entregando su diploma de ascensi\u00f3n y una copa de burbujas finas de Touraine Mesland. La aventura se acaba por desgracia &#8230; El 4 \u00d7 4 vuelve a llevar a todos hasta el punto de partida.<\/p>\n","protected":false},"excerpt":{"rendered":"<p>Testimonio de nuestros pasajeros: el vuelo en globo es un momento especial &#8230; El vuelo en globo es el silencio &#8230; la inmensidad &#8230; No es necesario el rendimiento f\u00edsico &#8230; No hay v\u00e9rtigos &#8230; \u00a1Volver\u00e1 conquistado! \u00a1Vuele en los globos de Aerocom y echa una otra mirada al Valle del Loira, sus castillos! Ha [&hellip;]<\/p>\n","protected":false},"author":1,"featured_media":0,"parent":0,"menu_order":0,"comment_status":"closed","ping_status":"closed","template":"","meta":{"footnotes":""},"yoast_head":"<!-- This site is optimized with the Yoast SEO plugin v19.2 - https:\/\/yoast.com\/wordpress\/plugins\/seo\/ -->\n<title>le vol en montgolfi\u00e8re d&#039;A\u00e9rocom : sensations aventure convivialit\u00e9<\/title>\n<meta name=\"description\" content=\"le vol en montgolfi\u00e8re, c&#039;est un bel \u00e9change de sensations, d&#039;aventure et de convivialit\u00e9, on n&#039;a pas le vertige et on en revient tr\u00e8s zen... t\u00e9moignage d&#039;un passager...\" \/>\n<meta name=\"robots\" content=\"index, follow, max-snippet:-1, max-image-preview:large, max-video-preview:-1\" \/>\n<link rel=\"canonical\" href=\"https:\/\/www.ipctours.com\/es\/le-vol-en-montgolfiere\/\" \/>\n<meta property=\"og:locale\" content=\"fr_FR\" \/>\n<meta property=\"og:type\" content=\"article\" \/>\n<meta property=\"og:title\" content=\"le vol en montgolfi\u00e8re d&#039;A\u00e9rocom : sensations aventure convivialit\u00e9\" \/>\n<meta property=\"og:description\" content=\"le vol en montgolfi\u00e8re, c&#039;est un bel \u00e9change de sensations, d&#039;aventure et de convivialit\u00e9, on n&#039;a pas le vertige et on en revient tr\u00e8s zen... t\u00e9moignage d&#039;un passager...\" \/>\n<meta property=\"og:url\" content=\"https:\/\/www.ipctours.com\/es\/le-vol-en-montgolfiere\/\" \/>\n<meta property=\"og:site_name\" content=\"Aerocom Montgolfi\u00e8res\" \/>\n<meta property=\"article:modified_time\" content=\"2018-09-18T09:28:19+00:00\" \/>\n<meta property=\"og:image\" content=\"http:\/\/www.ipctours.com\/es\/wp-content\/uploads\/2017\/10\/decollage-montgolfiere-aerocom.jpg\" \/>\n<meta name=\"author\" content=\"administrateur\" \/>\n<meta name=\"twitter:card\" content=\"summary\" \/>\n<meta name=\"twitter:label1\" content=\"Dur\u00e9e de lecture estim\u00e9e\" \/>\n\t<meta name=\"twitter:data1\" content=\"2 minutes\" \/>\n<script type=\"application\/ld+json\" class=\"yoast-schema-graph\">{\"@context\":\"https:\/\/schema.org\",\"@graph\":[{\"@type\":\"WebSite\",\"@id\":\"https:\/\/www.ipctours.com\/es\/#website\",\"url\":\"https:\/\/www.ipctours.com\/es\/\",\"name\":\"Aerocom Montgolfi\u00e8res\",\"description\":\"Loire et ch\u00e2teaux en montgolfi\u00e8re\",\"potentialAction\":[{\"@type\":\"SearchAction\",\"target\":{\"@type\":\"EntryPoint\",\"urlTemplate\":\"https:\/\/www.ipctours.com\/es\/?s={search_term_string}\"},\"query-input\":\"required name=search_term_string\"}],\"inLanguage\":\"fr-FR\"},{\"@type\":\"ImageObject\",\"inLanguage\":\"fr-FR\",\"@id\":\"https:\/\/www.ipctours.com\/es\/le-vol-en-montgolfiere\/#primaryimage\",\"url\":\"https:\/\/www.ipctours.com\/es\/wp-content\/uploads\/2017\/10\/decollage-montgolfiere-aerocom.jpg\",\"contentUrl\":\"https:\/\/www.ipctours.com\/es\/wp-content\/uploads\/2017\/10\/decollage-montgolfiere-aerocom.jpg\",\"width\":500,\"height\":355,\"caption\":\"Decollage Montgolfiere\"},{\"@type\":\"WebPage\",\"@id\":\"https:\/\/www.ipctours.com\/es\/le-vol-en-montgolfiere\/#webpage\",\"url\":\"https:\/\/www.ipctours.com\/es\/le-vol-en-montgolfiere\/\",\"name\":\"le vol en montgolfi\u00e8re d'A\u00e9rocom : sensations aventure convivialit\u00e9\",\"isPartOf\":{\"@id\":\"https:\/\/www.ipctours.com\/es\/#website\"},\"primaryImageOfPage\":{\"@id\":\"https:\/\/www.ipctours.com\/es\/le-vol-en-montgolfiere\/#primaryimage\"},\"datePublished\":\"2016-03-25T11:13:43+00:00\",\"dateModified\":\"2018-09-18T09:28:19+00:00\",\"description\":\"le vol en montgolfi\u00e8re, c'est un bel \u00e9change de sensations, d'aventure et de convivialit\u00e9, on n'a pas le vertige et on en revient tr\u00e8s zen... t\u00e9moignage d'un passager...\",\"breadcrumb\":{\"@id\":\"https:\/\/www.ipctours.com\/es\/le-vol-en-montgolfiere\/#breadcrumb\"},\"inLanguage\":\"fr-FR\",\"potentialAction\":[{\"@type\":\"ReadAction\",\"target\":[\"https:\/\/www.ipctours.com\/es\/le-vol-en-montgolfiere\/\"]}]},{\"@type\":\"BreadcrumbList\",\"@id\":\"https:\/\/www.ipctours.com\/es\/le-vol-en-montgolfiere\/#breadcrumb\",\"itemListElement\":[{\"@type\":\"ListItem\",\"position\":1,\"name\":\"\u00bf Como se desarrolla su vuelo en globo aerost\u00e1tico ?\"}]}]}<\/script>\n<!-- \/ Yoast SEO plugin. -->","yoast_head_json":{"title":"le vol en montgolfi\u00e8re d'A\u00e9rocom : sensations aventure convivialit\u00e9","description":"le vol en montgolfi\u00e8re, c'est un bel \u00e9change de sensations, d'aventure et de convivialit\u00e9, on n'a pas le vertige et on en revient tr\u00e8s zen... t\u00e9moignage d'un passager...","robots":{"index":"index","follow":"follow","max-snippet":"max-snippet:-1","max-image-preview":"max-image-preview:large","max-video-preview":"max-video-preview:-1"},"canonical":"https:\/\/www.ipctours.com\/es\/le-vol-en-montgolfiere\/","og_locale":"fr_FR","og_type":"article","og_title":"le vol en montgolfi\u00e8re d'A\u00e9rocom : sensations aventure convivialit\u00e9","og_description":"le vol en montgolfi\u00e8re, c'est un bel \u00e9change de sensations, d'aventure et de convivialit\u00e9, on n'a pas le vertige et on en revient tr\u00e8s zen... t\u00e9moignage d'un passager...","og_url":"https:\/\/www.ipctours.com\/es\/le-vol-en-montgolfiere\/","og_site_name":"Aerocom Montgolfi\u00e8res","article_modified_time":"2018-09-18T09:28:19+00:00","og_image":[{"url":"http:\/\/www.ipctours.com\/es\/wp-content\/uploads\/2017\/10\/decollage-montgolfiere-aerocom.jpg"}],"author":"administrateur","twitter_card":"summary","twitter_misc":{"Dur\u00e9e de lecture estim\u00e9e":"2 minutes"},"schema":{"@context":"https:\/\/schema.org","@graph":[{"@type":"WebSite","@id":"https:\/\/www.ipctours.com\/es\/#website","url":"https:\/\/www.ipctours.com\/es\/","name":"Aerocom Montgolfi\u00e8res","description":"Loire et ch\u00e2teaux en montgolfi\u00e8re","potentialAction":[{"@type":"SearchAction","target":{"@type":"EntryPoint","urlTemplate":"https:\/\/www.ipctours.com\/es\/?s={search_term_string}"},"query-input":"required name=search_term_string"}],"inLanguage":"fr-FR"},{"@type":"ImageObject","inLanguage":"fr-FR","@id":"https:\/\/www.ipctours.com\/es\/le-vol-en-montgolfiere\/#primaryimage","url":"https:\/\/www.ipctours.com\/es\/wp-content\/uploads\/2017\/10\/decollage-montgolfiere-aerocom.jpg","contentUrl":"https:\/\/www.ipctours.com\/es\/wp-content\/uploads\/2017\/10\/decollage-montgolfiere-aerocom.jpg","width":500,"height":355,"caption":"Decollage Montgolfiere"},{"@type":"WebPage","@id":"https:\/\/www.ipctours.com\/es\/le-vol-en-montgolfiere\/#webpage","url":"https:\/\/www.ipctours.com\/es\/le-vol-en-montgolfiere\/","name":"le vol en montgolfi\u00e8re d'A\u00e9rocom : sensations aventure convivialit\u00e9","isPartOf":{"@id":"https:\/\/www.ipctours.com\/es\/#website"},"primaryImageOfPage":{"@id":"https:\/\/www.ipctours.com\/es\/le-vol-en-montgolfiere\/#primaryimage"},"datePublished":"2016-03-25T11:13:43+00:00","dateModified":"2018-09-18T09:28:19+00:00","description":"le vol en montgolfi\u00e8re, c'est un bel \u00e9change de sensations, d'aventure et de convivialit\u00e9, on n'a pas le vertige et on en revient tr\u00e8s zen... t\u00e9moignage d'un passager...","breadcrumb":{"@id":"https:\/\/www.ipctours.com\/es\/le-vol-en-montgolfiere\/#breadcrumb"},"inLanguage":"fr-FR","potentialAction":[{"@type":"ReadAction","target":["https:\/\/www.ipctours.com\/es\/le-vol-en-montgolfiere\/"]}]},{"@type":"BreadcrumbList","@id":"https:\/\/www.ipctours.com\/es\/le-vol-en-montgolfiere\/#breadcrumb","itemListElement":[{"@type":"ListItem","position":1,"name":"\u00bf Como se desarrolla su vuelo en globo aerost\u00e1tico ?"}]}]}},"_links":{"self":[{"href":"https:\/\/www.ipctours.com\/es\/wp-json\/wp\/v2\/pages\/39"}],"collection":[{"href":"https:\/\/www.ipctours.com\/es\/wp-json\/wp\/v2\/pages"}],"about":[{"href":"https:\/\/www.ipctours.com\/es\/wp-json\/wp\/v2\/types\/page"}],"author":[{"embeddable":true,"href":"https:\/\/www.ipctours.com\/es\/wp-json\/wp\/v2\/users\/1"}],"replies":[{"embeddable":true,"href":"https:\/\/www.ipctours.com\/es\/wp-json\/wp\/v2\/comments?post=39"}],"version-history":[{"count":89,"href":"https:\/\/www.ipctours.com\/es\/wp-json\/wp\/v2\/pages\/39\/revisions"}],"predecessor-version":[{"id":2567,"href":"https:\/\/www.ipctours.com\/es\/wp-json\/wp\/v2\/pages\/39\/revisions\/2567"}],"wp:attachment":[{"href":"https:\/\/www.ipctours.com\/es\/wp-json\/wp\/v2\/media?parent=39"}],"curies":[{"name":"wp","href":"https:\/\/api.w.org\/{rel}","templated":true}]}}