{"id":381,"date":"2016-03-29T16:52:34","date_gmt":"2016-03-29T15:52:34","guid":{"rendered":"http:\/\/www.ipctours.com\/es\/?page_id=381"},"modified":"2018-09-21T11:30:21","modified_gmt":"2018-09-21T10:30:21","slug":"qui-sommes-nous-2","status":"publish","type":"page","link":"https:\/\/www.ipctours.com\/es\/qui-sommes-nous-2\/","title":{"rendered":"A prop\u00f3sito de A\u00e9rocom y su equipo &#8230;"},"content":{"rendered":"<p style=\"text-align: justify;\">A\u00e9rocom Montgolfi\u00e8res es la convicci\u00f3n de un apasionado, Bruno PAREY, que hizo de su ocio su profesi\u00f3n.<\/p>\n<p style=\"text-align: justify;\">A\u00e9rocom existe desde 1994, el nombre asocia Aeron\u00e1utica y Comunicaci\u00f3n porque al principio, la actividad en la comunicaci\u00f3n ocupaba todo el tiempo del dirigente, Bruno PAREY. Apasionado por el globo aerost\u00e1tico que hab\u00eda practicado durante 10 a\u00f1os, se embarca en aire en 1998 como profesional organizando vuelos en el Valle del Loira, as\u00ed como operaciones de promoci\u00f3n con globos. A\u00e9rocom luego se convirti\u00f3 en A\u00e9rocom Montgolfi\u00e8res obtenendo la aprobaci\u00f3n de Transportador a\u00e9reo emitida por la Aviaci\u00f3n Civil.<\/p>\n<p style=\"text-align: justify;\">La empresa se situa entre Blois y Amboise, frente al castillo de Chaumont-sur-Loire, a lo largo del Loira, declarado Patrimonio de la Humanidad por la UNESCO.<\/p>\n<h2 style=\"text-align: center;\">Y actividades asociadas &#8230;<\/h2>\n<p style=\"text-align: justify;\">En 2004, A\u00e9rocom Montgolfi\u00e8res se convirti\u00f3 en el importador exclusivo\u00a0<a href=\"http:\/\/www.ultramagicfrance.com\" target=\"_blank\" rel=\"noopener\">www.ultramagicfrance.com<\/a> para los globos aerost\u00e1ticos de Francia Ultramagic, l\u00edder mundial en innovaci\u00f3n. La flota de A\u00e9rocom est\u00e1 siempre a la punta tecnolog\u00eda de su fabricante. A la fecha, A\u00e9rocom ha vendido m\u00e1s de 100 globos Ultramagic en el mercado franc\u00e9s.<br \/>\nPara garantizar el control y el mantenimiento de estas aeronaves, A\u00e9rocom Montgolfi\u00e8res se convierte en 2006 en un taller aprobado por la Aviaci\u00f3n Civil.<br \/>\nEn 2007, Aerocom implantado en Blois se desplaza a Onzain, frente a Chaumont-sur-Loire y su magn\u00edfico castillo con vistas al Loira. Bruno y su esposa V\u00e9ronique restauran una antigua bodega para crear las habitaci\u00f3nes de hu\u00e9spedes l\u2019Envol,\u00a0<a href=\"http:\/\/www.dormirenvol.fr\" target=\"_blank\" rel=\"noopener\">www.dormirenvol.fr<\/a>\u00a0 permitiendo a los pasajeros alojarse y descubrir el pa\u00eds de los castillos.<\/p>\n<h2 style=\"text-align: center;\">Un equipo de apasionados<\/h2>\n<h2 style=\"text-align: center;\"><strong>Al principio, es un hobby que se convierte en pasi\u00f3n y luego en trabajo<\/strong><\/h2>\n<p>&nbsp;<\/p>\n<div class=\"col-md-12\" style=\"padding: 0px;\">\n<div class=\"col-md-4\"><img loading=\"lazy\" decoding=\"async\" class=\"alignnone wp-image-1518 size-full\" src=\"http:\/\/www.ipctours.com\/es\/wp-content\/uploads\/2017\/10\/bruno-parey-aerocom-montgolfiere.jpg\" alt=\"Bruno Parey \" width=\"500\" height=\"355\" srcset=\"https:\/\/www.ipctours.com\/es\/wp-content\/uploads\/2017\/10\/bruno-parey-aerocom-montgolfiere.jpg 500w, https:\/\/www.ipctours.com\/es\/wp-content\/uploads\/2017\/10\/bruno-parey-aerocom-montgolfiere-300x213.jpg 300w\" sizes=\"(max-width: 500px) 100vw, 500px\" \/><\/div>\n<div class=\"col-md-8\">\n<h3 style=\"margin-top: 0;\"><strong>Bruno PAREY<\/strong> &#8211; Director y piloto<\/h3>\n<p style=\"text-align: justify;\">Piloto desde 1989, instructor piloto en 1994, su pasi\u00f3n no lo deja.<br \/>\nCompetidor en 11 campeonatos de Francia. M\u00e1s de 3.000 horas de vuelo en Francia y Europa, pero tambi\u00e9n en reuniones en T\u00fanez, Canad\u00e1 y M\u00e9xico. 300 horas de vuelo en los Alpes, incluido un vuelo sobre el Mont Blanc a 6250 m para la emisi\u00f3n Ushuaia en 1993.<br \/>\nEn 2000, crea veinte globos acogedores, Montgolfiades de Blois. 5 ediciones se suceder\u00e1n. Seguido en 2010 por la reuni\u00f3n \u00ab\u00a0Ballons de l&rsquo;Espoir\u00a0\u00bb para que los ni\u00f1os enfermos vuelen con el Club 41 Salamandre y la Biscuiterie Saint-Michel. La ciudad de Blois entonces de la Comunidad Agglo y la Region Centre le confiaron el manejo de su globo.<\/p>\n<\/div>\n<\/div>\n<p>&nbsp;<\/p>\n<div class=\"col-md-12\" style=\"padding: 0px; margin-top: 15px;\">\n<div class=\"col-md-3\"><img loading=\"lazy\" decoding=\"async\" class=\"alignnone wp-image-1520 size-full\" src=\"http:\/\/www.ipctours.com\/es\/wp-content\/uploads\/2017\/10\/federico-miceli-aerocom-montgolfiere.jpg\" alt=\"F\u00e9d\u00e9rico Miceli\" width=\"500\" height=\"355\" srcset=\"https:\/\/www.ipctours.com\/es\/wp-content\/uploads\/2017\/10\/federico-miceli-aerocom-montgolfiere.jpg 500w, https:\/\/www.ipctours.com\/es\/wp-content\/uploads\/2017\/10\/federico-miceli-aerocom-montgolfiere-300x213.jpg 300w\" sizes=\"(max-width: 500px) 100vw, 500px\" \/><\/div>\n<div class=\"col-md-3\">\n<h3 style=\"margin-top: 0;\"><strong>F\u00e9d\u00e9rico MICELI<\/strong> &#8211; Primer piloto<\/h3>\n<p style=\"text-align: justify;\">Originario del Valle de Aosta en Italia, naci\u00f3 en una familia de globos aerost\u00e1ticos.<br \/>\nPiloto Instructor desde 2003, m\u00e1s de 2.500 horas de vuelo. Doble Campe\u00f3n de Globo de Italia en 2014 y 2015. Seleccionado en el Campeonato Mundial de Jap\u00f3n en 2016. \u00a1La canasta es su segundo hogar! Desde 2008, Jefe piloto en A\u00e9rocom, ha compartido con talento su pasi\u00f3n a lo largo de los vuelos.<\/p>\n<\/div>\n<div class=\"col-md-3\"><img loading=\"lazy\" decoding=\"async\" class=\"alignnone wp-image-1825 size-full\" src=\"http:\/\/www.ipctours.com\/es\/wp-content\/uploads\/2017\/11\/laurence-fauvin-aerocom-montgolfiere.jpg\" alt=\"Laurence Fauvin\" width=\"500\" height=\"355\" srcset=\"https:\/\/www.ipctours.com\/es\/wp-content\/uploads\/2017\/11\/laurence-fauvin-aerocom-montgolfiere.jpg 500w, https:\/\/www.ipctours.com\/es\/wp-content\/uploads\/2017\/11\/laurence-fauvin-aerocom-montgolfiere-300x213.jpg 300w\" sizes=\"(max-width: 500px) 100vw, 500px\" \/><\/div>\n<div class=\"col-md-3\">\n<h3 style=\"margin-top: 0;\"><strong>Laurence FAUVIN\u00a0<\/strong>&#8211; Asistente Comercial y Piloto<\/h3>\n<p style=\"text-align: justify;\">Una acogida telef\u00f3nica durante todo el a\u00f1o para informar a los futuros pasajeros ya que es piloto desde 2006. En colaboraci\u00f3n con Bruno para la gesti\u00f3n del taller y la venta de globos aerost\u00e1ticos Ultramagic, tiene un conocimiento perfecto del mundo del globo. Participa en muchas reuniones aeron\u00e1uticas.<\/p>\n<\/div>\n<\/div>\n<div class=\"col-md-12\" style=\"padding: 0px; margin-top: 15px;\">\n<div class=\"col-md-3\"><img loading=\"lazy\" decoding=\"async\" class=\"alignnone wp-image-1826 size-full\" src=\"http:\/\/www.ipctours.com\/es\/wp-content\/uploads\/2017\/11\/veronique-parey-aerocom-montgolfiere.jpg\" alt=\"V\u00e9ronique Parey\" width=\"500\" height=\"355\" srcset=\"https:\/\/www.ipctours.com\/es\/wp-content\/uploads\/2017\/11\/veronique-parey-aerocom-montgolfiere.jpg 500w, https:\/\/www.ipctours.com\/es\/wp-content\/uploads\/2017\/11\/veronique-parey-aerocom-montgolfiere-300x213.jpg 300w\" sizes=\"(max-width: 500px) 100vw, 500px\" \/><\/div>\n<div class=\"col-md-3\">\n<h3 style=\"margin-top: 0;\"><strong>V\u00e9ronique PAREY<\/strong> &#8211;\u00a0Asistente administrativa de A\u00e9rocom<\/h3>\n<p style=\"text-align: justify;\">La esposa de Bruno, que est\u00e1 a cargo de la gesti\u00f3n administrativa de A\u00e9rocom. En temporada, administra las habitaciones l\u2019Envol y ofrece consejos y buenas direcciones en el Loira y sus castillos con los pasajeros alojados en el lugar.<\/p>\n<\/div>\n<div class=\"col-md-3\"><img loading=\"lazy\" decoding=\"async\" class=\"alignnone wp-image-1827 size-full\" src=\"http:\/\/www.ipctours.com\/es\/wp-content\/uploads\/2017\/11\/christophe-petit-aerocom-montgolfiere.jpg\" alt=\"Christophe Petit\" width=\"500\" height=\"355\" srcset=\"https:\/\/www.ipctours.com\/es\/wp-content\/uploads\/2017\/11\/christophe-petit-aerocom-montgolfiere.jpg 500w, https:\/\/www.ipctours.com\/es\/wp-content\/uploads\/2017\/11\/christophe-petit-aerocom-montgolfiere-300x213.jpg 300w\" sizes=\"(max-width: 500px) 100vw, 500px\" \/><\/div>\n<div class=\"col-md-3\">\n<h3 style=\"margin-top: 0;\"><strong>Christophe PETIT<\/strong> &#8211;\u00a0Compa\u00f1ero de equipo<\/h3>\n<p style=\"text-align: justify;\">Fiel desde la creaci\u00f3n de Aerocom, es el Mac Gyver de A\u00e9rocom, siempre disponible para seguir los globos y reparar &#8230; todo lo que se reparalos.<\/p>\n<\/div>\n<\/div>\n<p>&nbsp;<\/p>\n<p style=\"text-align: center;\"><strong>\u00a1Selfie del caluroso equipo de A\u00e9rocom despu\u00e9s del vuelo!<\/strong><\/p>\n<p style=\"text-align: center;\">* F\u00e9d\u00e9rico, Christophe, Guy, Maxim, J\u00e9r\u00f4me, Fran\u00e7ois, Samuel, Laurence, Tiphanie, Bruno y Mathieu<\/p>\n<p style=\"text-align: center;\">*de izquierda a derecha<\/p>\n<p><img loading=\"lazy\" decoding=\"async\" class=\"aligncenter wp-image-1515 size-full\" src=\"http:\/\/www.ipctours.com\/es\/wp-content\/uploads\/2017\/10\/equipe-aerocom-montgolfiere.jpg\" alt=\"L'\u00e9quipe d'A\u00e9rocom Montgolfi\u00e8re\" width=\"720\" height=\"447\" srcset=\"https:\/\/www.ipctours.com\/es\/wp-content\/uploads\/2017\/10\/equipe-aerocom-montgolfiere.jpg 720w, https:\/\/www.ipctours.com\/es\/wp-content\/uploads\/2017\/10\/equipe-aerocom-montgolfiere-300x186.jpg 300w\" sizes=\"(max-width: 720px) 100vw, 720px\" \/><\/p>\n<p>&nbsp;<\/p>\n<p style=\"text-align: justify;\">A\u00e9rocom Montgolfi\u00e8re es titular de la licencia de mantenimiento de aeronaves nacional (categor\u00eda globo aerost\u00e1tico) \/ certificado de aprobaci\u00f3n de la organizaci\u00f3n de mantenimiento n\u00ba FR.MF.210 .\/ del certificado de homologaci\u00f3n de la agencia de gesti\u00f3n Aeronavegabilidad No. FR.MG.419. Certificado de transportador a\u00e9reo CTA No. F-O 046.<\/p>\n","protected":false},"excerpt":{"rendered":"<p>A\u00e9rocom Montgolfi\u00e8res es la convicci\u00f3n de un apasionado, Bruno PAREY, que hizo de su ocio su profesi\u00f3n. A\u00e9rocom existe desde 1994, el nombre asocia Aeron\u00e1utica y Comunicaci\u00f3n porque al principio, la actividad en la comunicaci\u00f3n ocupaba todo el tiempo del dirigente, Bruno PAREY. Apasionado por el globo aerost\u00e1tico que hab\u00eda practicado durante 10 a\u00f1os, se [&hellip;]<\/p>\n","protected":false},"author":1,"featured_media":0,"parent":0,"menu_order":0,"comment_status":"closed","ping_status":"closed","template":"","meta":{"footnotes":""},"yoast_head":"<!-- This site is optimized with the Yoast SEO plugin v19.2 - https:\/\/yoast.com\/wordpress\/plugins\/seo\/ -->\n<title>A\u00e9rocom Montgolfi\u00e8res une \u00e9quipe de passionn\u00e9s qui ont fait de leur loisir une profession<\/title>\n<meta name=\"description\" content=\"A\u00e9rocom Montgolfi\u00e8res, c&#039;est la conviction d&#039;un passionn\u00e9, Bruno PAREY,\u00a0 qui a fait de son loisir sa profession.\u00a0\" \/>\n<meta name=\"robots\" content=\"index, follow, max-snippet:-1, max-image-preview:large, max-video-preview:-1\" \/>\n<link rel=\"canonical\" href=\"https:\/\/www.ipctours.com\/es\/qui-sommes-nous-2\/\" \/>\n<meta property=\"og:locale\" content=\"fr_FR\" \/>\n<meta property=\"og:type\" content=\"article\" \/>\n<meta property=\"og:title\" content=\"A\u00e9rocom Montgolfi\u00e8res une \u00e9quipe de passionn\u00e9s qui ont fait de leur loisir une profession\" \/>\n<meta property=\"og:description\" content=\"A\u00e9rocom Montgolfi\u00e8res, c&#039;est la conviction d&#039;un passionn\u00e9, Bruno PAREY,\u00a0 qui a fait de son loisir sa profession.\u00a0\" \/>\n<meta property=\"og:url\" content=\"https:\/\/www.ipctours.com\/es\/qui-sommes-nous-2\/\" \/>\n<meta property=\"og:site_name\" content=\"Aerocom Montgolfi\u00e8res\" \/>\n<meta property=\"article:modified_time\" content=\"2018-09-21T10:30:21+00:00\" \/>\n<meta property=\"og:image\" content=\"http:\/\/www.ipctours.com\/es\/wp-content\/uploads\/2017\/10\/bruno-parey-aerocom-montgolfiere.jpg\" \/>\n<meta name=\"author\" content=\"administrateur\" \/>\n<meta name=\"twitter:card\" content=\"summary\" \/>\n<meta name=\"twitter:label1\" content=\"Dur\u00e9e de lecture estim\u00e9e\" \/>\n\t<meta name=\"twitter:data1\" content=\"4 minutes\" \/>\n<script type=\"application\/ld+json\" class=\"yoast-schema-graph\">{\"@context\":\"https:\/\/schema.org\",\"@graph\":[{\"@type\":\"WebSite\",\"@id\":\"https:\/\/www.ipctours.com\/es\/#website\",\"url\":\"https:\/\/www.ipctours.com\/es\/\",\"name\":\"Aerocom Montgolfi\u00e8res\",\"description\":\"Loire et ch\u00e2teaux en montgolfi\u00e8re\",\"potentialAction\":[{\"@type\":\"SearchAction\",\"target\":{\"@type\":\"EntryPoint\",\"urlTemplate\":\"https:\/\/www.ipctours.com\/es\/?s={search_term_string}\"},\"query-input\":\"required name=search_term_string\"}],\"inLanguage\":\"fr-FR\"},{\"@type\":\"ImageObject\",\"inLanguage\":\"fr-FR\",\"@id\":\"https:\/\/www.ipctours.com\/es\/qui-sommes-nous-2\/#primaryimage\",\"url\":\"https:\/\/www.ipctours.com\/es\/wp-content\/uploads\/2017\/10\/bruno-parey-aerocom-montgolfiere.jpg\",\"contentUrl\":\"https:\/\/www.ipctours.com\/es\/wp-content\/uploads\/2017\/10\/bruno-parey-aerocom-montgolfiere.jpg\",\"width\":500,\"height\":355,\"caption\":\"Bruno Parey\"},{\"@type\":\"WebPage\",\"@id\":\"https:\/\/www.ipctours.com\/es\/qui-sommes-nous-2\/#webpage\",\"url\":\"https:\/\/www.ipctours.com\/es\/qui-sommes-nous-2\/\",\"name\":\"A\u00e9rocom Montgolfi\u00e8res une \u00e9quipe de passionn\u00e9s qui ont fait de leur loisir une profession\",\"isPartOf\":{\"@id\":\"https:\/\/www.ipctours.com\/es\/#website\"},\"primaryImageOfPage\":{\"@id\":\"https:\/\/www.ipctours.com\/es\/qui-sommes-nous-2\/#primaryimage\"},\"datePublished\":\"2016-03-29T15:52:34+00:00\",\"dateModified\":\"2018-09-21T10:30:21+00:00\",\"description\":\"A\u00e9rocom Montgolfi\u00e8res, c'est la conviction d'un passionn\u00e9, Bruno PAREY,\u00a0 qui a fait de son loisir sa profession.\u00a0\",\"breadcrumb\":{\"@id\":\"https:\/\/www.ipctours.com\/es\/qui-sommes-nous-2\/#breadcrumb\"},\"inLanguage\":\"fr-FR\",\"potentialAction\":[{\"@type\":\"ReadAction\",\"target\":[\"https:\/\/www.ipctours.com\/es\/qui-sommes-nous-2\/\"]}]},{\"@type\":\"BreadcrumbList\",\"@id\":\"https:\/\/www.ipctours.com\/es\/qui-sommes-nous-2\/#breadcrumb\",\"itemListElement\":[{\"@type\":\"ListItem\",\"position\":1,\"name\":\"A prop\u00f3sito de A\u00e9rocom y su equipo &#8230;\"}]}]}<\/script>\n<!-- \/ Yoast SEO plugin. -->","yoast_head_json":{"title":"A\u00e9rocom Montgolfi\u00e8res une \u00e9quipe de passionn\u00e9s qui ont fait de leur loisir une profession","description":"A\u00e9rocom Montgolfi\u00e8res, c'est la conviction d'un passionn\u00e9, Bruno PAREY,\u00a0 qui a fait de son loisir sa profession.\u00a0","robots":{"index":"index","follow":"follow","max-snippet":"max-snippet:-1","max-image-preview":"max-image-preview:large","max-video-preview":"max-video-preview:-1"},"canonical":"https:\/\/www.ipctours.com\/es\/qui-sommes-nous-2\/","og_locale":"fr_FR","og_type":"article","og_title":"A\u00e9rocom Montgolfi\u00e8res une \u00e9quipe de passionn\u00e9s qui ont fait de leur loisir une profession","og_description":"A\u00e9rocom Montgolfi\u00e8res, c'est la conviction d'un passionn\u00e9, Bruno PAREY,\u00a0 qui a fait de son loisir sa profession.\u00a0","og_url":"https:\/\/www.ipctours.com\/es\/qui-sommes-nous-2\/","og_site_name":"Aerocom Montgolfi\u00e8res","article_modified_time":"2018-09-21T10:30:21+00:00","og_image":[{"url":"http:\/\/www.ipctours.com\/es\/wp-content\/uploads\/2017\/10\/bruno-parey-aerocom-montgolfiere.jpg"}],"author":"administrateur","twitter_card":"summary","twitter_misc":{"Dur\u00e9e de lecture estim\u00e9e":"4 minutes"},"schema":{"@context":"https:\/\/schema.org","@graph":[{"@type":"WebSite","@id":"https:\/\/www.ipctours.com\/es\/#website","url":"https:\/\/www.ipctours.com\/es\/","name":"Aerocom Montgolfi\u00e8res","description":"Loire et ch\u00e2teaux en montgolfi\u00e8re","potentialAction":[{"@type":"SearchAction","target":{"@type":"EntryPoint","urlTemplate":"https:\/\/www.ipctours.com\/es\/?s={search_term_string}"},"query-input":"required name=search_term_string"}],"inLanguage":"fr-FR"},{"@type":"ImageObject","inLanguage":"fr-FR","@id":"https:\/\/www.ipctours.com\/es\/qui-sommes-nous-2\/#primaryimage","url":"https:\/\/www.ipctours.com\/es\/wp-content\/uploads\/2017\/10\/bruno-parey-aerocom-montgolfiere.jpg","contentUrl":"https:\/\/www.ipctours.com\/es\/wp-content\/uploads\/2017\/10\/bruno-parey-aerocom-montgolfiere.jpg","width":500,"height":355,"caption":"Bruno Parey"},{"@type":"WebPage","@id":"https:\/\/www.ipctours.com\/es\/qui-sommes-nous-2\/#webpage","url":"https:\/\/www.ipctours.com\/es\/qui-sommes-nous-2\/","name":"A\u00e9rocom Montgolfi\u00e8res une \u00e9quipe de passionn\u00e9s qui ont fait de leur loisir une profession","isPartOf":{"@id":"https:\/\/www.ipctours.com\/es\/#website"},"primaryImageOfPage":{"@id":"https:\/\/www.ipctours.com\/es\/qui-sommes-nous-2\/#primaryimage"},"datePublished":"2016-03-29T15:52:34+00:00","dateModified":"2018-09-21T10:30:21+00:00","description":"A\u00e9rocom Montgolfi\u00e8res, c'est la conviction d'un passionn\u00e9, Bruno PAREY,\u00a0 qui a fait de son loisir sa profession.\u00a0","breadcrumb":{"@id":"https:\/\/www.ipctours.com\/es\/qui-sommes-nous-2\/#breadcrumb"},"inLanguage":"fr-FR","potentialAction":[{"@type":"ReadAction","target":["https:\/\/www.ipctours.com\/es\/qui-sommes-nous-2\/"]}]},{"@type":"BreadcrumbList","@id":"https:\/\/www.ipctours.com\/es\/qui-sommes-nous-2\/#breadcrumb","itemListElement":[{"@type":"ListItem","position":1,"name":"A prop\u00f3sito de A\u00e9rocom y su equipo &#8230;"}]}]}},"_links":{"self":[{"href":"https:\/\/www.ipctours.com\/es\/wp-json\/wp\/v2\/pages\/381"}],"collection":[{"href":"https:\/\/www.ipctours.com\/es\/wp-json\/wp\/v2\/pages"}],"about":[{"href":"https:\/\/www.ipctours.com\/es\/wp-json\/wp\/v2\/types\/page"}],"author":[{"embeddable":true,"href":"https:\/\/www.ipctours.com\/es\/wp-json\/wp\/v2\/users\/1"}],"replies":[{"embeddable":true,"href":"https:\/\/www.ipctours.com\/es\/wp-json\/wp\/v2\/comments?post=381"}],"version-history":[{"count":93,"href":"https:\/\/www.ipctours.com\/es\/wp-json\/wp\/v2\/pages\/381\/revisions"}],"predecessor-version":[{"id":2583,"href":"https:\/\/www.ipctours.com\/es\/wp-json\/wp\/v2\/pages\/381\/revisions\/2583"}],"wp:attachment":[{"href":"https:\/\/www.ipctours.com\/es\/wp-json\/wp\/v2\/media?parent=381"}],"curies":[{"name":"wp","href":"https:\/\/api.w.org\/{rel}","templated":true}]}}