{"id":353,"date":"2016-03-29T16:17:22","date_gmt":"2016-03-29T15:17:22","guid":{"rendered":"http:\/\/www.ipctours.com\/es\/?page_id=353"},"modified":"2018-09-13T12:51:06","modified_gmt":"2018-09-13T11:51:06","slug":"mentions-legales","status":"publish","type":"page","link":"https:\/\/www.ipctours.com\/es\/mentions-legales\/","title":{"rendered":"Avisos Legales"},"content":{"rendered":"<p style=\"text-align: center;\">(Regulado por la Ley No. 2004-575 de 21 de junio de 2004 sobre la confianza en la econom\u00eda digital)<\/p>\n<p>&nbsp;<\/p>\n<h2 style=\"text-align: center;\">Edici\u00f3n<br \/>\nEste sitio es publicado por A\u00e9rocom Montgolfi\u00e8res<br \/>\n36 Rue de Chouzy &#8211; Onzain<br \/>\n41150 VEUZAIN-SUR-LOIRE &#8211; Francia<br \/>\nTel. +33 (0) 2 54 33 55 00<\/h2>\n<p>&nbsp;<\/p>\n<p>Realizaci\u00f3n y alojamiento del sitio<br \/>\nIdeo Point Com Company<br \/>\n5 Rue du Four Brul\u00e9<br \/>\n37110 CHATEAU RENAULT<br \/>\nTel: 02 47 52 24 28<br \/>\nwww.ideopoint.com<\/p>\n<p>&nbsp;<\/p>\n<h2 style=\"text-align: justify;\"><strong>Responsabilidad<\/strong><\/h2>\n<p style=\"text-align: justify;\">El propietario aseguar la responsabilidad exclusiva de las informaci\u00f3nes y de los servicios proporcionados. Sin embargo, A\u00e9rocom Montgolfi\u00e8res se esfuerza por garantizar, de la mejor manera posible, la precisi\u00f3n y la actualizaci\u00f3n de las informaci\u00f3nes en este sitio, que se reserva el derecho de corregir, en cualquier momento y sin previo aviso, el contenido. Adem\u00e1s, advierte al visitante que depende de \u00e9l verificar la informaci\u00f3n por otros medios. En consecuencia, A\u00e9rocom Montgolfi\u00e8res declina toda responsabilidad: por cualquier inexactitud u omisi\u00f3n con respecto a la informaci\u00f3n disponible en el sitio; por cualquier da\u00f1o que resulte de una intrusi\u00f3n fraudulenta de un tercero generando una modificaci\u00f3n de la informaci\u00f3n puesta a disposici\u00f3n; y m\u00e1s generalmente para todos los da\u00f1os, directos o indirectos, cualesquiera sean las causas, or\u00edgenes, naturaleza o consecuencias, causados por el acceso de cualquier persona al sitio o la imposibilidad de acceder a \u00e9l, as\u00ed como el uso del sitio y \/ o cr\u00e9dito otorgado a cualquier informaci\u00f3n directa o indirectamente de este \u00faltimo. Adem\u00e1s, a menos que se indique lo contrario, los derechos de propiedad intelectual en los documentos contenidos en el sitio y cada uno de los elementos creados para este sitio son propiedad exclusiva de 4S Tours Table Tennis o de sus proveedores, que no otorgan ninguna licencia, ni ning\u00fan otro derecho que no sea consultar el sitio. La reproducci\u00f3n de cualquier documento publicado en el sitio est\u00e1 autorizada \u00fanicamente con fines exclusivos de informaci\u00f3n para uso personal y privado, queda expresamente prohibida su reproducci\u00f3n y el uso de copias realizadas para otros fines. Todas las marcas comerciales mencionadas en este sitio pertenecen a sus respectivas compa\u00f1\u00edas. Todos los productos, logotipos e im\u00e1genes mencionados en las p\u00e1ginas de este sitio son propiedad de sus respectivas marcas.<\/p>\n<h2>Procesamiento de datos personales<\/h2>\n<p style=\"text-align: justify;\">Las informaciones que recopilar\u00e1 Aerocom Montgolfi\u00e8res provienen del registro voluntario de una direcci\u00f3n de correo electr\u00f3nico proporcionada por el usuario, lo que le permite recibir una documentaci\u00f3n, para conocer cualquier punto. Estas informaciones nunca se comunican a terceros.<\/p>\n<h2>Enlaces de hipertexto (responsabilidad)<\/h2>\n<p style=\"text-align: justify;\">Los enlaces de hipertexto en el sitio que dirigen a los usuarios a otros sitios web no son la responsabilidad de A\u00e9rocom Montgolfi\u00e8res por el contenido de estos sitios. Cualquier persona f\u00edsica o jur\u00eddica que desea establecer un enlace con www.ipctours.com desde nuestro sitio, primero debe solicitar el permiso. El enlace a nuestro sitio no requiere autorizaci\u00f3n. A\u00e9rocom Montgolfi\u00e8res se exime de toda responsabilidad en este caso.<\/p>\n<p>&nbsp;<\/p>\n","protected":false},"excerpt":{"rendered":"<p>(Regulado por la Ley No. 2004-575 de 21 de junio de 2004 sobre la confianza en la econom\u00eda digital) &nbsp; Edici\u00f3n Este sitio es publicado por A\u00e9rocom Montgolfi\u00e8res 36 Rue de Chouzy &#8211; Onzain 41150 VEUZAIN-SUR-LOIRE &#8211; Francia Tel. +33 (0) 2 54 33 55 00 &nbsp; Realizaci\u00f3n y alojamiento del sitio Ideo Point Com [&hellip;]<\/p>\n","protected":false},"author":1,"featured_media":0,"parent":0,"menu_order":0,"comment_status":"closed","ping_status":"closed","template":"","meta":{"footnotes":""},"yoast_head":"<!-- This site is optimized with the Yoast SEO plugin v19.2 - https:\/\/yoast.com\/wordpress\/plugins\/seo\/ -->\n<title>Avisos Legales - Aerocom Montgolfi\u00e8res<\/title>\n<meta name=\"robots\" content=\"index, follow, max-snippet:-1, max-image-preview:large, max-video-preview:-1\" \/>\n<link rel=\"canonical\" href=\"https:\/\/www.ipctours.com\/es\/mentions-legales\/\" \/>\n<meta property=\"og:locale\" content=\"fr_FR\" \/>\n<meta property=\"og:type\" content=\"article\" \/>\n<meta property=\"og:title\" content=\"Avisos Legales - Aerocom Montgolfi\u00e8res\" \/>\n<meta property=\"og:description\" content=\"(Regulado por la Ley No. 2004-575 de 21 de junio de 2004 sobre la confianza en la econom\u00eda digital) &nbsp; Edici\u00f3n Este sitio es publicado por A\u00e9rocom Montgolfi\u00e8res 36 Rue de Chouzy &#8211; Onzain 41150 VEUZAIN-SUR-LOIRE &#8211; Francia Tel. +33 (0) 2 54 33 55 00 &nbsp; Realizaci\u00f3n y alojamiento del sitio Ideo Point Com [&hellip;]\" \/>\n<meta property=\"og:url\" content=\"https:\/\/www.ipctours.com\/es\/mentions-legales\/\" \/>\n<meta property=\"og:site_name\" content=\"Aerocom Montgolfi\u00e8res\" \/>\n<meta property=\"article:modified_time\" content=\"2018-09-13T11:51:06+00:00\" \/>\n<meta name=\"author\" content=\"administrateur\" \/>\n<meta name=\"twitter:card\" content=\"summary\" \/>\n<meta name=\"twitter:label1\" content=\"Dur\u00e9e de lecture estim\u00e9e\" \/>\n\t<meta name=\"twitter:data1\" content=\"3 minutes\" \/>\n<script type=\"application\/ld+json\" class=\"yoast-schema-graph\">{\"@context\":\"https:\/\/schema.org\",\"@graph\":[{\"@type\":\"WebSite\",\"@id\":\"https:\/\/www.ipctours.com\/es\/#website\",\"url\":\"https:\/\/www.ipctours.com\/es\/\",\"name\":\"Aerocom Montgolfi\u00e8res\",\"description\":\"Loire et ch\u00e2teaux en montgolfi\u00e8re\",\"potentialAction\":[{\"@type\":\"SearchAction\",\"target\":{\"@type\":\"EntryPoint\",\"urlTemplate\":\"https:\/\/www.ipctours.com\/es\/?s={search_term_string}\"},\"query-input\":\"required name=search_term_string\"}],\"inLanguage\":\"fr-FR\"},{\"@type\":\"WebPage\",\"@id\":\"https:\/\/www.ipctours.com\/es\/mentions-legales\/#webpage\",\"url\":\"https:\/\/www.ipctours.com\/es\/mentions-legales\/\",\"name\":\"Avisos Legales - Aerocom Montgolfi\u00e8res\",\"isPartOf\":{\"@id\":\"https:\/\/www.ipctours.com\/es\/#website\"},\"datePublished\":\"2016-03-29T15:17:22+00:00\",\"dateModified\":\"2018-09-13T11:51:06+00:00\",\"breadcrumb\":{\"@id\":\"https:\/\/www.ipctours.com\/es\/mentions-legales\/#breadcrumb\"},\"inLanguage\":\"fr-FR\",\"potentialAction\":[{\"@type\":\"ReadAction\",\"target\":[\"https:\/\/www.ipctours.com\/es\/mentions-legales\/\"]}]},{\"@type\":\"BreadcrumbList\",\"@id\":\"https:\/\/www.ipctours.com\/es\/mentions-legales\/#breadcrumb\",\"itemListElement\":[{\"@type\":\"ListItem\",\"position\":1,\"name\":\"Avisos Legales\"}]}]}<\/script>\n<!-- \/ Yoast SEO plugin. -->","yoast_head_json":{"title":"Avisos Legales - Aerocom Montgolfi\u00e8res","robots":{"index":"index","follow":"follow","max-snippet":"max-snippet:-1","max-image-preview":"max-image-preview:large","max-video-preview":"max-video-preview:-1"},"canonical":"https:\/\/www.ipctours.com\/es\/mentions-legales\/","og_locale":"fr_FR","og_type":"article","og_title":"Avisos Legales - Aerocom Montgolfi\u00e8res","og_description":"(Regulado por la Ley No. 2004-575 de 21 de junio de 2004 sobre la confianza en la econom\u00eda digital) &nbsp; Edici\u00f3n Este sitio es publicado por A\u00e9rocom Montgolfi\u00e8res 36 Rue de Chouzy &#8211; Onzain 41150 VEUZAIN-SUR-LOIRE &#8211; Francia Tel. +33 (0) 2 54 33 55 00 &nbsp; Realizaci\u00f3n y alojamiento del sitio Ideo Point Com [&hellip;]","og_url":"https:\/\/www.ipctours.com\/es\/mentions-legales\/","og_site_name":"Aerocom Montgolfi\u00e8res","article_modified_time":"2018-09-13T11:51:06+00:00","author":"administrateur","twitter_card":"summary","twitter_misc":{"Dur\u00e9e de lecture estim\u00e9e":"3 minutes"},"schema":{"@context":"https:\/\/schema.org","@graph":[{"@type":"WebSite","@id":"https:\/\/www.ipctours.com\/es\/#website","url":"https:\/\/www.ipctours.com\/es\/","name":"Aerocom Montgolfi\u00e8res","description":"Loire et ch\u00e2teaux en montgolfi\u00e8re","potentialAction":[{"@type":"SearchAction","target":{"@type":"EntryPoint","urlTemplate":"https:\/\/www.ipctours.com\/es\/?s={search_term_string}"},"query-input":"required name=search_term_string"}],"inLanguage":"fr-FR"},{"@type":"WebPage","@id":"https:\/\/www.ipctours.com\/es\/mentions-legales\/#webpage","url":"https:\/\/www.ipctours.com\/es\/mentions-legales\/","name":"Avisos Legales - Aerocom Montgolfi\u00e8res","isPartOf":{"@id":"https:\/\/www.ipctours.com\/es\/#website"},"datePublished":"2016-03-29T15:17:22+00:00","dateModified":"2018-09-13T11:51:06+00:00","breadcrumb":{"@id":"https:\/\/www.ipctours.com\/es\/mentions-legales\/#breadcrumb"},"inLanguage":"fr-FR","potentialAction":[{"@type":"ReadAction","target":["https:\/\/www.ipctours.com\/es\/mentions-legales\/"]}]},{"@type":"BreadcrumbList","@id":"https:\/\/www.ipctours.com\/es\/mentions-legales\/#breadcrumb","itemListElement":[{"@type":"ListItem","position":1,"name":"Avisos Legales"}]}]}},"_links":{"self":[{"href":"https:\/\/www.ipctours.com\/es\/wp-json\/wp\/v2\/pages\/353"}],"collection":[{"href":"https:\/\/www.ipctours.com\/es\/wp-json\/wp\/v2\/pages"}],"about":[{"href":"https:\/\/www.ipctours.com\/es\/wp-json\/wp\/v2\/types\/page"}],"author":[{"embeddable":true,"href":"https:\/\/www.ipctours.com\/es\/wp-json\/wp\/v2\/users\/1"}],"replies":[{"embeddable":true,"href":"https:\/\/www.ipctours.com\/es\/wp-json\/wp\/v2\/comments?post=353"}],"version-history":[{"count":26,"href":"https:\/\/www.ipctours.com\/es\/wp-json\/wp\/v2\/pages\/353\/revisions"}],"predecessor-version":[{"id":2529,"href":"https:\/\/www.ipctours.com\/es\/wp-json\/wp\/v2\/pages\/353\/revisions\/2529"}],"wp:attachment":[{"href":"https:\/\/www.ipctours.com\/es\/wp-json\/wp\/v2\/media?parent=353"}],"curies":[{"name":"wp","href":"https:\/\/api.w.org\/{rel}","templated":true}]}}