{"id":347,"date":"2016-03-29T16:07:53","date_gmt":"2016-03-29T15:07:53","guid":{"rendered":"http:\/\/www.ipctours.com\/es\/?page_id=347"},"modified":"2018-09-17T11:47:42","modified_gmt":"2018-09-17T10:47:42","slug":"conditions-generales-de-vente","status":"publish","type":"page","link":"https:\/\/www.ipctours.com\/es\/conditions-generales-de-vente\/","title":{"rendered":"Condiciones Generales de Venta"},"content":{"rendered":"<h2>1\/ Condiciones de venta.<\/h2>\n<p style=\"text-align: justify;\">Los pasajeros declaran conocer y aceptar las condiciones generales de venta. El encargo mando vale aceptaci\u00f3n de estas condiciones.<\/p>\n<h2>2\/ Tarifas<\/h2>\n<p style=\"text-align: justify;\">Nuestras tarifas son v\u00e1lidas a partir del 1 de enero de 2018 y son modificables en cualquier momento sin aviso previo. Estos precios incluyan un IVA al 10,0 %. Estos precios\u00a0 incluyan la seguridad responsabilidad transporte pagando de su propio bolsillo as\u00ed como la organizaci\u00f3n del vuelo.<\/p>\n<p>&#8211; 2 f\u00f3rmulas son propuestas:<\/p>\n<h3>A\/ Reservas simples de vuelo en globo aerost\u00e1tico<\/h3>\n<p style=\"text-align: justify;\">Despu\u00e9s de reserva por tel\u00e9fono, con un numero de tarjeta , Aerocom se reserva no obstante el derecho a efectuar una preautorizaci\u00f3n electr\u00f3nica para garantizar la validez de su tarjeta bancaria antes de su llegada. El cobro del saldo se hace el d\u00eda del vuelo. Si el vuelo no puede efectuarse y s\u00f3lo el cliente no desea postergarlo, entonces anulamos la reserva sin ning\u00fan gasto.<\/p>\n<h3>B\/Billete de vuelo en globo aerost\u00e1tico<\/h3>\n<p style=\"text-align: justify;\">Compra de un billete v\u00e1lido 2 temporadas, salvo oferta promocional (una temporada comienza el 1 de abril y acaba el 15 de octubre). El pago se efect\u00faa con su tarjeta desde nuestro sitio o por tel\u00e9fono. El pago se hace a recepci\u00f3n del encargo. El cliente entra en contacto por tel\u00e9fono cerca de A\u00e9rocom para escoger (a reserva de disponibilidad) la fecha de su vuelo. El billete de vuelo no es reembolsable sino es transmisible a otra persona durante su per\u00edodo de validez. La prolongaci\u00f3n de un billete es posible mediante 30 euros de gasto por pasajero por un a\u00f1o.<\/p>\n<h2>3\/ Condiciones de vuelo <\/h2>\n<p style=\"text-align: justify;\">Los pasajeros aceptan las obligaciones espec\u00edficas vinculadas a la organizaci\u00f3n de un vuelo en globo aerost\u00e1tico. Las mujeres embarazadas as\u00ed como los ni\u00f1os de menos de 6 a\u00f1os no son autorizados a tomar sitio en nuestros globos aerost\u00e1ticos. Los ni\u00f1os de menos de 14 a\u00f1os deben ser acompa\u00f1ados por un adulto.<\/p>\n<h2>4\/ Confirmaci\u00f3n de los vuelos <\/h2>\n<p style=\"text-align: justify;\">Los pasajeros deben obligatoriamente ponerse en contacto con nosotros por tel\u00e9fono en v\u00edsperas de las 18h00 a las 18h30 para el vuelo del d\u00eda siguiente por la ma\u00f1ana o el mismo d\u00eda de las 12h00 a las 12h30 para el vuelo de la tarde. Si el vuelo no puede efectuarse, es trasladado a una otra fecha a la elecci\u00f3n del cliente en la medida de nuestras disponibilidades.<\/p>\n<h2>5\/ Anulaci\u00f3n a causa de A\u00e9rocom<\/h2>\n<p style=\"text-align: justify;\">A\u00e9rocom se reserva el derecho a anular un vuelo para: malas condiciones meteorol\u00f3gicas, condiciones de seguridad o si no hay un n\u00famero suficiente de pasajeros (s\u00f3lo el piloto es apto para apreciar la oportunidad de un vuelo). Esta anulaci\u00f3n puede efectuarse sobre el lugar de despegue. En este caso A\u00e9rocom no valorar\u00e1 para responsable de los gastos contratados por los clientes para ir sobre el lugar de cita (alojamiento, restauraci\u00f3n y desplazamiento).<\/p>\n<h2>6\/ Modificaci\u00f3n de la prestaci\u00f3n<\/h2>\n<p style=\"text-align: justify;\">A\u00e9rocom puede, por toda raz\u00f3n de seguridad o de inter\u00e9s del vuelo, modificar el lugar de despegue o cambiar de globo aerost\u00e1tico.<\/p>\n<h2>7\/ Anulaci\u00f3n de la reserva o la no presentaci\u00f3n del cliente<\/h2>\n<p style=\"text-align: justify;\">El pago del saldo del precio debe ser efectuado lo m\u00e1s tarde el d\u00eda por el vuelo. En caso de no confirmaci\u00f3n telef\u00f3nica o en caso de ausencia del pasajero (salvo aplazamiento o anulaci\u00f3n 7 d\u00edas anteriores) a la fecha y a la hora de rinda, confirmada por A\u00e9rocom, la anulaci\u00f3n de hecho ser\u00e1 rebatida y A\u00e9rocom cobrar\u00e1 el anticipo versado de susodicha prestaci\u00f3n.<\/p>\n<h2>8\/ Reglamento a bordo <\/h2>\n<p style=\"text-align: justify;\">Todo pasajero debe figurar sobre la lista de embarque. Los pilotos de A\u00e9rocom est\u00e1n solos maestros a bordo y a este t\u00edtulo tienen autoridad sobre todas las personas embarcadas. Pueden en cualquier momento desembarcar a toda persona entre los pasajeros o toda carga que puede presentar un peligro durante el vuelo. Pueden en cualquier momento interrumpir el\u00a0 vuelo por razones de seguridad. Ninguna prestaci\u00f3n ser\u00e1 reembolsada si el vuelo dur\u00f3 un m\u00ednimo de 30 minutos.<\/p>\n<h2>9\/ Seguros <\/h2>\n<p style=\"text-align: justify;\">Los pasajeros son asegurados seg\u00fan las condiciones a\u00e9reas vigentes (Convenio de Montreal). La responsabilidad de A\u00e9rocom enfrente de los pasajeros en caso de fallecimiento o enfrente de los da\u00f1os corporales es limitada a una suma de 114 000 euros m\u00e1xima por pasajero. La responsabilidad de A\u00e9rocom no puede ser comprometida\u00a0 concerniendo al equipaje o los efectos personales (c\u00e1maras de fotos, c\u00e1maras, trajes, tel\u00e9fonos m\u00f3viles).<\/p>\n<p>&nbsp;<\/p>\n","protected":false},"excerpt":{"rendered":"<p>1\/ Condiciones de venta. Los pasajeros declaran conocer y aceptar las condiciones generales de venta. El encargo mando vale aceptaci\u00f3n de estas condiciones. 2\/ Tarifas Nuestras tarifas son v\u00e1lidas a partir del 1 de enero de 2018 y son modificables en cualquier momento sin aviso previo. Estos precios incluyan un IVA al 10,0 %. Estos [&hellip;]<\/p>\n","protected":false},"author":1,"featured_media":0,"parent":0,"menu_order":0,"comment_status":"closed","ping_status":"closed","template":"","meta":{"footnotes":""},"yoast_head":"<!-- This site is optimized with the Yoast SEO plugin v19.2 - https:\/\/yoast.com\/wordpress\/plugins\/seo\/ -->\n<title>Les passagers d\u00e9clarent accepter les conditions g\u00e9n\u00e9rales de vente<\/title>\n<meta name=\"description\" content=\"Les passagers d\u00e9clarent conna\u00eetre et accepter les conditions g\u00e9n\u00e9rales de vente. La commande vaut acceptation de ces conditions.\" \/>\n<meta name=\"robots\" content=\"index, follow, max-snippet:-1, max-image-preview:large, max-video-preview:-1\" \/>\n<link rel=\"canonical\" href=\"https:\/\/www.ipctours.com\/es\/conditions-generales-de-vente\/\" \/>\n<meta property=\"og:locale\" content=\"fr_FR\" \/>\n<meta property=\"og:type\" content=\"article\" \/>\n<meta property=\"og:title\" content=\"Les passagers d\u00e9clarent accepter les conditions g\u00e9n\u00e9rales de vente\" \/>\n<meta property=\"og:description\" content=\"Les passagers d\u00e9clarent conna\u00eetre et accepter les conditions g\u00e9n\u00e9rales de vente. La commande vaut acceptation de ces conditions.\" \/>\n<meta property=\"og:url\" content=\"https:\/\/www.ipctours.com\/es\/conditions-generales-de-vente\/\" \/>\n<meta property=\"og:site_name\" content=\"Aerocom Montgolfi\u00e8res\" \/>\n<meta property=\"article:modified_time\" content=\"2018-09-17T10:47:42+00:00\" \/>\n<meta name=\"author\" content=\"administrateur\" \/>\n<meta name=\"twitter:card\" content=\"summary\" \/>\n<meta name=\"twitter:label1\" content=\"Dur\u00e9e de lecture estim\u00e9e\" \/>\n\t<meta name=\"twitter:data1\" content=\"4 minutes\" \/>\n<script type=\"application\/ld+json\" class=\"yoast-schema-graph\">{\"@context\":\"https:\/\/schema.org\",\"@graph\":[{\"@type\":\"WebSite\",\"@id\":\"https:\/\/www.ipctours.com\/es\/#website\",\"url\":\"https:\/\/www.ipctours.com\/es\/\",\"name\":\"Aerocom Montgolfi\u00e8res\",\"description\":\"Loire et ch\u00e2teaux en montgolfi\u00e8re\",\"potentialAction\":[{\"@type\":\"SearchAction\",\"target\":{\"@type\":\"EntryPoint\",\"urlTemplate\":\"https:\/\/www.ipctours.com\/es\/?s={search_term_string}\"},\"query-input\":\"required name=search_term_string\"}],\"inLanguage\":\"fr-FR\"},{\"@type\":\"WebPage\",\"@id\":\"https:\/\/www.ipctours.com\/es\/conditions-generales-de-vente\/#webpage\",\"url\":\"https:\/\/www.ipctours.com\/es\/conditions-generales-de-vente\/\",\"name\":\"Les passagers d\u00e9clarent accepter les conditions g\u00e9n\u00e9rales de vente\",\"isPartOf\":{\"@id\":\"https:\/\/www.ipctours.com\/es\/#website\"},\"datePublished\":\"2016-03-29T15:07:53+00:00\",\"dateModified\":\"2018-09-17T10:47:42+00:00\",\"description\":\"Les passagers d\u00e9clarent conna\u00eetre et accepter les conditions g\u00e9n\u00e9rales de vente. La commande vaut acceptation de ces conditions.\",\"breadcrumb\":{\"@id\":\"https:\/\/www.ipctours.com\/es\/conditions-generales-de-vente\/#breadcrumb\"},\"inLanguage\":\"fr-FR\",\"potentialAction\":[{\"@type\":\"ReadAction\",\"target\":[\"https:\/\/www.ipctours.com\/es\/conditions-generales-de-vente\/\"]}]},{\"@type\":\"BreadcrumbList\",\"@id\":\"https:\/\/www.ipctours.com\/es\/conditions-generales-de-vente\/#breadcrumb\",\"itemListElement\":[{\"@type\":\"ListItem\",\"position\":1,\"name\":\"Condiciones Generales de Venta\"}]}]}<\/script>\n<!-- \/ Yoast SEO plugin. -->","yoast_head_json":{"title":"Les passagers d\u00e9clarent accepter les conditions g\u00e9n\u00e9rales de vente","description":"Les passagers d\u00e9clarent conna\u00eetre et accepter les conditions g\u00e9n\u00e9rales de vente. La commande vaut acceptation de ces conditions.","robots":{"index":"index","follow":"follow","max-snippet":"max-snippet:-1","max-image-preview":"max-image-preview:large","max-video-preview":"max-video-preview:-1"},"canonical":"https:\/\/www.ipctours.com\/es\/conditions-generales-de-vente\/","og_locale":"fr_FR","og_type":"article","og_title":"Les passagers d\u00e9clarent accepter les conditions g\u00e9n\u00e9rales de vente","og_description":"Les passagers d\u00e9clarent conna\u00eetre et accepter les conditions g\u00e9n\u00e9rales de vente. La commande vaut acceptation de ces conditions.","og_url":"https:\/\/www.ipctours.com\/es\/conditions-generales-de-vente\/","og_site_name":"Aerocom Montgolfi\u00e8res","article_modified_time":"2018-09-17T10:47:42+00:00","author":"administrateur","twitter_card":"summary","twitter_misc":{"Dur\u00e9e de lecture estim\u00e9e":"4 minutes"},"schema":{"@context":"https:\/\/schema.org","@graph":[{"@type":"WebSite","@id":"https:\/\/www.ipctours.com\/es\/#website","url":"https:\/\/www.ipctours.com\/es\/","name":"Aerocom Montgolfi\u00e8res","description":"Loire et ch\u00e2teaux en montgolfi\u00e8re","potentialAction":[{"@type":"SearchAction","target":{"@type":"EntryPoint","urlTemplate":"https:\/\/www.ipctours.com\/es\/?s={search_term_string}"},"query-input":"required name=search_term_string"}],"inLanguage":"fr-FR"},{"@type":"WebPage","@id":"https:\/\/www.ipctours.com\/es\/conditions-generales-de-vente\/#webpage","url":"https:\/\/www.ipctours.com\/es\/conditions-generales-de-vente\/","name":"Les passagers d\u00e9clarent accepter les conditions g\u00e9n\u00e9rales de vente","isPartOf":{"@id":"https:\/\/www.ipctours.com\/es\/#website"},"datePublished":"2016-03-29T15:07:53+00:00","dateModified":"2018-09-17T10:47:42+00:00","description":"Les passagers d\u00e9clarent conna\u00eetre et accepter les conditions g\u00e9n\u00e9rales de vente. La commande vaut acceptation de ces conditions.","breadcrumb":{"@id":"https:\/\/www.ipctours.com\/es\/conditions-generales-de-vente\/#breadcrumb"},"inLanguage":"fr-FR","potentialAction":[{"@type":"ReadAction","target":["https:\/\/www.ipctours.com\/es\/conditions-generales-de-vente\/"]}]},{"@type":"BreadcrumbList","@id":"https:\/\/www.ipctours.com\/es\/conditions-generales-de-vente\/#breadcrumb","itemListElement":[{"@type":"ListItem","position":1,"name":"Condiciones Generales de Venta"}]}]}},"_links":{"self":[{"href":"https:\/\/www.ipctours.com\/es\/wp-json\/wp\/v2\/pages\/347"}],"collection":[{"href":"https:\/\/www.ipctours.com\/es\/wp-json\/wp\/v2\/pages"}],"about":[{"href":"https:\/\/www.ipctours.com\/es\/wp-json\/wp\/v2\/types\/page"}],"author":[{"embeddable":true,"href":"https:\/\/www.ipctours.com\/es\/wp-json\/wp\/v2\/users\/1"}],"replies":[{"embeddable":true,"href":"https:\/\/www.ipctours.com\/es\/wp-json\/wp\/v2\/comments?post=347"}],"version-history":[{"count":19,"href":"https:\/\/www.ipctours.com\/es\/wp-json\/wp\/v2\/pages\/347\/revisions"}],"predecessor-version":[{"id":2552,"href":"https:\/\/www.ipctours.com\/es\/wp-json\/wp\/v2\/pages\/347\/revisions\/2552"}],"wp:attachment":[{"href":"https:\/\/www.ipctours.com\/es\/wp-json\/wp\/v2\/media?parent=347"}],"curies":[{"name":"wp","href":"https:\/\/api.w.org\/{rel}","templated":true}]}}