{"id":2030,"date":"2018-01-25T10:35:28","date_gmt":"2018-01-25T09:35:28","guid":{"rendered":"http:\/\/www.ipctours.com\/es\/?page_id=2030"},"modified":"2018-09-22T08:59:50","modified_gmt":"2018-09-22T07:59:50","slug":"coupon-visite-domaine-de-chaumont-loire","status":"publish","type":"page","link":"https:\/\/www.ipctours.com\/es\/coupon-visite-domaine-de-chaumont-loire\/","title":{"rendered":"Visita del Domaine de Chaumont-sur-Loire 15.00 \u20ac"},"content":{"rendered":"<p style=\"text-align: center;\"><a href=\"http:\/\/www.ipctours.com\/es\/tarifs-reservations\/\">Ver precios\u00a0<\/a><\/p>\n<div class=\"col-md-12\" style=\"padding: 0px;\">\n<div class=\"col-md-4\"><\/div>\n<div class=\"col-md-4\"><a class=\"btntarif\" href=\"http:\/\/www.ipctours.com\/boutique\/es\/accueil\/13-billet-individuel-domaine-de-chaumont-sur-loire.html\">Ordenar en linea<\/a><\/div>\n<div class=\"col-md-4\"><\/div>\n<\/div>\n<p>&nbsp;<\/p>\n<p style=\"text-align: justify;\">Aproveche nuestra tarifa especial:<\/p>\n<p style=\"text-align: justify;\">15.00 \u20ac por persona en lugar de 18.00 \u20ac para la visita de todo el Domaine de Chaumont-sur-Loire, este lugar \u00ab\u00a0aparte\u00a0\u00bb, que combina el patrimonio, el arte y la naturaleza en un paisaje clasificado como Patrimonio de la Humanidad por la UNESCO .<\/p>\n<p style=\"text-align: justify;\">Descubrir\u00e1:<\/p>\n<p style=\"text-align: justify;\">&#8211; el castillo que era propiedad de Catalina de M\u00e9dicis, Diane de Poitiers y la Princesa de Broglie y sus caballerizas<br \/>\n&#8211; El Festival International de los jardines, laboratorio y observatorio de los jardines de ma\u00f1ana<br \/>\n&#8211; en el gran parque y dependencias, exposiciones, obras monumentales de los artistas m\u00e1s grandes del mundo del arte contempor\u00e1neo.<\/p>\n<p style=\"text-align: justify;\">Apertura en la temporada 2018: del 24 de abril al 4 de noviembre. En el sitio, restauraci\u00f3n.<\/p>\n<p style=\"text-align: justify;\">Emisi\u00f3n de un cup\u00f3n a cambiar contra el billete Domaine en la oficina de A\u00e9rocom Montgolfi\u00e8res.<\/p>\n<p style=\"text-align: justify;\"><strong>\u00danicamente para nuestros clientes que tienen un billete o una reserva en globo aerostatico.<\/strong><\/p>\n<pre id=\"tw-target-text\" class=\"tw-data-text tw-ta tw-text-medium\" dir=\"ltr\" data-placeholder=\"Traduction\" data-fulltext=\"\"><\/pre>\n","protected":false},"excerpt":{"rendered":"<p>Ver precios\u00a0 Ordenar en linea &nbsp; Aproveche nuestra tarifa especial: 15.00 \u20ac por persona en lugar de 18.00 \u20ac para la visita de todo el Domaine de Chaumont-sur-Loire, este lugar \u00ab\u00a0aparte\u00a0\u00bb, que combina el patrimonio, el arte y la naturaleza en un paisaje clasificado como Patrimonio de la Humanidad por la UNESCO . Descubrir\u00e1: &#8211; [&hellip;]<\/p>\n","protected":false},"author":1,"featured_media":0,"parent":0,"menu_order":0,"comment_status":"closed","ping_status":"closed","template":"","meta":{"footnotes":""},"yoast_head":"<!-- This site is optimized with the Yoast SEO plugin v19.2 - https:\/\/yoast.com\/wordpress\/plugins\/seo\/ -->\n<title>Visita del Domaine de Chaumont-sur-Loire 15.00 \u20ac - Aerocom Montgolfi\u00e8res<\/title>\n<meta name=\"robots\" content=\"index, follow, max-snippet:-1, max-image-preview:large, max-video-preview:-1\" \/>\n<link rel=\"canonical\" href=\"http:\/\/www.ipctours.com\/es\/coupon-visite-domaine-de-chaumont-loire\/\" \/>\n<meta property=\"og:locale\" content=\"fr_FR\" \/>\n<meta property=\"og:type\" content=\"article\" \/>\n<meta property=\"og:title\" content=\"Visita del Domaine de Chaumont-sur-Loire 15.00 \u20ac - Aerocom Montgolfi\u00e8res\" \/>\n<meta property=\"og:description\" content=\"Ver precios\u00a0 Ordenar en linea &nbsp; Aproveche nuestra tarifa especial: 15.00 \u20ac por persona en lugar de 18.00 \u20ac para la visita de todo el Domaine de Chaumont-sur-Loire, este lugar \u00ab\u00a0aparte\u00a0\u00bb, que combina el patrimonio, el arte y la naturaleza en un paisaje clasificado como Patrimonio de la Humanidad por la UNESCO . Descubrir\u00e1: &#8211; [&hellip;]\" \/>\n<meta property=\"og:url\" content=\"http:\/\/www.ipctours.com\/es\/coupon-visite-domaine-de-chaumont-loire\/\" \/>\n<meta property=\"og:site_name\" content=\"Aerocom Montgolfi\u00e8res\" \/>\n<meta property=\"article:modified_time\" content=\"2018-09-22T07:59:50+00:00\" \/>\n<meta name=\"author\" content=\"administrateur\" \/>\n<meta name=\"twitter:card\" content=\"summary\" \/>\n<meta name=\"twitter:label1\" content=\"Dur\u00e9e de lecture estim\u00e9e\" \/>\n\t<meta name=\"twitter:data1\" content=\"1 minute\" \/>\n<script type=\"application\/ld+json\" class=\"yoast-schema-graph\">{\"@context\":\"https:\/\/schema.org\",\"@graph\":[{\"@type\":\"WebSite\",\"@id\":\"https:\/\/www.ipctours.com\/es\/#website\",\"url\":\"https:\/\/www.ipctours.com\/es\/\",\"name\":\"Aerocom Montgolfi\u00e8res\",\"description\":\"Loire et ch\u00e2teaux en montgolfi\u00e8re\",\"potentialAction\":[{\"@type\":\"SearchAction\",\"target\":{\"@type\":\"EntryPoint\",\"urlTemplate\":\"https:\/\/www.ipctours.com\/es\/?s={search_term_string}\"},\"query-input\":\"required name=search_term_string\"}],\"inLanguage\":\"fr-FR\"},{\"@type\":\"WebPage\",\"@id\":\"http:\/\/www.ipctours.com\/es\/coupon-visite-domaine-de-chaumont-loire\/#webpage\",\"url\":\"http:\/\/www.ipctours.com\/es\/coupon-visite-domaine-de-chaumont-loire\/\",\"name\":\"Visita del Domaine de Chaumont-sur-Loire 15.00 \u20ac - Aerocom Montgolfi\u00e8res\",\"isPartOf\":{\"@id\":\"https:\/\/www.ipctours.com\/es\/#website\"},\"datePublished\":\"2018-01-25T09:35:28+00:00\",\"dateModified\":\"2018-09-22T07:59:50+00:00\",\"breadcrumb\":{\"@id\":\"http:\/\/www.ipctours.com\/es\/coupon-visite-domaine-de-chaumont-loire\/#breadcrumb\"},\"inLanguage\":\"fr-FR\",\"potentialAction\":[{\"@type\":\"ReadAction\",\"target\":[\"http:\/\/www.ipctours.com\/es\/coupon-visite-domaine-de-chaumont-loire\/\"]}]},{\"@type\":\"BreadcrumbList\",\"@id\":\"http:\/\/www.ipctours.com\/es\/coupon-visite-domaine-de-chaumont-loire\/#breadcrumb\",\"itemListElement\":[{\"@type\":\"ListItem\",\"position\":1,\"name\":\"Visita del Domaine de Chaumont-sur-Loire 15.00 \u20ac\"}]}]}<\/script>\n<!-- \/ Yoast SEO plugin. -->","yoast_head_json":{"title":"Visita del Domaine de Chaumont-sur-Loire 15.00 \u20ac - Aerocom Montgolfi\u00e8res","robots":{"index":"index","follow":"follow","max-snippet":"max-snippet:-1","max-image-preview":"max-image-preview:large","max-video-preview":"max-video-preview:-1"},"canonical":"http:\/\/www.ipctours.com\/es\/coupon-visite-domaine-de-chaumont-loire\/","og_locale":"fr_FR","og_type":"article","og_title":"Visita del Domaine de Chaumont-sur-Loire 15.00 \u20ac - Aerocom Montgolfi\u00e8res","og_description":"Ver precios\u00a0 Ordenar en linea &nbsp; Aproveche nuestra tarifa especial: 15.00 \u20ac por persona en lugar de 18.00 \u20ac para la visita de todo el Domaine de Chaumont-sur-Loire, este lugar \u00ab\u00a0aparte\u00a0\u00bb, que combina el patrimonio, el arte y la naturaleza en un paisaje clasificado como Patrimonio de la Humanidad por la UNESCO . Descubrir\u00e1: &#8211; [&hellip;]","og_url":"http:\/\/www.ipctours.com\/es\/coupon-visite-domaine-de-chaumont-loire\/","og_site_name":"Aerocom Montgolfi\u00e8res","article_modified_time":"2018-09-22T07:59:50+00:00","author":"administrateur","twitter_card":"summary","twitter_misc":{"Dur\u00e9e de lecture estim\u00e9e":"1 minute"},"schema":{"@context":"https:\/\/schema.org","@graph":[{"@type":"WebSite","@id":"https:\/\/www.ipctours.com\/es\/#website","url":"https:\/\/www.ipctours.com\/es\/","name":"Aerocom Montgolfi\u00e8res","description":"Loire et ch\u00e2teaux en montgolfi\u00e8re","potentialAction":[{"@type":"SearchAction","target":{"@type":"EntryPoint","urlTemplate":"https:\/\/www.ipctours.com\/es\/?s={search_term_string}"},"query-input":"required name=search_term_string"}],"inLanguage":"fr-FR"},{"@type":"WebPage","@id":"http:\/\/www.ipctours.com\/es\/coupon-visite-domaine-de-chaumont-loire\/#webpage","url":"http:\/\/www.ipctours.com\/es\/coupon-visite-domaine-de-chaumont-loire\/","name":"Visita del Domaine de Chaumont-sur-Loire 15.00 \u20ac - Aerocom Montgolfi\u00e8res","isPartOf":{"@id":"https:\/\/www.ipctours.com\/es\/#website"},"datePublished":"2018-01-25T09:35:28+00:00","dateModified":"2018-09-22T07:59:50+00:00","breadcrumb":{"@id":"http:\/\/www.ipctours.com\/es\/coupon-visite-domaine-de-chaumont-loire\/#breadcrumb"},"inLanguage":"fr-FR","potentialAction":[{"@type":"ReadAction","target":["http:\/\/www.ipctours.com\/es\/coupon-visite-domaine-de-chaumont-loire\/"]}]},{"@type":"BreadcrumbList","@id":"http:\/\/www.ipctours.com\/es\/coupon-visite-domaine-de-chaumont-loire\/#breadcrumb","itemListElement":[{"@type":"ListItem","position":1,"name":"Visita del Domaine de Chaumont-sur-Loire 15.00 \u20ac"}]}]}},"_links":{"self":[{"href":"https:\/\/www.ipctours.com\/es\/wp-json\/wp\/v2\/pages\/2030"}],"collection":[{"href":"https:\/\/www.ipctours.com\/es\/wp-json\/wp\/v2\/pages"}],"about":[{"href":"https:\/\/www.ipctours.com\/es\/wp-json\/wp\/v2\/types\/page"}],"author":[{"embeddable":true,"href":"https:\/\/www.ipctours.com\/es\/wp-json\/wp\/v2\/users\/1"}],"replies":[{"embeddable":true,"href":"https:\/\/www.ipctours.com\/es\/wp-json\/wp\/v2\/comments?post=2030"}],"version-history":[{"count":16,"href":"https:\/\/www.ipctours.com\/es\/wp-json\/wp\/v2\/pages\/2030\/revisions"}],"predecessor-version":[{"id":2592,"href":"https:\/\/www.ipctours.com\/es\/wp-json\/wp\/v2\/pages\/2030\/revisions\/2592"}],"wp:attachment":[{"href":"https:\/\/www.ipctours.com\/es\/wp-json\/wp\/v2\/media?parent=2030"}],"curies":[{"name":"wp","href":"https:\/\/api.w.org\/{rel}","templated":true}]}}