{"id":2028,"date":"2018-01-25T10:35:09","date_gmt":"2018-01-25T09:35:09","guid":{"rendered":"http:\/\/www.ipctours.com\/es\/?page_id=2028"},"modified":"2018-09-14T13:55:26","modified_gmt":"2018-09-14T12:55:26","slug":"vol-accessibilite-949-00e-vol","status":"publish","type":"page","link":"https:\/\/www.ipctours.com\/es\/vol-accessibilite-949-00e-vol\/","title":{"rendered":"Vuelo Accesibilidad 749.00 \u20ac el vuelo"},"content":{"rendered":"<p style=\"text-align: center;\"><a href=\"http:\/\/www.ipctours.com\/es\/tarifs-reservations\/\">Ver precios<\/a><\/p>\n<div class=\"col-md-12\" style=\"padding: 0px;\">\n<div class=\"col-md-4\"><\/div>\n<div class=\"col-md-4\"><a class=\"btntarif\" href=\"http:\/\/www.ipctours.com\/boutique\/es\/accueil\/24-vol-accessibilite-pour-1-passager-a-mobilite-reduite-et-2-accompagnants.html\">Ordenar en linea<\/a><\/div>\n<div class=\"col-md-4\"><\/div>\n<\/div>\n<p>&nbsp;<\/p>\n<p style=\"text-align: justify;\">A\u00e9rocom Montgolfi\u00e8res responde a la solicitud de apertura a la discapacidad de su actividad de globo aerost\u00e1tico. Una canasta accesible con puerta y asiento permite a un pasajero con movilidad reducida disfrutar de un paseo en globo aerost\u00e1tico. Acompa\u00f1ado por 1 o 2 pasajeros de pie, les haremos descubrir el Valle del Loira mientras compartimos nuestra pasi\u00f3n por los globos.<\/p>\n<p style=\"text-align: justify;\">El pasajero que necesita una posici\u00f3n sentada se instala c\u00f3modamente en un asiento con un arn\u00e9s de seguridad. El asiento, adaptable en altura por un control remoto, permite ver y disfrutar de los paisajes.<\/p>\n<p style=\"text-align: justify;\">Los vuelos tienen lugar en Chaumont-sur-Loire, Chenonceau, Amboise o Blois. Despegamos cerca de uno de estos castillos para tener una vista impresionante. Para evitar el calor y los fuertes vientos, los vuelos siempre tienen lugar al amanecer o antes del atardecer, en momentos en que las luces son las m\u00e1s agradables.<\/p>\n<p style=\"text-align: justify;\">\nVaya a planear una disponibilidad de aproximadamente 3 horas :<\/p>\n<p style=\"text-align: justify;\">&#8211; Recepci\u00f3n en el punto de encuentro acordado<br \/>\n&#8211; Desplazamiento en el sitio de despegue en nuestro 4 \u00d7 4<br \/>\n&#8211; Hinchaz\u00f3n del globo con su participaci\u00f3n si lo desea<br \/>\n&#8211; Vuelo de 1 hora con el viento, no elegimos el trayecto<br \/>\n&#8211; Despu\u00e9s del aterrizaje, \u00ab\u00a0plegado\u00a0\u00bb del globo<br \/>\n&#8211; Toast de los A\u00e9rostiers y entrega del diploma de vuelo<br \/>\n&#8211; Regreso al lugar de encuentro en 4 \u00d7 4<\/p>\n<p style=\"text-align: justify;\">Consejos pr\u00e1cticos: ropa c\u00f3moda, zapatos planos y cerrados, no es m\u00e1s fr\u00edo en el aire que en el suelo.<\/p>\n","protected":false},"excerpt":{"rendered":"<p>Ver precios Ordenar en linea &nbsp; A\u00e9rocom Montgolfi\u00e8res responde a la solicitud de apertura a la discapacidad de su actividad de globo aerost\u00e1tico. Una canasta accesible con puerta y asiento permite a un pasajero con movilidad reducida disfrutar de un paseo en globo aerost\u00e1tico. Acompa\u00f1ado por 1 o 2 pasajeros de pie, les haremos descubrir [&hellip;]<\/p>\n","protected":false},"author":1,"featured_media":0,"parent":0,"menu_order":0,"comment_status":"closed","ping_status":"closed","template":"","meta":{"footnotes":""},"yoast_head":"<!-- This site is optimized with the Yoast SEO plugin v19.2 - https:\/\/yoast.com\/wordpress\/plugins\/seo\/ -->\n<title>Vol accessible \u00e0 un passager en situation de handicap<\/title>\n<meta name=\"description\" content=\"A\u00e9rocom Montgolfi\u00e8re permet \u00e0 un passager n\u00e9cessitant une position assise de voler gr\u00e2ce \u00e0 une nacelle accessible \u00e9quip\u00e9e d&#039;une porte et d&#039;un si\u00e8ge, accompagn\u00e9 de 2 personnes\" \/>\n<meta name=\"robots\" content=\"index, follow, max-snippet:-1, max-image-preview:large, max-video-preview:-1\" \/>\n<link rel=\"canonical\" href=\"http:\/\/www.ipctours.com\/es\/vol-accessibilite-949-00e-vol\/\" \/>\n<meta property=\"og:locale\" content=\"fr_FR\" \/>\n<meta property=\"og:type\" content=\"article\" \/>\n<meta property=\"og:title\" content=\"Vol accessible \u00e0 un passager en situation de handicap\" \/>\n<meta property=\"og:description\" content=\"A\u00e9rocom Montgolfi\u00e8re permet \u00e0 un passager n\u00e9cessitant une position assise de voler gr\u00e2ce \u00e0 une nacelle accessible \u00e9quip\u00e9e d&#039;une porte et d&#039;un si\u00e8ge, accompagn\u00e9 de 2 personnes\" \/>\n<meta property=\"og:url\" content=\"http:\/\/www.ipctours.com\/es\/vol-accessibilite-949-00e-vol\/\" \/>\n<meta property=\"og:site_name\" content=\"Aerocom Montgolfi\u00e8res\" \/>\n<meta property=\"article:modified_time\" content=\"2018-09-14T12:55:26+00:00\" \/>\n<meta name=\"author\" content=\"administrateur\" \/>\n<meta name=\"twitter:card\" content=\"summary\" \/>\n<meta name=\"twitter:label1\" content=\"Dur\u00e9e de lecture estim\u00e9e\" \/>\n\t<meta name=\"twitter:data1\" content=\"1 minute\" \/>\n<script type=\"application\/ld+json\" class=\"yoast-schema-graph\">{\"@context\":\"https:\/\/schema.org\",\"@graph\":[{\"@type\":\"WebSite\",\"@id\":\"https:\/\/www.ipctours.com\/es\/#website\",\"url\":\"https:\/\/www.ipctours.com\/es\/\",\"name\":\"Aerocom Montgolfi\u00e8res\",\"description\":\"Loire et ch\u00e2teaux en montgolfi\u00e8re\",\"potentialAction\":[{\"@type\":\"SearchAction\",\"target\":{\"@type\":\"EntryPoint\",\"urlTemplate\":\"https:\/\/www.ipctours.com\/es\/?s={search_term_string}\"},\"query-input\":\"required name=search_term_string\"}],\"inLanguage\":\"fr-FR\"},{\"@type\":\"WebPage\",\"@id\":\"http:\/\/www.ipctours.com\/es\/vol-accessibilite-949-00e-vol\/#webpage\",\"url\":\"http:\/\/www.ipctours.com\/es\/vol-accessibilite-949-00e-vol\/\",\"name\":\"Vol accessible \u00e0 un passager en situation de handicap\",\"isPartOf\":{\"@id\":\"https:\/\/www.ipctours.com\/es\/#website\"},\"datePublished\":\"2018-01-25T09:35:09+00:00\",\"dateModified\":\"2018-09-14T12:55:26+00:00\",\"description\":\"A\u00e9rocom Montgolfi\u00e8re permet \u00e0 un passager n\u00e9cessitant une position assise de voler gr\u00e2ce \u00e0 une nacelle accessible \u00e9quip\u00e9e d'une porte et d'un si\u00e8ge, accompagn\u00e9 de 2 personnes\",\"breadcrumb\":{\"@id\":\"http:\/\/www.ipctours.com\/es\/vol-accessibilite-949-00e-vol\/#breadcrumb\"},\"inLanguage\":\"fr-FR\",\"potentialAction\":[{\"@type\":\"ReadAction\",\"target\":[\"http:\/\/www.ipctours.com\/es\/vol-accessibilite-949-00e-vol\/\"]}]},{\"@type\":\"BreadcrumbList\",\"@id\":\"http:\/\/www.ipctours.com\/es\/vol-accessibilite-949-00e-vol\/#breadcrumb\",\"itemListElement\":[{\"@type\":\"ListItem\",\"position\":1,\"name\":\"Vuelo Accesibilidad 749.00 \u20ac el vuelo\"}]}]}<\/script>\n<!-- \/ Yoast SEO plugin. -->","yoast_head_json":{"title":"Vol accessible \u00e0 un passager en situation de handicap","description":"A\u00e9rocom Montgolfi\u00e8re permet \u00e0 un passager n\u00e9cessitant une position assise de voler gr\u00e2ce \u00e0 une nacelle accessible \u00e9quip\u00e9e d'une porte et d'un si\u00e8ge, accompagn\u00e9 de 2 personnes","robots":{"index":"index","follow":"follow","max-snippet":"max-snippet:-1","max-image-preview":"max-image-preview:large","max-video-preview":"max-video-preview:-1"},"canonical":"http:\/\/www.ipctours.com\/es\/vol-accessibilite-949-00e-vol\/","og_locale":"fr_FR","og_type":"article","og_title":"Vol accessible \u00e0 un passager en situation de handicap","og_description":"A\u00e9rocom Montgolfi\u00e8re permet \u00e0 un passager n\u00e9cessitant une position assise de voler gr\u00e2ce \u00e0 une nacelle accessible \u00e9quip\u00e9e d'une porte et d'un si\u00e8ge, accompagn\u00e9 de 2 personnes","og_url":"http:\/\/www.ipctours.com\/es\/vol-accessibilite-949-00e-vol\/","og_site_name":"Aerocom Montgolfi\u00e8res","article_modified_time":"2018-09-14T12:55:26+00:00","author":"administrateur","twitter_card":"summary","twitter_misc":{"Dur\u00e9e de lecture estim\u00e9e":"1 minute"},"schema":{"@context":"https:\/\/schema.org","@graph":[{"@type":"WebSite","@id":"https:\/\/www.ipctours.com\/es\/#website","url":"https:\/\/www.ipctours.com\/es\/","name":"Aerocom Montgolfi\u00e8res","description":"Loire et ch\u00e2teaux en montgolfi\u00e8re","potentialAction":[{"@type":"SearchAction","target":{"@type":"EntryPoint","urlTemplate":"https:\/\/www.ipctours.com\/es\/?s={search_term_string}"},"query-input":"required name=search_term_string"}],"inLanguage":"fr-FR"},{"@type":"WebPage","@id":"http:\/\/www.ipctours.com\/es\/vol-accessibilite-949-00e-vol\/#webpage","url":"http:\/\/www.ipctours.com\/es\/vol-accessibilite-949-00e-vol\/","name":"Vol accessible \u00e0 un passager en situation de handicap","isPartOf":{"@id":"https:\/\/www.ipctours.com\/es\/#website"},"datePublished":"2018-01-25T09:35:09+00:00","dateModified":"2018-09-14T12:55:26+00:00","description":"A\u00e9rocom Montgolfi\u00e8re permet \u00e0 un passager n\u00e9cessitant une position assise de voler gr\u00e2ce \u00e0 une nacelle accessible \u00e9quip\u00e9e d'une porte et d'un si\u00e8ge, accompagn\u00e9 de 2 personnes","breadcrumb":{"@id":"http:\/\/www.ipctours.com\/es\/vol-accessibilite-949-00e-vol\/#breadcrumb"},"inLanguage":"fr-FR","potentialAction":[{"@type":"ReadAction","target":["http:\/\/www.ipctours.com\/es\/vol-accessibilite-949-00e-vol\/"]}]},{"@type":"BreadcrumbList","@id":"http:\/\/www.ipctours.com\/es\/vol-accessibilite-949-00e-vol\/#breadcrumb","itemListElement":[{"@type":"ListItem","position":1,"name":"Vuelo Accesibilidad 749.00 \u20ac el vuelo"}]}]}},"_links":{"self":[{"href":"https:\/\/www.ipctours.com\/es\/wp-json\/wp\/v2\/pages\/2028"}],"collection":[{"href":"https:\/\/www.ipctours.com\/es\/wp-json\/wp\/v2\/pages"}],"about":[{"href":"https:\/\/www.ipctours.com\/es\/wp-json\/wp\/v2\/types\/page"}],"author":[{"embeddable":true,"href":"https:\/\/www.ipctours.com\/es\/wp-json\/wp\/v2\/users\/1"}],"replies":[{"embeddable":true,"href":"https:\/\/www.ipctours.com\/es\/wp-json\/wp\/v2\/comments?post=2028"}],"version-history":[{"count":21,"href":"https:\/\/www.ipctours.com\/es\/wp-json\/wp\/v2\/pages\/2028\/revisions"}],"predecessor-version":[{"id":2547,"href":"https:\/\/www.ipctours.com\/es\/wp-json\/wp\/v2\/pages\/2028\/revisions\/2547"}],"wp:attachment":[{"href":"https:\/\/www.ipctours.com\/es\/wp-json\/wp\/v2\/media?parent=2028"}],"curies":[{"name":"wp","href":"https:\/\/api.w.org\/{rel}","templated":true}]}}