{"id":2024,"date":"2018-01-25T10:33:59","date_gmt":"2018-01-25T09:33:59","guid":{"rendered":"http:\/\/www.ipctours.com\/es\/?page_id=2024"},"modified":"2023-12-05T08:56:27","modified_gmt":"2023-12-05T07:56:27","slug":"billet-enfant-vol-montgolfiere","status":"publish","type":"page","link":"https:\/\/www.ipctours.com\/es\/billet-enfant-vol-montgolfiere\/","title":{"rendered":"Tarifa infantil de 6 a 13 a\u00f1os incluido 159.00 \u20ac"},"content":{"rendered":"<p>\u00a1Haga que un ni\u00f1o descubra la magia de un vuelo en globo o comparta este evento con la familia! De 6 a\u00f1os para ver arriba de la canasta y hasta 13 a\u00f1os incluido : la presencia de un adulto es obligatoria.<\/p>\n<p style=\"text-align: center;\"><a href=\"http:\/\/www.ipctours.com\/es\/tarifs-reservations\/\">Ver precios<\/a><\/p>\n<div class=\"col-md-12\" style=\"padding: 0px;\">\n<div class=\"col-md-4\"><\/div>\n<div class=\"col-md-4\"><a class=\"btntarif\" href=\"http:\/\/www.ipctours.com\/boutique\/es\/index.php?id_product=12&amp;controller=product\">Ordenar en linea<\/a><\/div>\n<div class=\"col-md-4\"><\/div>\n<\/div>\n<p>&nbsp;<\/p>\n<p style=\"text-align: justify;\">Vuele en un globo aerost\u00e1tico en pareja o 3 personas y descubra el paisaje del Loira, sus castillos, sus vi\u00f1as, presas &#8230; Otras personas podr\u00e1n completar la canasta.<\/p>\n<p style=\"text-align: justify;\">Los vuelos tienen lugar al amanecer o 3 horas antes del atardecer, en momentos en que las luces son agradables y para disfrutar de la estabilidad del aire.<\/p>\n<p style=\"text-align: justify;\">Vaya a planear una disponibilidad de aproximadamente 3 horas :<\/p>\n<p style=\"text-align: justify;\">&#8211; Recepci\u00f3n en el punto de encuentro acordado<br \/>\n&#8211; Desplazamiento en el sitio de despegue en nuestro 4 \u00d7 4<br \/>\n&#8211; Hinchaz\u00f3n del globo con su participaci\u00f3n si lo desea<br \/>\n&#8211; Vuelo de 1 hora con el viento, no elegimos el trayecto<br \/>\n&#8211; Despu\u00e9s del aterrizaje, \u00ab\u00a0plegado\u00a0\u00bb del globo<br \/>\n&#8211; Toast de los A\u00e9rostiers y entrega del diploma de vuelo<br \/>\n&#8211; Regreso al lugar de encuentro en 4 \u00d7 4<\/p>\n<p style=\"text-align: justify;\">Consejos pr\u00e1cticos: ropa c\u00f3moda, zapatos planos y cerrados, no es m\u00e1s fr\u00edo en el aire que en el suelo.<\/p>\n","protected":false},"excerpt":{"rendered":"<p>\u00a1Haga que un ni\u00f1o descubra la magia de un vuelo en globo o comparta este evento con la familia! De 6 a\u00f1os para ver arriba de la canasta y hasta 13 a\u00f1os incluido : la presencia de un adulto es obligatoria. Ver precios Ordenar en linea &nbsp; Vuele en un globo aerost\u00e1tico en pareja o [&hellip;]<\/p>\n","protected":false},"author":1,"featured_media":0,"parent":0,"menu_order":0,"comment_status":"closed","ping_status":"closed","template":"","meta":{"footnotes":""},"yoast_head":"<!-- This site is optimized with the Yoast SEO plugin v19.2 - https:\/\/yoast.com\/wordpress\/plugins\/seo\/ -->\n<title>Tarifa infantil de 6 a 13 a\u00f1os incluido 159.00 \u20ac - Aerocom Montgolfi\u00e8res<\/title>\n<meta name=\"robots\" content=\"index, follow, max-snippet:-1, max-image-preview:large, max-video-preview:-1\" \/>\n<link rel=\"canonical\" href=\"https:\/\/www.ipctours.com\/es\/billet-enfant-vol-montgolfiere\/\" \/>\n<meta property=\"og:locale\" content=\"fr_FR\" \/>\n<meta property=\"og:type\" content=\"article\" \/>\n<meta property=\"og:title\" content=\"Tarifa infantil de 6 a 13 a\u00f1os incluido 159.00 \u20ac - Aerocom Montgolfi\u00e8res\" \/>\n<meta property=\"og:description\" content=\"\u00a1Haga que un ni\u00f1o descubra la magia de un vuelo en globo o comparta este evento con la familia! De 6 a\u00f1os para ver arriba de la canasta y hasta 13 a\u00f1os incluido : la presencia de un adulto es obligatoria. Ver precios Ordenar en linea &nbsp; Vuele en un globo aerost\u00e1tico en pareja o [&hellip;]\" \/>\n<meta property=\"og:url\" content=\"https:\/\/www.ipctours.com\/es\/billet-enfant-vol-montgolfiere\/\" \/>\n<meta property=\"og:site_name\" content=\"Aerocom Montgolfi\u00e8res\" \/>\n<meta property=\"article:modified_time\" content=\"2023-12-05T07:56:27+00:00\" \/>\n<meta name=\"author\" content=\"administrateur\" \/>\n<meta name=\"twitter:card\" content=\"summary\" \/>\n<meta name=\"twitter:label1\" content=\"Dur\u00e9e de lecture estim\u00e9e\" \/>\n\t<meta name=\"twitter:data1\" content=\"1 minute\" \/>\n<script type=\"application\/ld+json\" class=\"yoast-schema-graph\">{\"@context\":\"https:\/\/schema.org\",\"@graph\":[{\"@type\":\"WebSite\",\"@id\":\"https:\/\/www.ipctours.com\/es\/#website\",\"url\":\"https:\/\/www.ipctours.com\/es\/\",\"name\":\"Aerocom Montgolfi\u00e8res\",\"description\":\"Loire et ch\u00e2teaux en montgolfi\u00e8re\",\"potentialAction\":[{\"@type\":\"SearchAction\",\"target\":{\"@type\":\"EntryPoint\",\"urlTemplate\":\"https:\/\/www.ipctours.com\/es\/?s={search_term_string}\"},\"query-input\":\"required name=search_term_string\"}],\"inLanguage\":\"fr-FR\"},{\"@type\":\"WebPage\",\"@id\":\"https:\/\/www.ipctours.com\/es\/billet-enfant-vol-montgolfiere\/#webpage\",\"url\":\"https:\/\/www.ipctours.com\/es\/billet-enfant-vol-montgolfiere\/\",\"name\":\"Tarifa infantil de 6 a 13 a\u00f1os incluido 159.00 \u20ac - Aerocom Montgolfi\u00e8res\",\"isPartOf\":{\"@id\":\"https:\/\/www.ipctours.com\/es\/#website\"},\"datePublished\":\"2018-01-25T09:33:59+00:00\",\"dateModified\":\"2023-12-05T07:56:27+00:00\",\"breadcrumb\":{\"@id\":\"https:\/\/www.ipctours.com\/es\/billet-enfant-vol-montgolfiere\/#breadcrumb\"},\"inLanguage\":\"fr-FR\",\"potentialAction\":[{\"@type\":\"ReadAction\",\"target\":[\"https:\/\/www.ipctours.com\/es\/billet-enfant-vol-montgolfiere\/\"]}]},{\"@type\":\"BreadcrumbList\",\"@id\":\"https:\/\/www.ipctours.com\/es\/billet-enfant-vol-montgolfiere\/#breadcrumb\",\"itemListElement\":[{\"@type\":\"ListItem\",\"position\":1,\"name\":\"Tarifa infantil de 6 a 13 a\u00f1os incluido 159.00 \u20ac\"}]}]}<\/script>\n<!-- \/ Yoast SEO plugin. -->","yoast_head_json":{"title":"Tarifa infantil de 6 a 13 a\u00f1os incluido 159.00 \u20ac - Aerocom Montgolfi\u00e8res","robots":{"index":"index","follow":"follow","max-snippet":"max-snippet:-1","max-image-preview":"max-image-preview:large","max-video-preview":"max-video-preview:-1"},"canonical":"https:\/\/www.ipctours.com\/es\/billet-enfant-vol-montgolfiere\/","og_locale":"fr_FR","og_type":"article","og_title":"Tarifa infantil de 6 a 13 a\u00f1os incluido 159.00 \u20ac - Aerocom Montgolfi\u00e8res","og_description":"\u00a1Haga que un ni\u00f1o descubra la magia de un vuelo en globo o comparta este evento con la familia! De 6 a\u00f1os para ver arriba de la canasta y hasta 13 a\u00f1os incluido : la presencia de un adulto es obligatoria. Ver precios Ordenar en linea &nbsp; Vuele en un globo aerost\u00e1tico en pareja o [&hellip;]","og_url":"https:\/\/www.ipctours.com\/es\/billet-enfant-vol-montgolfiere\/","og_site_name":"Aerocom Montgolfi\u00e8res","article_modified_time":"2023-12-05T07:56:27+00:00","author":"administrateur","twitter_card":"summary","twitter_misc":{"Dur\u00e9e de lecture estim\u00e9e":"1 minute"},"schema":{"@context":"https:\/\/schema.org","@graph":[{"@type":"WebSite","@id":"https:\/\/www.ipctours.com\/es\/#website","url":"https:\/\/www.ipctours.com\/es\/","name":"Aerocom Montgolfi\u00e8res","description":"Loire et ch\u00e2teaux en montgolfi\u00e8re","potentialAction":[{"@type":"SearchAction","target":{"@type":"EntryPoint","urlTemplate":"https:\/\/www.ipctours.com\/es\/?s={search_term_string}"},"query-input":"required name=search_term_string"}],"inLanguage":"fr-FR"},{"@type":"WebPage","@id":"https:\/\/www.ipctours.com\/es\/billet-enfant-vol-montgolfiere\/#webpage","url":"https:\/\/www.ipctours.com\/es\/billet-enfant-vol-montgolfiere\/","name":"Tarifa infantil de 6 a 13 a\u00f1os incluido 159.00 \u20ac - Aerocom Montgolfi\u00e8res","isPartOf":{"@id":"https:\/\/www.ipctours.com\/es\/#website"},"datePublished":"2018-01-25T09:33:59+00:00","dateModified":"2023-12-05T07:56:27+00:00","breadcrumb":{"@id":"https:\/\/www.ipctours.com\/es\/billet-enfant-vol-montgolfiere\/#breadcrumb"},"inLanguage":"fr-FR","potentialAction":[{"@type":"ReadAction","target":["https:\/\/www.ipctours.com\/es\/billet-enfant-vol-montgolfiere\/"]}]},{"@type":"BreadcrumbList","@id":"https:\/\/www.ipctours.com\/es\/billet-enfant-vol-montgolfiere\/#breadcrumb","itemListElement":[{"@type":"ListItem","position":1,"name":"Tarifa infantil de 6 a 13 a\u00f1os incluido 159.00 \u20ac"}]}]}},"_links":{"self":[{"href":"https:\/\/www.ipctours.com\/es\/wp-json\/wp\/v2\/pages\/2024"}],"collection":[{"href":"https:\/\/www.ipctours.com\/es\/wp-json\/wp\/v2\/pages"}],"about":[{"href":"https:\/\/www.ipctours.com\/es\/wp-json\/wp\/v2\/types\/page"}],"author":[{"embeddable":true,"href":"https:\/\/www.ipctours.com\/es\/wp-json\/wp\/v2\/users\/1"}],"replies":[{"embeddable":true,"href":"https:\/\/www.ipctours.com\/es\/wp-json\/wp\/v2\/comments?post=2024"}],"version-history":[{"count":20,"href":"https:\/\/www.ipctours.com\/es\/wp-json\/wp\/v2\/pages\/2024\/revisions"}],"predecessor-version":[{"id":2607,"href":"https:\/\/www.ipctours.com\/es\/wp-json\/wp\/v2\/pages\/2024\/revisions\/2607"}],"wp:attachment":[{"href":"https:\/\/www.ipctours.com\/es\/wp-json\/wp\/v2\/media?parent=2024"}],"curies":[{"name":"wp","href":"https:\/\/api.w.org\/{rel}","templated":true}]}}