{"id":74,"date":"2016-03-25T16:13:59","date_gmt":"2016-03-25T15:13:59","guid":{"rendered":"http:\/\/www.ipctours.com\/en\/?page_id=74"},"modified":"2023-12-05T08:57:24","modified_gmt":"2023-12-05T07:57:24","slug":"tarifs-reservations","status":"publish","type":"page","link":"https:\/\/www.ipctours.com\/en\/tarifs-reservations\/","title":{"rendered":"Rates and booking options"},"content":{"rendered":"<p>Enjoy our exclusives:<\/p>\n<p>Simple rates with a single price regardless of the time, week, weekend or bank holiday.<br \/>\nAdapted booking options: purchase of your gift flight ticket or booking by deposit without cashing prior if you are passing.<\/p>\n<p>The flights take place every day with a more favorable season from April to October.\u00a0<a href=\"http:\/\/www.ipctours.com\/en\/les-horaires-de-decollage\/\">See the schedules.<\/a><br \/>\nExperience this beautiful hot air balloon trip from one of these prestigious castles: Blois, Chaumont-sur-Loire, Amboise or Chenonceau in the Loire Valley, a UNESCO World Heritage Site.\u00a0<a href=\"http:\/\/www.ipctours.com\/en\/les-lieux-de-decollage\/\">Locate the take-off sites.\u00a0\u00a0<\/a><a href=\"http:\/\/www.ipctours.com\/en\/le-vol-en-montgolfiere\/\">See how the ballon flight takes place.<\/a><\/p>\n<p>&nbsp;<\/p>\n<table class=\"rt-table\" style=\"height: 346px;\">\n<tbody>\n<tr style=\"height: 48px;\">\n<td style=\"width: 630px; height: 48px;\"><a href=\"http:\/\/www.ipctours.com\/en\/billet-adulte-individuel-vol-montgolfiere\/\">Individual adult\u00a0<\/a><\/td>\n<td style=\"width: 158px; height: 48px;\"><strong>209.00\u20ac<\/strong> \/ passenger<\/td>\n<\/tr>\n<tr style=\"height: 48px;\">\n<td style=\"width: 630px; height: 48px;\"><a href=\"http:\/\/www.ipctours.com\/en\/billet-de-2-a-3-adultes-vol-montgolfiere\/\">From 2 to 3 adults<\/a><\/td>\n<td style=\"width: 158px; height: 48px;\"><strong>199.00\u20ac<\/strong> \/ passenger<\/td>\n<\/tr>\n<tr style=\"height: 48px;\">\n<td style=\"width: 630px; height: 48px;\"><a href=\"http:\/\/www.ipctours.com\/en\/billet-a-partir-de-4-adultes-vol-montgolfiere\/\">From 4 adults<\/a><\/td>\n<td style=\"width: 158px; height: 48px;\"><strong>189.00\u20ac<\/strong> \/ passenger<\/td>\n<\/tr>\n<tr style=\"height: 48px;\">\n<td style=\"width: 630px; height: 48px;\"><a href=\"http:\/\/www.ipctours.com\/en\/billet-enfant-vol-montgolfiere\/\">Child from 6 to 13 years included<\/a><\/td>\n<td style=\"width: 158px; height: 48px;\"><strong>159.00\u20ac <\/strong>\/ passenger<\/td>\n<\/tr>\n<tr style=\"height: 48px;\">\n<td style=\"width: 630px; height: 48px;\"><a href=\"http:\/\/www.ipctours.com\/en\/vol-privilege-2-passagers\/\">Privilege flight for 2 passengers: the basket is exclusively reserved for you<\/a><\/td>\n<td style=\"width: 158px; height: 48px;\"><strong>749.00\u20ac<\/strong>\u00a0the flight<\/td>\n<\/tr>\n<tr style=\"height: 48px;\">\n<td style=\"width: 630px; height: 48px;\">Privilege flight for 3 passengers: the basket is exclusively reserved for you<\/td>\n<td style=\"width: 158px; height: 48px;\"><strong>897.00\u20ac<\/strong>\u00a0the flight<\/td>\n<\/tr>\n<tr style=\"height: 48px;\">\n<td style=\"width: 630px; height: 48px;\">Privilege flight for 4\/5 passengers: the basket is exclusively reserved for you<\/td>\n<td style=\"width: 158px; height: 48px;\"><strong>1099.00\u20ac<\/strong>\u00a0the flight<\/td>\n<\/tr>\n<tr style=\"height: 48px;\">\n<td style=\"width: 630px; height: 48px;\">Privilege flight for 6 passengers: the basket is exclusively reserved for you<\/td>\n<td style=\"width: 158px; height: 48px;\"><strong>1494.00\u20ac<\/strong>\u00a0the flight<\/td>\n<\/tr>\n<tr style=\"height: 48px;\">\n<td style=\"width: 630px; height: 48px;\">Privilege flight for 7\/8 passengers: the basket is exclusively reserved for you<\/td>\n<td style=\"width: 158px; height: 48px;\"><strong>1696.00\u20ac<\/strong>\u00a0the flight<\/td>\n<\/tr>\n<tr style=\"height: 48px;\">\n<td style=\"width: 630px; height: 48px;\"><a href=\"http:\/\/www.ipctours.com\/en\/vol-accessibilite-949-00e-vol\/\">Accessibility Flight for 1 passenger with reduced mobility and 1 accompanying person<\/a><\/td>\n<td style=\"width: 158px; height: 48px;\"><strong>749.00\u20ac <\/strong>the flight<\/td>\n<\/tr>\n<tr style=\"height: 24px;\">\n<td style=\"width: 630px; height: 24px;\"><a href=\"http:\/\/www.ipctours.com\/en\/coupon-visite-domaine-de-chaumont-loire\/\">Coupon Domaine de Chaumont-sur-Loire<\/a><\/td>\n<td style=\"width: 158px; height: 24px;\"><strong>15.00\u20ac <\/strong>\/ person<\/td>\n<\/tr>\n<\/tbody>\n<\/table>\n<div class=\"col-md-12\" style=\"margin-top: 15px; margin-bottom: 15px; padding: 0px;\">\n<div class=\"col-md-4\">Price including VAT 10%<\/div>\n<div class=\"col-md-4\" style=\"text-align: left;\"><a class=\"btntarif\" href=\"http:\/\/www.ipctours.com\/boutique\/en\/\">Order online<\/a><\/div>\n<div class=\"col-md-4\"><\/div>\n<h1><\/h1>\n<h1><\/h1>\n<h1>Choose\u00a0your booking option<\/h1>\n<\/div>\n<div class=\"col-md-12\" style=\"padding: 0px;\">\n<div class=\"col-md-6\">\n<p><img loading=\"lazy\" decoding=\"async\" class=\"alignnone wp-image-1414 size-full\" src=\"http:\/\/www.ipctours.com\/en\/wp-content\/uploads\/2017\/09\/reservation-simple-vol-montgolfiere.jpg\" alt=\"R\u00e9servation simple A\u00e9rocom\" width=\"526\" height=\"325\" srcset=\"https:\/\/www.ipctours.com\/en\/wp-content\/uploads\/2017\/09\/reservation-simple-vol-montgolfiere.jpg 526w, https:\/\/www.ipctours.com\/en\/wp-content\/uploads\/2017\/09\/reservation-simple-vol-montgolfiere-300x185.jpg 300w\" sizes=\"(max-width: 526px) 100vw, 526px\" \/><\/p>\n<h2>Simple Reservation<\/h2>\n<p style=\"text-align: justify;\">No prior receipt if you are visiting, if you are a group, family, friends or professionals at a specific date to take into account weather forecast.<\/p>\n<p style=\"text-align: justify;\">A deposit is required by credit card. No cashing is made before the date of your flight. In case of bad weather and if no postponement is possible, the reservation is destroyed.<\/p>\n<\/div>\n<div class=\"col-md-6\">\n<p><img loading=\"lazy\" decoding=\"async\" class=\"alignnone wp-image-1467 size-full\" src=\"http:\/\/www.ipctours.com\/en\/wp-content\/uploads\/2017\/10\/billet-cadeau-aerocom.jpg\" alt=\"Billet Cadeau vol en montgolfi\u00e8re\" width=\"526\" height=\"325\" srcset=\"https:\/\/www.ipctours.com\/en\/wp-content\/uploads\/2017\/10\/billet-cadeau-aerocom.jpg 526w, https:\/\/www.ipctours.com\/en\/wp-content\/uploads\/2017\/10\/billet-cadeau-aerocom-300x185.jpg 300w\" sizes=\"(max-width: 526px) 100vw, 526px\" \/><\/p>\n<h2>Gift ticket<\/h2>\n<p style=\"text-align: justify;\">For a gift, you want to offer or offer you a flight ticket valid for 2 years. So you pay the total amount. The beneficiary will determine the date and the site of departure. If the weather does not allow the flight the day planned, it is postponed and the ticket remains valid.<\/p>\n<\/div>\n<div class=\"col-md-12\" style=\"margin-bottom: 30px; padding: 0px;\">\n<div class=\"col-md-6\" style=\"padding: 0px;\">\n<div class=\"col-md-3\"><\/div>\n<div class=\"col-md-6\"><a class=\"btntarif\" href=\"http:\/\/www.ipctours.com\/en\/wp-content\/uploads\/2023\/12\/2023-BOOKING-FORM-ENGLISH.pdf\" target=\"_blank\" rel=\"noopener\">Download a form\u00a0<\/a><\/div>\n<div class=\"col-md-3\"><\/div>\n<\/div>\n<div class=\"col-md-6\" style=\"padding: 0px;\">\n<div class=\"col-md-3\"><\/div>\n<div class=\"col-md-6\"><a class=\"btntarif\" href=\"http:\/\/www.ipctours.com\/boutique\/en\/\">Order online<br \/>\n<\/a><\/div>\n<div class=\"col-md-3\"><\/div>\n<\/div>\n<\/div>\n<\/div>\n","protected":false},"excerpt":{"rendered":"<p>Enjoy our exclusives: Simple rates with a single price regardless of the time, week, weekend or bank holiday. Adapted booking options: purchase of your gift flight ticket or booking by deposit without cashing prior if you are passing. The flights take place every day with a more favorable season from April to October.\u00a0See the schedules. [&hellip;]<\/p>\n","protected":false},"author":1,"featured_media":0,"parent":0,"menu_order":0,"comment_status":"closed","ping_status":"closed","template":"","meta":{"footnotes":""},"yoast_head":"<!-- This site is optimized with the Yoast SEO plugin v19.2 - https:\/\/yoast.com\/wordpress\/plugins\/seo\/ -->\n<title>Des tarifs simples\u00a0avec prix unique pour la semaine, week-end, jour f\u00e9ri\u00e9<\/title>\n<meta name=\"description\" content=\"Des tarifs simples avec un prix unique quel que soit le moment , semaine, week-end ou jour f\u00e9ri\u00e9. 2 formules : billet cadeau ou r\u00e9servation par acompte.\" \/>\n<meta name=\"robots\" content=\"index, follow, max-snippet:-1, max-image-preview:large, max-video-preview:-1\" \/>\n<link rel=\"canonical\" href=\"https:\/\/www.ipctours.com\/en\/tarifs-reservations\/\" \/>\n<meta property=\"og:locale\" content=\"fr_FR\" \/>\n<meta property=\"og:type\" content=\"article\" \/>\n<meta property=\"og:title\" content=\"Des tarifs simples\u00a0avec prix unique pour la semaine, week-end, jour f\u00e9ri\u00e9\" \/>\n<meta property=\"og:description\" content=\"Des tarifs simples avec un prix unique quel que soit le moment , semaine, week-end ou jour f\u00e9ri\u00e9. 2 formules : billet cadeau ou r\u00e9servation par acompte.\" \/>\n<meta property=\"og:url\" content=\"https:\/\/www.ipctours.com\/en\/tarifs-reservations\/\" \/>\n<meta property=\"og:site_name\" content=\"Aerocom Montgolfi\u00e8res\" \/>\n<meta property=\"article:modified_time\" content=\"2023-12-05T07:57:24+00:00\" \/>\n<meta property=\"og:image\" content=\"http:\/\/www.ipctours.com\/en\/wp-content\/uploads\/2017\/09\/reservation-simple-vol-montgolfiere.jpg\" \/>\n<meta name=\"author\" content=\"administrateur\" \/>\n<meta name=\"twitter:card\" content=\"summary\" \/>\n<meta name=\"twitter:label1\" content=\"Dur\u00e9e de lecture estim\u00e9e\" \/>\n\t<meta name=\"twitter:data1\" content=\"2 minutes\" \/>\n<script type=\"application\/ld+json\" class=\"yoast-schema-graph\">{\"@context\":\"https:\/\/schema.org\",\"@graph\":[{\"@type\":\"WebSite\",\"@id\":\"https:\/\/www.ipctours.com\/en\/#website\",\"url\":\"https:\/\/www.ipctours.com\/en\/\",\"name\":\"Aerocom Montgolfi\u00e8res\",\"description\":\"Loire et ch\u00e2teaux en montgolfi\u00e8re\",\"potentialAction\":[{\"@type\":\"SearchAction\",\"target\":{\"@type\":\"EntryPoint\",\"urlTemplate\":\"https:\/\/www.ipctours.com\/en\/?s={search_term_string}\"},\"query-input\":\"required name=search_term_string\"}],\"inLanguage\":\"fr-FR\"},{\"@type\":\"ImageObject\",\"inLanguage\":\"fr-FR\",\"@id\":\"https:\/\/www.ipctours.com\/en\/tarifs-reservations\/#primaryimage\",\"url\":\"https:\/\/www.ipctours.com\/en\/wp-content\/uploads\/2017\/09\/reservation-simple-vol-montgolfiere.jpg\",\"contentUrl\":\"https:\/\/www.ipctours.com\/en\/wp-content\/uploads\/2017\/09\/reservation-simple-vol-montgolfiere.jpg\",\"width\":526,\"height\":325,\"caption\":\"R\u00e9servation simple A\u00e9rocom\"},{\"@type\":\"WebPage\",\"@id\":\"https:\/\/www.ipctours.com\/en\/tarifs-reservations\/#webpage\",\"url\":\"https:\/\/www.ipctours.com\/en\/tarifs-reservations\/\",\"name\":\"Des tarifs simples\u00a0avec prix unique pour la semaine, week-end, jour f\u00e9ri\u00e9\",\"isPartOf\":{\"@id\":\"https:\/\/www.ipctours.com\/en\/#website\"},\"primaryImageOfPage\":{\"@id\":\"https:\/\/www.ipctours.com\/en\/tarifs-reservations\/#primaryimage\"},\"datePublished\":\"2016-03-25T15:13:59+00:00\",\"dateModified\":\"2023-12-05T07:57:24+00:00\",\"description\":\"Des tarifs simples avec un prix unique quel que soit le moment , semaine, week-end ou jour f\u00e9ri\u00e9. 2 formules : billet cadeau ou r\u00e9servation par acompte.\",\"breadcrumb\":{\"@id\":\"https:\/\/www.ipctours.com\/en\/tarifs-reservations\/#breadcrumb\"},\"inLanguage\":\"fr-FR\",\"potentialAction\":[{\"@type\":\"ReadAction\",\"target\":[\"https:\/\/www.ipctours.com\/en\/tarifs-reservations\/\"]}]},{\"@type\":\"BreadcrumbList\",\"@id\":\"https:\/\/www.ipctours.com\/en\/tarifs-reservations\/#breadcrumb\",\"itemListElement\":[{\"@type\":\"ListItem\",\"position\":1,\"name\":\"Rates and booking options\"}]}]}<\/script>\n<!-- \/ Yoast SEO plugin. -->","yoast_head_json":{"title":"Des tarifs simples\u00a0avec prix unique pour la semaine, week-end, jour f\u00e9ri\u00e9","description":"Des tarifs simples avec un prix unique quel que soit le moment , semaine, week-end ou jour f\u00e9ri\u00e9. 2 formules : billet cadeau ou r\u00e9servation par acompte.","robots":{"index":"index","follow":"follow","max-snippet":"max-snippet:-1","max-image-preview":"max-image-preview:large","max-video-preview":"max-video-preview:-1"},"canonical":"https:\/\/www.ipctours.com\/en\/tarifs-reservations\/","og_locale":"fr_FR","og_type":"article","og_title":"Des tarifs simples\u00a0avec prix unique pour la semaine, week-end, jour f\u00e9ri\u00e9","og_description":"Des tarifs simples avec un prix unique quel que soit le moment , semaine, week-end ou jour f\u00e9ri\u00e9. 2 formules : billet cadeau ou r\u00e9servation par acompte.","og_url":"https:\/\/www.ipctours.com\/en\/tarifs-reservations\/","og_site_name":"Aerocom Montgolfi\u00e8res","article_modified_time":"2023-12-05T07:57:24+00:00","og_image":[{"url":"http:\/\/www.ipctours.com\/en\/wp-content\/uploads\/2017\/09\/reservation-simple-vol-montgolfiere.jpg"}],"author":"administrateur","twitter_card":"summary","twitter_misc":{"Dur\u00e9e de lecture estim\u00e9e":"2 minutes"},"schema":{"@context":"https:\/\/schema.org","@graph":[{"@type":"WebSite","@id":"https:\/\/www.ipctours.com\/en\/#website","url":"https:\/\/www.ipctours.com\/en\/","name":"Aerocom Montgolfi\u00e8res","description":"Loire et ch\u00e2teaux en montgolfi\u00e8re","potentialAction":[{"@type":"SearchAction","target":{"@type":"EntryPoint","urlTemplate":"https:\/\/www.ipctours.com\/en\/?s={search_term_string}"},"query-input":"required name=search_term_string"}],"inLanguage":"fr-FR"},{"@type":"ImageObject","inLanguage":"fr-FR","@id":"https:\/\/www.ipctours.com\/en\/tarifs-reservations\/#primaryimage","url":"https:\/\/www.ipctours.com\/en\/wp-content\/uploads\/2017\/09\/reservation-simple-vol-montgolfiere.jpg","contentUrl":"https:\/\/www.ipctours.com\/en\/wp-content\/uploads\/2017\/09\/reservation-simple-vol-montgolfiere.jpg","width":526,"height":325,"caption":"R\u00e9servation simple A\u00e9rocom"},{"@type":"WebPage","@id":"https:\/\/www.ipctours.com\/en\/tarifs-reservations\/#webpage","url":"https:\/\/www.ipctours.com\/en\/tarifs-reservations\/","name":"Des tarifs simples\u00a0avec prix unique pour la semaine, week-end, jour f\u00e9ri\u00e9","isPartOf":{"@id":"https:\/\/www.ipctours.com\/en\/#website"},"primaryImageOfPage":{"@id":"https:\/\/www.ipctours.com\/en\/tarifs-reservations\/#primaryimage"},"datePublished":"2016-03-25T15:13:59+00:00","dateModified":"2023-12-05T07:57:24+00:00","description":"Des tarifs simples avec un prix unique quel que soit le moment , semaine, week-end ou jour f\u00e9ri\u00e9. 2 formules : billet cadeau ou r\u00e9servation par acompte.","breadcrumb":{"@id":"https:\/\/www.ipctours.com\/en\/tarifs-reservations\/#breadcrumb"},"inLanguage":"fr-FR","potentialAction":[{"@type":"ReadAction","target":["https:\/\/www.ipctours.com\/en\/tarifs-reservations\/"]}]},{"@type":"BreadcrumbList","@id":"https:\/\/www.ipctours.com\/en\/tarifs-reservations\/#breadcrumb","itemListElement":[{"@type":"ListItem","position":1,"name":"Rates and booking options"}]}]}},"_links":{"self":[{"href":"https:\/\/www.ipctours.com\/en\/wp-json\/wp\/v2\/pages\/74"}],"collection":[{"href":"https:\/\/www.ipctours.com\/en\/wp-json\/wp\/v2\/pages"}],"about":[{"href":"https:\/\/www.ipctours.com\/en\/wp-json\/wp\/v2\/types\/page"}],"author":[{"embeddable":true,"href":"https:\/\/www.ipctours.com\/en\/wp-json\/wp\/v2\/users\/1"}],"replies":[{"embeddable":true,"href":"https:\/\/www.ipctours.com\/en\/wp-json\/wp\/v2\/comments?post=74"}],"version-history":[{"count":268,"href":"https:\/\/www.ipctours.com\/en\/wp-json\/wp\/v2\/pages\/74\/revisions"}],"predecessor-version":[{"id":2563,"href":"https:\/\/www.ipctours.com\/en\/wp-json\/wp\/v2\/pages\/74\/revisions\/2563"}],"wp:attachment":[{"href":"https:\/\/www.ipctours.com\/en\/wp-json\/wp\/v2\/media?parent=74"}],"curies":[{"name":"wp","href":"https:\/\/api.w.org\/{rel}","templated":true}]}}