{"id":72,"date":"2016-03-25T16:10:30","date_gmt":"2016-03-25T15:10:30","guid":{"rendered":"http:\/\/www.ipctours.com\/en\/?page_id=72"},"modified":"2018-07-27T12:10:24","modified_gmt":"2018-07-27T11:10:24","slug":"les-lieux-de-decollage","status":"publish","type":"page","link":"https:\/\/www.ipctours.com\/en\/les-lieux-de-decollage\/","title":{"rendered":"Our take-off sites"},"content":{"rendered":"<p style=\"text-align: left;\">The take-off takes place near a castle and the Loire at Chaumont-sur-Loire, Blois or Amboise or on the banks of the Cher, at Chenonceau. The choice is made during your reservation but your pilot may change at the time of the flight depending on the weather. It will always be in the interest of the flight because we must not forget that it is the wind by its direction and its speed that decides the course.<\/p>\n<p style=\"text-align: left;\"><a href=\"http:\/\/www.ipctours.com\/en\/le-vol-en-montgolfiere\/\"><strong>See the proceeding of the flight in hot-air balloon.<\/strong><\/a><\/p>\n<div><\/div>\n<div style=\"text-align: center;\">Consult our addresses of meeting and locate our take-off sites on the map<\/div>\n<div class=\"col-md-12 \" style=\"padding: 0px; padding-top: 40px;\"><div class=\"na-prefix\">\n\t<div class=\"grid grid-pad\">\n\t\t\t\t \n\t\t\n\t<\/div>\n\t\t<div class=\"clearfix\"><\/div>\n<\/div><\/div>\n<div class=\"col-md-12 \" style=\"padding: 10px; padding-top: 40px;\"><style type=\"text\/css\" id=\"gmpMapStyles_1_25612\">\n\t#google_map_easy_1_25612 {\n        width: 100%;\n        height: 575px;\n        float: ;\n        border: 0px solid ;\n        margin: 0px;\n    }\n\t#gmapControlsNum_1_25612 {\n\t\twidth:100%\t}\n\t.gmpMapDetailsContainer#gmpMapDetailsContainer_1_25612 {\n\t\theight:575px;\n\t}\n\t.gmp_MapPreview#google_map_easy_1_25612 {\n\t\t\/*position:absolute;*\/\n\t\twidth:100%;\n\t}\n\t#mapConElem_1_25612{\n\t\twidth:100%\t}\n\t<\/style> <div class=\"gmp_map_opts \" id=\"mapConElem_1_25612\" data-id=\"1\" data-view-id=\"1_25612\" > <div class=\"gmpMapDetailsContainer\" id=\"gmpMapDetailsContainer_1_25612\"> <i class=\"gmpKMLLayersPreloader fa fa-spinner fa-spin\" aria-hidden=\"true\" style=\"display: none;\"><\/i> <div class=\"gmp_MapPreview \" id=\"google_map_easy_1_25612\"><\/div> <\/div> <div class=\"gmpMapProControlsCon\" id=\"gmpMapProControlsCon_1_25612\"> <\/div> <div class=\"gmpMapProDirectionsCon\" id=\"gmpMapProDirectionsCon_1_25612\" > <\/div> <div class=\"gmpMapProKmlFilterCon\" id=\"gmpMapProKmlFilterCon_1_25612\" > <\/div> <div class=\"gmpSocialSharingShell gmpSocialSharingShell_1_25612\"> <\/div> <div style=\"clear: both;\"><\/div> <\/div> <\/div>\n","protected":false},"excerpt":{"rendered":"<p>The take-off takes place near a castle and the Loire at Chaumont-sur-Loire, Blois or Amboise or on the banks of the Cher, at Chenonceau. The choice is made during your reservation but your pilot may change at the time of the flight depending on the weather. It will always be in the interest of the [&hellip;]<\/p>\n","protected":false},"author":1,"featured_media":0,"parent":0,"menu_order":0,"comment_status":"closed","ping_status":"closed","template":"","meta":{"footnotes":""},"yoast_head":"<!-- This site is optimized with the Yoast SEO plugin v19.2 - https:\/\/yoast.com\/wordpress\/plugins\/seo\/ -->\n<title>Les lieux de d\u00e9collage des montgolfieres - Aerocom Montgolfi\u00e8re<\/title>\n<meta name=\"description\" content=\"Les envols ont lieu au d\u00e9part de Chaumont-sur-Loire, Blois, Amboise, Chenonceau et d&#039;autres sites sur demande, \u00e0 l&#039;aude ou au cr\u00e9puscule, ...\" \/>\n<meta name=\"robots\" content=\"index, follow, max-snippet:-1, max-image-preview:large, max-video-preview:-1\" \/>\n<link rel=\"canonical\" href=\"http:\/\/www.ipctours.com\/en\/les-lieux-de-decollage\/\" \/>\n<meta property=\"og:locale\" content=\"fr_FR\" \/>\n<meta property=\"og:type\" content=\"article\" \/>\n<meta property=\"og:title\" content=\"Les lieux de d\u00e9collage des montgolfieres - Aerocom Montgolfi\u00e8re\" \/>\n<meta property=\"og:description\" content=\"Les envols ont lieu au d\u00e9part de Chaumont-sur-Loire, Blois, Amboise, Chenonceau et d&#039;autres sites sur demande, \u00e0 l&#039;aude ou au cr\u00e9puscule, ...\" \/>\n<meta property=\"og:url\" content=\"http:\/\/www.ipctours.com\/en\/les-lieux-de-decollage\/\" \/>\n<meta property=\"og:site_name\" content=\"Aerocom Montgolfi\u00e8res\" \/>\n<meta property=\"article:modified_time\" content=\"2018-07-27T11:10:24+00:00\" \/>\n<meta name=\"author\" content=\"administrateur\" \/>\n<meta name=\"twitter:card\" content=\"summary\" \/>\n<meta name=\"twitter:label1\" content=\"Dur\u00e9e de lecture estim\u00e9e\" \/>\n\t<meta name=\"twitter:data1\" content=\"1 minute\" \/>\n<script type=\"application\/ld+json\" class=\"yoast-schema-graph\">{\"@context\":\"https:\/\/schema.org\",\"@graph\":[{\"@type\":\"WebSite\",\"@id\":\"https:\/\/www.ipctours.com\/en\/#website\",\"url\":\"https:\/\/www.ipctours.com\/en\/\",\"name\":\"Aerocom Montgolfi\u00e8res\",\"description\":\"Loire et ch\u00e2teaux en montgolfi\u00e8re\",\"potentialAction\":[{\"@type\":\"SearchAction\",\"target\":{\"@type\":\"EntryPoint\",\"urlTemplate\":\"https:\/\/www.ipctours.com\/en\/?s={search_term_string}\"},\"query-input\":\"required name=search_term_string\"}],\"inLanguage\":\"fr-FR\"},{\"@type\":\"WebPage\",\"@id\":\"http:\/\/www.ipctours.com\/en\/les-lieux-de-decollage\/#webpage\",\"url\":\"http:\/\/www.ipctours.com\/en\/les-lieux-de-decollage\/\",\"name\":\"Les lieux de d\u00e9collage des montgolfieres - Aerocom Montgolfi\u00e8re\",\"isPartOf\":{\"@id\":\"https:\/\/www.ipctours.com\/en\/#website\"},\"datePublished\":\"2016-03-25T15:10:30+00:00\",\"dateModified\":\"2018-07-27T11:10:24+00:00\",\"description\":\"Les envols ont lieu au d\u00e9part de Chaumont-sur-Loire, Blois, Amboise, Chenonceau et d'autres sites sur demande, \u00e0 l'aude ou au cr\u00e9puscule, ...\",\"breadcrumb\":{\"@id\":\"http:\/\/www.ipctours.com\/en\/les-lieux-de-decollage\/#breadcrumb\"},\"inLanguage\":\"fr-FR\",\"potentialAction\":[{\"@type\":\"ReadAction\",\"target\":[\"http:\/\/www.ipctours.com\/en\/les-lieux-de-decollage\/\"]}]},{\"@type\":\"BreadcrumbList\",\"@id\":\"http:\/\/www.ipctours.com\/en\/les-lieux-de-decollage\/#breadcrumb\",\"itemListElement\":[{\"@type\":\"ListItem\",\"position\":1,\"name\":\"Our take-off sites\"}]}]}<\/script>\n<!-- \/ Yoast SEO plugin. -->","yoast_head_json":{"title":"Les lieux de d\u00e9collage des montgolfieres - Aerocom Montgolfi\u00e8re","description":"Les envols ont lieu au d\u00e9part de Chaumont-sur-Loire, Blois, Amboise, Chenonceau et d'autres sites sur demande, \u00e0 l'aude ou au cr\u00e9puscule, ...","robots":{"index":"index","follow":"follow","max-snippet":"max-snippet:-1","max-image-preview":"max-image-preview:large","max-video-preview":"max-video-preview:-1"},"canonical":"http:\/\/www.ipctours.com\/en\/les-lieux-de-decollage\/","og_locale":"fr_FR","og_type":"article","og_title":"Les lieux de d\u00e9collage des montgolfieres - Aerocom Montgolfi\u00e8re","og_description":"Les envols ont lieu au d\u00e9part de Chaumont-sur-Loire, Blois, Amboise, Chenonceau et d'autres sites sur demande, \u00e0 l'aude ou au cr\u00e9puscule, ...","og_url":"http:\/\/www.ipctours.com\/en\/les-lieux-de-decollage\/","og_site_name":"Aerocom Montgolfi\u00e8res","article_modified_time":"2018-07-27T11:10:24+00:00","author":"administrateur","twitter_card":"summary","twitter_misc":{"Dur\u00e9e de lecture estim\u00e9e":"1 minute"},"schema":{"@context":"https:\/\/schema.org","@graph":[{"@type":"WebSite","@id":"https:\/\/www.ipctours.com\/en\/#website","url":"https:\/\/www.ipctours.com\/en\/","name":"Aerocom Montgolfi\u00e8res","description":"Loire et ch\u00e2teaux en montgolfi\u00e8re","potentialAction":[{"@type":"SearchAction","target":{"@type":"EntryPoint","urlTemplate":"https:\/\/www.ipctours.com\/en\/?s={search_term_string}"},"query-input":"required name=search_term_string"}],"inLanguage":"fr-FR"},{"@type":"WebPage","@id":"http:\/\/www.ipctours.com\/en\/les-lieux-de-decollage\/#webpage","url":"http:\/\/www.ipctours.com\/en\/les-lieux-de-decollage\/","name":"Les lieux de d\u00e9collage des montgolfieres - Aerocom Montgolfi\u00e8re","isPartOf":{"@id":"https:\/\/www.ipctours.com\/en\/#website"},"datePublished":"2016-03-25T15:10:30+00:00","dateModified":"2018-07-27T11:10:24+00:00","description":"Les envols ont lieu au d\u00e9part de Chaumont-sur-Loire, Blois, Amboise, Chenonceau et d'autres sites sur demande, \u00e0 l'aude ou au cr\u00e9puscule, ...","breadcrumb":{"@id":"http:\/\/www.ipctours.com\/en\/les-lieux-de-decollage\/#breadcrumb"},"inLanguage":"fr-FR","potentialAction":[{"@type":"ReadAction","target":["http:\/\/www.ipctours.com\/en\/les-lieux-de-decollage\/"]}]},{"@type":"BreadcrumbList","@id":"http:\/\/www.ipctours.com\/en\/les-lieux-de-decollage\/#breadcrumb","itemListElement":[{"@type":"ListItem","position":1,"name":"Our take-off sites"}]}]}},"_links":{"self":[{"href":"https:\/\/www.ipctours.com\/en\/wp-json\/wp\/v2\/pages\/72"}],"collection":[{"href":"https:\/\/www.ipctours.com\/en\/wp-json\/wp\/v2\/pages"}],"about":[{"href":"https:\/\/www.ipctours.com\/en\/wp-json\/wp\/v2\/types\/page"}],"author":[{"embeddable":true,"href":"https:\/\/www.ipctours.com\/en\/wp-json\/wp\/v2\/users\/1"}],"replies":[{"embeddable":true,"href":"https:\/\/www.ipctours.com\/en\/wp-json\/wp\/v2\/comments?post=72"}],"version-history":[{"count":91,"href":"https:\/\/www.ipctours.com\/en\/wp-json\/wp\/v2\/pages\/72\/revisions"}],"predecessor-version":[{"id":2536,"href":"https:\/\/www.ipctours.com\/en\/wp-json\/wp\/v2\/pages\/72\/revisions\/2536"}],"wp:attachment":[{"href":"https:\/\/www.ipctours.com\/en\/wp-json\/wp\/v2\/media?parent=72"}],"curies":[{"name":"wp","href":"https:\/\/api.w.org\/{rel}","templated":true}]}}