{"id":68,"date":"2016-03-25T16:05:05","date_gmt":"2016-03-25T15:05:05","guid":{"rendered":"http:\/\/www.ipctours.com\/en\/?page_id=68"},"modified":"2018-07-26T13:44:29","modified_gmt":"2018-07-26T12:44:29","slug":"les-horaires-de-decollage","status":"publish","type":"page","link":"https:\/\/www.ipctours.com\/en\/les-horaires-de-decollage\/","title":{"rendered":"What time are we flying ?"},"content":{"rendered":"<p style=\"text-align: justify;\">In order to avoid the thermal winds, the balloon take-off times always take place at sunrise or before sunset, at the most beautiful hours. During the best season, from April to October, it is therefore early in the morning or at dinner time that we will invite you &#8230; for your balloon flight! The schedule of your meeting point is always indicated during your booking. It can be refined depending on the weather information on the day of the flight. In this case, we will specify it to you during your confirmation by phone.<\/p>\n<p style=\"text-align: justify;\">We take on you at the agreed meeting address and you drive you in our 4 \u00d7 4 on the\u00a0take-off.\u00a0<a href=\"http:\/\/www.ipctours.com\/en\/les-lieux-de-decollage\/\">See our take-off sites<\/a>. It takes about half an hour for the balloon to be inflated and it takes you for a nice ride to the balcony of the sky. Do not think it&rsquo;s cold up there! You will not be colder in the air than on the ground. Plan a comfortable outfit, such as for a walk in the forest with shoes without heel and closed. It is only after the evening flight, somewhere in the countryside, that we can feel the freshness of the end of the day and that a warmer garment is sometimes welcome time to share the toast of the A\u00e9rostiers!<\/p>\n<p>&nbsp;<\/p>\n<div class=\"col-md-4 col-sm-4\" style=\"padding: 10px;\"><img loading=\"lazy\" decoding=\"async\" class=\"alignnone wp-image-1778 size-full\" src=\"http:\/\/www.ipctours.com\/en\/wp-content\/uploads\/2017\/11\/vol-montgolfiere-dessus-brume.jpg\" alt=\"Brume en montgolfi\u00e8re\" width=\"500\" height=\"355\" srcset=\"https:\/\/www.ipctours.com\/en\/wp-content\/uploads\/2017\/11\/vol-montgolfiere-dessus-brume.jpg 500w, https:\/\/www.ipctours.com\/en\/wp-content\/uploads\/2017\/11\/vol-montgolfiere-dessus-brume-300x213.jpg 300w\" sizes=\"(max-width: 500px) 100vw, 500px\" \/><\/div>\n<div class=\"col-md-4 col-sm-4\" style=\"padding: 10px;\"><img loading=\"lazy\" decoding=\"async\" class=\"alignnone wp-image-1779 size-full\" src=\"http:\/\/www.ipctours.com\/en\/wp-content\/uploads\/2017\/11\/lever-coucher-soleil-vol-montgolfiere.jpg\" alt=\"Lever ou coucher de soleil ?\" width=\"500\" height=\"355\" srcset=\"https:\/\/www.ipctours.com\/en\/wp-content\/uploads\/2017\/11\/lever-coucher-soleil-vol-montgolfiere.jpg 500w, https:\/\/www.ipctours.com\/en\/wp-content\/uploads\/2017\/11\/lever-coucher-soleil-vol-montgolfiere-300x213.jpg 300w\" sizes=\"(max-width: 500px) 100vw, 500px\" \/><\/div>\n<div class=\"col-md-4 col-sm-4\" style=\"padding: 10px;\"><img loading=\"lazy\" decoding=\"async\" class=\"alignnone wp-image-1780 size-full\" src=\"http:\/\/www.ipctours.com\/en\/wp-content\/uploads\/2017\/11\/arc-en-ciel-vol-montgolfiere.jpg\" alt=\"Arc-en-ciel au dessus d'une montgolfi\u00e8re\" width=\"500\" height=\"355\" srcset=\"https:\/\/www.ipctours.com\/en\/wp-content\/uploads\/2017\/11\/arc-en-ciel-vol-montgolfiere.jpg 500w, https:\/\/www.ipctours.com\/en\/wp-content\/uploads\/2017\/11\/arc-en-ciel-vol-montgolfiere-300x213.jpg 300w\" sizes=\"(max-width: 500px) 100vw, 500px\" \/><\/div>\n<p>&nbsp;<\/p>\n<h1 style=\"text-align: center;\">Meeting times*<\/h1>\n<table style=\"height: 232px;\" width=\"699\">\n<tbody>\n<tr>\n<td style=\"text-align: center;\">JANUARY<\/td>\n<td style=\"text-align: center;\">09H00 Am\u00a0 and 03H00 Pm<\/td>\n<td style=\"text-align: center;\">JULY<\/td>\n<td style=\"text-align: center;\">06H00 Am and 07H30 Pm<\/td>\n<\/tr>\n<tr>\n<td style=\"text-align: center;\">FEBRUARY<\/td>\n<td style=\"text-align: center;\">08H30 Am and 03H00 Pm<\/td>\n<td style=\"text-align: center;\">AUGUST<\/td>\n<td style=\"text-align: center;\">06H30 Am and 06H30 Pm<\/td>\n<\/tr>\n<tr>\n<td style=\"text-align: center;\">MARCH<\/td>\n<td style=\"text-align: center;\">07H30 Am and 05H00 Pm<\/td>\n<td style=\"text-align: center;\">SEPTEMBER<\/td>\n<td style=\"text-align: center;\">07H00 Am and 06H00 Pm<\/td>\n<\/tr>\n<tr>\n<td style=\"text-align: center;\">APRIL<\/td>\n<td style=\"text-align: center;\">07H00 Am and 06H00 Pm<\/td>\n<td style=\"text-align: center;\">OCTOBER<\/td>\n<td style=\"text-align: center;\">08H00 Am and 04H30 Pm<\/td>\n<\/tr>\n<tr>\n<td style=\"text-align: center;\">MAY<\/td>\n<td style=\"text-align: center;\">06H00 Am and 07H00 Pm<\/td>\n<td style=\"text-align: center;\">NOVEMBER<\/td>\n<td style=\"text-align: center;\">08H00 Am and 03H30 Pm<\/td>\n<\/tr>\n<tr>\n<td style=\"text-align: center;\">JUNE<\/td>\n<td style=\"text-align: center;\">06H00 Am and 07H30 Pm<\/td>\n<td style=\"text-align: center;\">DECEMBER<\/td>\n<td style=\"text-align: center;\">8H30 Am and 02H30 Pm<\/td>\n<\/tr>\n<\/tbody>\n<\/table>\n<p>&nbsp;<\/p>\n<p style=\"text-align: right;\">* As an indication, they can vary from 1\/4 to 1\/2 hour.<\/p>\n","protected":false},"excerpt":{"rendered":"<p>In order to avoid the thermal winds, the balloon take-off times always take place at sunrise or before sunset, at the most beautiful hours. During the best season, from April to October, it is therefore early in the morning or at dinner time that we will invite you &#8230; for your balloon flight! The schedule [&hellip;]<\/p>\n","protected":false},"author":1,"featured_media":0,"parent":0,"menu_order":0,"comment_status":"closed","ping_status":"closed","template":"","meta":{"footnotes":""},"yoast_head":"<!-- This site is optimized with the Yoast SEO plugin v19.2 - https:\/\/yoast.com\/wordpress\/plugins\/seo\/ -->\n<title>les horaires de d\u00e9collage sont t\u00f4t le matin ou avant le coucher du soleil.<\/title>\n<meta name=\"description\" content=\"Afin d&#039;\u00e9viter les vents thermiques, les horaires de d\u00e9collage\u00a0des\u00a0montgolfi\u00e8re ont toujours lieu au lever ou avant le coucher du soleil \u00e0 l&#039;heure o\u00f9 les lumi\u00e8res sont les plus belles.\" \/>\n<meta name=\"robots\" content=\"index, follow, max-snippet:-1, max-image-preview:large, max-video-preview:-1\" \/>\n<link rel=\"canonical\" href=\"https:\/\/www.ipctours.com\/en\/les-horaires-de-decollage\/\" \/>\n<meta property=\"og:locale\" content=\"fr_FR\" \/>\n<meta property=\"og:type\" content=\"article\" \/>\n<meta property=\"og:title\" content=\"les horaires de d\u00e9collage sont t\u00f4t le matin ou avant le coucher du soleil.\" \/>\n<meta property=\"og:description\" content=\"Afin d&#039;\u00e9viter les vents thermiques, les horaires de d\u00e9collage\u00a0des\u00a0montgolfi\u00e8re ont toujours lieu au lever ou avant le coucher du soleil \u00e0 l&#039;heure o\u00f9 les lumi\u00e8res sont les plus belles.\" \/>\n<meta property=\"og:url\" content=\"https:\/\/www.ipctours.com\/en\/les-horaires-de-decollage\/\" \/>\n<meta property=\"og:site_name\" content=\"Aerocom Montgolfi\u00e8res\" \/>\n<meta property=\"article:modified_time\" content=\"2018-07-26T12:44:29+00:00\" \/>\n<meta property=\"og:image\" content=\"http:\/\/www.ipctours.com\/en\/wp-content\/uploads\/2017\/11\/vol-montgolfiere-dessus-brume.jpg\" \/>\n<meta name=\"author\" content=\"administrateur\" \/>\n<meta name=\"twitter:card\" content=\"summary\" \/>\n<meta name=\"twitter:label1\" content=\"Dur\u00e9e de lecture estim\u00e9e\" \/>\n\t<meta name=\"twitter:data1\" content=\"2 minutes\" \/>\n<script type=\"application\/ld+json\" class=\"yoast-schema-graph\">{\"@context\":\"https:\/\/schema.org\",\"@graph\":[{\"@type\":\"WebSite\",\"@id\":\"https:\/\/www.ipctours.com\/en\/#website\",\"url\":\"https:\/\/www.ipctours.com\/en\/\",\"name\":\"Aerocom Montgolfi\u00e8res\",\"description\":\"Loire et ch\u00e2teaux en montgolfi\u00e8re\",\"potentialAction\":[{\"@type\":\"SearchAction\",\"target\":{\"@type\":\"EntryPoint\",\"urlTemplate\":\"https:\/\/www.ipctours.com\/en\/?s={search_term_string}\"},\"query-input\":\"required name=search_term_string\"}],\"inLanguage\":\"fr-FR\"},{\"@type\":\"ImageObject\",\"inLanguage\":\"fr-FR\",\"@id\":\"https:\/\/www.ipctours.com\/en\/les-horaires-de-decollage\/#primaryimage\",\"url\":\"https:\/\/www.ipctours.com\/en\/wp-content\/uploads\/2017\/11\/vol-montgolfiere-dessus-brume.jpg\",\"contentUrl\":\"https:\/\/www.ipctours.com\/en\/wp-content\/uploads\/2017\/11\/vol-montgolfiere-dessus-brume.jpg\",\"width\":500,\"height\":355,\"caption\":\"Brume en montgolfi\u00e8re\"},{\"@type\":\"WebPage\",\"@id\":\"https:\/\/www.ipctours.com\/en\/les-horaires-de-decollage\/#webpage\",\"url\":\"https:\/\/www.ipctours.com\/en\/les-horaires-de-decollage\/\",\"name\":\"les horaires de d\u00e9collage sont t\u00f4t le matin ou avant le coucher du soleil.\",\"isPartOf\":{\"@id\":\"https:\/\/www.ipctours.com\/en\/#website\"},\"primaryImageOfPage\":{\"@id\":\"https:\/\/www.ipctours.com\/en\/les-horaires-de-decollage\/#primaryimage\"},\"datePublished\":\"2016-03-25T15:05:05+00:00\",\"dateModified\":\"2018-07-26T12:44:29+00:00\",\"description\":\"Afin d'\u00e9viter les vents thermiques, les horaires de d\u00e9collage\u00a0des\u00a0montgolfi\u00e8re ont toujours lieu au lever ou avant le coucher du soleil \u00e0 l'heure o\u00f9 les lumi\u00e8res sont les plus belles.\",\"breadcrumb\":{\"@id\":\"https:\/\/www.ipctours.com\/en\/les-horaires-de-decollage\/#breadcrumb\"},\"inLanguage\":\"fr-FR\",\"potentialAction\":[{\"@type\":\"ReadAction\",\"target\":[\"https:\/\/www.ipctours.com\/en\/les-horaires-de-decollage\/\"]}]},{\"@type\":\"BreadcrumbList\",\"@id\":\"https:\/\/www.ipctours.com\/en\/les-horaires-de-decollage\/#breadcrumb\",\"itemListElement\":[{\"@type\":\"ListItem\",\"position\":1,\"name\":\"What time are we flying ?\"}]}]}<\/script>\n<!-- \/ Yoast SEO plugin. -->","yoast_head_json":{"title":"les horaires de d\u00e9collage sont t\u00f4t le matin ou avant le coucher du soleil.","description":"Afin d'\u00e9viter les vents thermiques, les horaires de d\u00e9collage\u00a0des\u00a0montgolfi\u00e8re ont toujours lieu au lever ou avant le coucher du soleil \u00e0 l'heure o\u00f9 les lumi\u00e8res sont les plus belles.","robots":{"index":"index","follow":"follow","max-snippet":"max-snippet:-1","max-image-preview":"max-image-preview:large","max-video-preview":"max-video-preview:-1"},"canonical":"https:\/\/www.ipctours.com\/en\/les-horaires-de-decollage\/","og_locale":"fr_FR","og_type":"article","og_title":"les horaires de d\u00e9collage sont t\u00f4t le matin ou avant le coucher du soleil.","og_description":"Afin d'\u00e9viter les vents thermiques, les horaires de d\u00e9collage\u00a0des\u00a0montgolfi\u00e8re ont toujours lieu au lever ou avant le coucher du soleil \u00e0 l'heure o\u00f9 les lumi\u00e8res sont les plus belles.","og_url":"https:\/\/www.ipctours.com\/en\/les-horaires-de-decollage\/","og_site_name":"Aerocom Montgolfi\u00e8res","article_modified_time":"2018-07-26T12:44:29+00:00","og_image":[{"url":"http:\/\/www.ipctours.com\/en\/wp-content\/uploads\/2017\/11\/vol-montgolfiere-dessus-brume.jpg"}],"author":"administrateur","twitter_card":"summary","twitter_misc":{"Dur\u00e9e de lecture estim\u00e9e":"2 minutes"},"schema":{"@context":"https:\/\/schema.org","@graph":[{"@type":"WebSite","@id":"https:\/\/www.ipctours.com\/en\/#website","url":"https:\/\/www.ipctours.com\/en\/","name":"Aerocom Montgolfi\u00e8res","description":"Loire et ch\u00e2teaux en montgolfi\u00e8re","potentialAction":[{"@type":"SearchAction","target":{"@type":"EntryPoint","urlTemplate":"https:\/\/www.ipctours.com\/en\/?s={search_term_string}"},"query-input":"required name=search_term_string"}],"inLanguage":"fr-FR"},{"@type":"ImageObject","inLanguage":"fr-FR","@id":"https:\/\/www.ipctours.com\/en\/les-horaires-de-decollage\/#primaryimage","url":"https:\/\/www.ipctours.com\/en\/wp-content\/uploads\/2017\/11\/vol-montgolfiere-dessus-brume.jpg","contentUrl":"https:\/\/www.ipctours.com\/en\/wp-content\/uploads\/2017\/11\/vol-montgolfiere-dessus-brume.jpg","width":500,"height":355,"caption":"Brume en montgolfi\u00e8re"},{"@type":"WebPage","@id":"https:\/\/www.ipctours.com\/en\/les-horaires-de-decollage\/#webpage","url":"https:\/\/www.ipctours.com\/en\/les-horaires-de-decollage\/","name":"les horaires de d\u00e9collage sont t\u00f4t le matin ou avant le coucher du soleil.","isPartOf":{"@id":"https:\/\/www.ipctours.com\/en\/#website"},"primaryImageOfPage":{"@id":"https:\/\/www.ipctours.com\/en\/les-horaires-de-decollage\/#primaryimage"},"datePublished":"2016-03-25T15:05:05+00:00","dateModified":"2018-07-26T12:44:29+00:00","description":"Afin d'\u00e9viter les vents thermiques, les horaires de d\u00e9collage\u00a0des\u00a0montgolfi\u00e8re ont toujours lieu au lever ou avant le coucher du soleil \u00e0 l'heure o\u00f9 les lumi\u00e8res sont les plus belles.","breadcrumb":{"@id":"https:\/\/www.ipctours.com\/en\/les-horaires-de-decollage\/#breadcrumb"},"inLanguage":"fr-FR","potentialAction":[{"@type":"ReadAction","target":["https:\/\/www.ipctours.com\/en\/les-horaires-de-decollage\/"]}]},{"@type":"BreadcrumbList","@id":"https:\/\/www.ipctours.com\/en\/les-horaires-de-decollage\/#breadcrumb","itemListElement":[{"@type":"ListItem","position":1,"name":"What time are we flying ?"}]}]}},"_links":{"self":[{"href":"https:\/\/www.ipctours.com\/en\/wp-json\/wp\/v2\/pages\/68"}],"collection":[{"href":"https:\/\/www.ipctours.com\/en\/wp-json\/wp\/v2\/pages"}],"about":[{"href":"https:\/\/www.ipctours.com\/en\/wp-json\/wp\/v2\/types\/page"}],"author":[{"embeddable":true,"href":"https:\/\/www.ipctours.com\/en\/wp-json\/wp\/v2\/users\/1"}],"replies":[{"embeddable":true,"href":"https:\/\/www.ipctours.com\/en\/wp-json\/wp\/v2\/comments?post=68"}],"version-history":[{"count":51,"href":"https:\/\/www.ipctours.com\/en\/wp-json\/wp\/v2\/pages\/68\/revisions"}],"predecessor-version":[{"id":2524,"href":"https:\/\/www.ipctours.com\/en\/wp-json\/wp\/v2\/pages\/68\/revisions\/2524"}],"wp:attachment":[{"href":"https:\/\/www.ipctours.com\/en\/wp-json\/wp\/v2\/media?parent=68"}],"curies":[{"name":"wp","href":"https:\/\/api.w.org\/{rel}","templated":true}]}}