{"id":39,"date":"2016-03-25T12:13:43","date_gmt":"2016-03-25T11:13:43","guid":{"rendered":"http:\/\/www.ipctours.com\/en\/?page_id=39"},"modified":"2018-07-12T10:29:14","modified_gmt":"2018-07-12T09:29:14","slug":"le-vol-en-montgolfiere","status":"publish","type":"page","link":"https:\/\/www.ipctours.com\/en\/le-vol-en-montgolfiere\/","title":{"rendered":"How takes place your flight in hot-air balloon?"},"content":{"rendered":"<p style=\"text-align: justify;\">Testimony of our passengers: the balloon flight is a privileged moment &#8230; The balloon flight is the silence &#8230; the immensity &#8230; No need of physical performance&#8230; No dizziness &#8230; You will come back conquered!<\/p>\n<p style=\"text-align: justify;\">Fly in Aerocom&rsquo;s balloons and take another look at the Loire Valley, its castles!<\/p>\n<p style=\"text-align: justify;\">You have booked and planned your flight in balloon. The D-day, after a phone confirmation of the weather conditions, our team is waiting for you at the agreed time and place with good shoes and a casual dress. Note that you will not be colder in the air than on the ground.<\/p>\n<p style=\"text-align: center;\">Here begins a beautiful exchange of sensations, adventure and conviviality<\/p>\n<div class=\"col-md-4 col-sm-4\" style=\"padding: 10px;\"><img loading=\"lazy\" decoding=\"async\" class=\"alignnone wp-image-1473 size-full\" src=\"http:\/\/www.ipctours.com\/en\/wp-content\/uploads\/2017\/10\/decollage-montgolfiere-aerocom.jpg\" alt=\"Decollage Montgolfiere\" width=\"500\" height=\"355\" srcset=\"https:\/\/www.ipctours.com\/en\/wp-content\/uploads\/2017\/10\/decollage-montgolfiere-aerocom.jpg 500w, https:\/\/www.ipctours.com\/en\/wp-content\/uploads\/2017\/10\/decollage-montgolfiere-aerocom-300x213.jpg 300w\" sizes=\"(max-width: 500px) 100vw, 500px\" \/><\/div>\n<div class=\"col-md-4 col-sm-4\" style=\"padding: 10px;\"><img loading=\"lazy\" decoding=\"async\" class=\"alignnone wp-image-1768 size-full\" src=\"http:\/\/www.ipctours.com\/en\/wp-content\/uploads\/2017\/11\/envol-montgolfiere-aerocom.jpg\" alt=\"Envol montgolfiere Aerocom\" width=\"500\" height=\"355\" srcset=\"https:\/\/www.ipctours.com\/en\/wp-content\/uploads\/2017\/11\/envol-montgolfiere-aerocom.jpg 500w, https:\/\/www.ipctours.com\/en\/wp-content\/uploads\/2017\/11\/envol-montgolfiere-aerocom-300x213.jpg 300w\" sizes=\"(max-width: 500px) 100vw, 500px\" \/><\/div>\n<div class=\"col-md-4 col-sm-4\" style=\"padding: 10px;\"><img loading=\"lazy\" decoding=\"async\" class=\"alignnone wp-image-1766 size-full\" src=\"http:\/\/www.ipctours.com\/en\/wp-content\/uploads\/2017\/11\/depart-vol-montgolfiere.jpg\" alt=\"D\u00e9part du vol en montgolfi\u00e8re\" width=\"500\" height=\"355\" srcset=\"https:\/\/www.ipctours.com\/en\/wp-content\/uploads\/2017\/11\/depart-vol-montgolfiere.jpg 500w, https:\/\/www.ipctours.com\/en\/wp-content\/uploads\/2017\/11\/depart-vol-montgolfiere-300x213.jpg 300w\" sizes=\"(max-width: 500px) 100vw, 500px\" \/><\/div>\n<p style=\"text-align: justify;\">The adventure begins with the preparation of the balloon in which you can participate. Then, the inflating of the envelope by the pilot. As soon as it releases the width, you are gone in the air!<\/p>\n<div class=\"col-md-4 col-sm-4\" style=\"padding: 10px;\"><img loading=\"lazy\" decoding=\"async\" class=\"alignnone wp-image-1475 size-full\" src=\"http:\/\/www.ipctours.com\/en\/wp-content\/uploads\/2017\/10\/deroulement-vol-montgolfiere.jpg\" alt=\"D\u00e9roulement vol en montgolfiere\" width=\"500\" height=\"355\" srcset=\"https:\/\/www.ipctours.com\/en\/wp-content\/uploads\/2017\/10\/deroulement-vol-montgolfiere.jpg 500w, https:\/\/www.ipctours.com\/en\/wp-content\/uploads\/2017\/10\/deroulement-vol-montgolfiere-300x213.jpg 300w\" sizes=\"(max-width: 500px) 100vw, 500px\" \/><\/div>\n<div class=\"col-md-4 col-sm-4\" style=\"padding: 10px;\"><img loading=\"lazy\" decoding=\"async\" class=\"alignnone wp-image-1478 size-full\" src=\"http:\/\/www.ipctours.com\/en\/wp-content\/uploads\/2017\/10\/vol-montgolfiere-amboise.jpg\" alt=\"Vol en montgolfiere au dessus d'Amboise\" width=\"500\" height=\"355\" srcset=\"https:\/\/www.ipctours.com\/en\/wp-content\/uploads\/2017\/10\/vol-montgolfiere-amboise.jpg 500w, https:\/\/www.ipctours.com\/en\/wp-content\/uploads\/2017\/10\/vol-montgolfiere-amboise-300x213.jpg 300w\" sizes=\"(max-width: 500px) 100vw, 500px\" \/><\/div>\n<div class=\"col-md-4 col-sm-4\" style=\"padding: 10px;\"><img loading=\"lazy\" decoding=\"async\" class=\"alignnone wp-image-1477 size-full\" src=\"http:\/\/www.ipctours.com\/en\/wp-content\/uploads\/2017\/10\/montgolfiere-chateau-de-la-loire.jpg\" alt=\"Vol au dessus des ch\u00e2teaux de la loire\" width=\"500\" height=\"355\" srcset=\"https:\/\/www.ipctours.com\/en\/wp-content\/uploads\/2017\/10\/montgolfiere-chateau-de-la-loire.jpg 500w, https:\/\/www.ipctours.com\/en\/wp-content\/uploads\/2017\/10\/montgolfiere-chateau-de-la-loire-300x213.jpg 300w\" sizes=\"(max-width: 500px) 100vw, 500px\" \/><\/div>\n<p style=\"text-align: justify;\">The flight is done in the course of the wind for an hour; it decides the distance and the direction that take your balloon. At the balcony of the sky, you will enjoy this privileged moment in the silence and fullness just punctuated by the sound of the burner &#8230; a castle, a small mist on the Loire, a roe deer, a new vision of our environment.<\/p>\n<div class=\"col-md-4 col-sm-4\" style=\"padding: 10px;\"><img loading=\"lazy\" decoding=\"async\" class=\"alignnone wp-image-1770 size-full\" src=\"http:\/\/www.ipctours.com\/en\/wp-content\/uploads\/2017\/11\/atterrissage-vol-montgolfiere.jpg\" alt=\"Atterrissage Montgolfi\u00e8re\" width=\"500\" height=\"355\" srcset=\"https:\/\/www.ipctours.com\/en\/wp-content\/uploads\/2017\/11\/atterrissage-vol-montgolfiere.jpg 500w, https:\/\/www.ipctours.com\/en\/wp-content\/uploads\/2017\/11\/atterrissage-vol-montgolfiere-300x213.jpg 300w\" sizes=\"(max-width: 500px) 100vw, 500px\" \/><\/div>\n<div class=\"col-md-4 col-sm-4\" style=\"padding: 10px;\"><img loading=\"lazy\" decoding=\"async\" class=\"alignnone wp-image-1771 size-full\" src=\"http:\/\/www.ipctours.com\/en\/wp-content\/uploads\/2017\/11\/equipe-aerocom.jpg\" alt=\"L'\u00e9quipe A\u00e9rocom Montgolfi\u00e8re\" width=\"500\" height=\"355\" srcset=\"https:\/\/www.ipctours.com\/en\/wp-content\/uploads\/2017\/11\/equipe-aerocom.jpg 500w, https:\/\/www.ipctours.com\/en\/wp-content\/uploads\/2017\/11\/equipe-aerocom-300x213.jpg 300w\" sizes=\"(max-width: 500px) 100vw, 500px\" \/><\/div>\n<div class=\"col-md-4 col-sm-4\" style=\"padding: 10px;\"><img loading=\"lazy\" decoding=\"async\" class=\"alignnone wp-image-1772 size-full\" src=\"http:\/\/www.ipctours.com\/en\/wp-content\/uploads\/2017\/11\/montgolfiere-aerocom.jpg\" alt=\"Montgolfi\u00e8res\" width=\"500\" height=\"355\" srcset=\"https:\/\/www.ipctours.com\/en\/wp-content\/uploads\/2017\/11\/montgolfiere-aerocom.jpg 500w, https:\/\/www.ipctours.com\/en\/wp-content\/uploads\/2017\/11\/montgolfiere-aerocom-300x213.jpg 300w\" sizes=\"(max-width: 500px) 100vw, 500px\" \/><\/div>\n<p style=\"text-align: justify;\">During your flight, the 4 \u00d7 4 ground crew is ready to follow the path of the balloon in radio communication with the pilot. In the hot air balloon, the pilot does not know at this time the landing ground! Throughout the course, he will be attentive to all the elements, weather, altitude &#8230; and its experience will allow him to make you appreciate your flight and to anticipate on the most appropriate ground to put the balloon.<\/p>\n<div class=\"col-md-4 col-sm-4\" style=\"padding: 10px;\"><img loading=\"lazy\" decoding=\"async\" class=\"alignnone wp-image-1472 size-full\" src=\"http:\/\/www.ipctours.com\/en\/wp-content\/uploads\/2017\/10\/aercom-preparation-vol.jpg\" alt=\"Pr\u00e9paration vol en montgolfi\u00e8re\" width=\"500\" height=\"355\" srcset=\"https:\/\/www.ipctours.com\/en\/wp-content\/uploads\/2017\/10\/aercom-preparation-vol.jpg 500w, https:\/\/www.ipctours.com\/en\/wp-content\/uploads\/2017\/10\/aercom-preparation-vol-300x213.jpg 300w\" sizes=\"(max-width: 500px) 100vw, 500px\" \/><\/div>\n<div class=\"col-md-4 col-sm-4\" style=\"padding: 10px;\"><img loading=\"lazy\" decoding=\"async\" class=\"alignnone wp-image-1479 size-full\" src=\"http:\/\/www.ipctours.com\/en\/wp-content\/uploads\/2017\/10\/vol-montgolfiere-famille.jpg\" alt=\"Vol montgolfiere en famille\" width=\"500\" height=\"355\" srcset=\"https:\/\/www.ipctours.com\/en\/wp-content\/uploads\/2017\/10\/vol-montgolfiere-famille.jpg 500w, https:\/\/www.ipctours.com\/en\/wp-content\/uploads\/2017\/10\/vol-montgolfiere-famille-300x213.jpg 300w\" sizes=\"(max-width: 500px) 100vw, 500px\" \/><\/div>\n<div class=\"col-md-4 col-sm-4\" style=\"padding: 10px;\"><img loading=\"lazy\" decoding=\"async\" class=\"alignnone wp-image-1471 size-full\" src=\"http:\/\/www.ipctours.com\/en\/wp-content\/uploads\/2017\/10\/aercom-pique-nique.jpg\" alt=\"Touraine Mesland\" width=\"500\" height=\"355\" srcset=\"https:\/\/www.ipctours.com\/en\/wp-content\/uploads\/2017\/10\/aercom-pique-nique.jpg 500w, https:\/\/www.ipctours.com\/en\/wp-content\/uploads\/2017\/10\/aercom-pique-nique-300x213.jpg 300w\" sizes=\"(max-width: 500px) 100vw, 500px\" \/><\/div>\n<p style=\"text-align: justify;\">At the landing, the balloon is folded together. Delighted with this beautiful breakaway and with this conviviality, your pilot and the crew celebrate the event by the delivery of your diploma and a coupe of fine bubbles from Touraine Mesland. The adventure ends! Alas &#8230; The 4\u00d74 brings everyone back to the starting point.<\/p>\n","protected":false},"excerpt":{"rendered":"<p>Testimony of our passengers: the balloon flight is a privileged moment &#8230; The balloon flight is the silence &#8230; the immensity &#8230; No need of physical performance&#8230; No dizziness &#8230; You will come back conquered! Fly in Aerocom&rsquo;s balloons and take another look at the Loire Valley, its castles! You have booked and planned your [&hellip;]<\/p>\n","protected":false},"author":1,"featured_media":0,"parent":0,"menu_order":0,"comment_status":"closed","ping_status":"closed","template":"","meta":{"footnotes":""},"yoast_head":"<!-- This site is optimized with the Yoast SEO plugin v19.2 - https:\/\/yoast.com\/wordpress\/plugins\/seo\/ -->\n<title>le vol en montgolfi\u00e8re d&#039;A\u00e9rocom : sensations aventure convivialit\u00e9<\/title>\n<meta name=\"description\" content=\"le vol en montgolfi\u00e8re, c&#039;est un bel \u00e9change de sensations, d&#039;aventure et de convivialit\u00e9, on n&#039;a pas le vertige et on en revient tr\u00e8s zen... t\u00e9moignage d&#039;un passager...\" \/>\n<meta name=\"robots\" content=\"index, follow, max-snippet:-1, max-image-preview:large, max-video-preview:-1\" \/>\n<link rel=\"canonical\" href=\"http:\/\/www.ipctours.com\/en\/le-vol-en-montgolfiere\/\" \/>\n<meta property=\"og:locale\" content=\"fr_FR\" \/>\n<meta property=\"og:type\" content=\"article\" \/>\n<meta property=\"og:title\" content=\"le vol en montgolfi\u00e8re d&#039;A\u00e9rocom : sensations aventure convivialit\u00e9\" \/>\n<meta property=\"og:description\" content=\"le vol en montgolfi\u00e8re, c&#039;est un bel \u00e9change de sensations, d&#039;aventure et de convivialit\u00e9, on n&#039;a pas le vertige et on en revient tr\u00e8s zen... t\u00e9moignage d&#039;un passager...\" \/>\n<meta property=\"og:url\" content=\"http:\/\/www.ipctours.com\/en\/le-vol-en-montgolfiere\/\" \/>\n<meta property=\"og:site_name\" content=\"Aerocom Montgolfi\u00e8res\" \/>\n<meta property=\"article:modified_time\" content=\"2018-07-12T09:29:14+00:00\" \/>\n<meta property=\"og:image\" content=\"http:\/\/www.ipctours.com\/en\/wp-content\/uploads\/2017\/10\/decollage-montgolfiere-aerocom.jpg\" \/>\n<meta name=\"author\" content=\"administrateur\" \/>\n<meta name=\"twitter:card\" content=\"summary\" \/>\n<meta name=\"twitter:label1\" content=\"Dur\u00e9e de lecture estim\u00e9e\" \/>\n\t<meta name=\"twitter:data1\" content=\"2 minutes\" \/>\n<script type=\"application\/ld+json\" class=\"yoast-schema-graph\">{\"@context\":\"https:\/\/schema.org\",\"@graph\":[{\"@type\":\"WebSite\",\"@id\":\"https:\/\/www.ipctours.com\/en\/#website\",\"url\":\"https:\/\/www.ipctours.com\/en\/\",\"name\":\"Aerocom Montgolfi\u00e8res\",\"description\":\"Loire et ch\u00e2teaux en montgolfi\u00e8re\",\"potentialAction\":[{\"@type\":\"SearchAction\",\"target\":{\"@type\":\"EntryPoint\",\"urlTemplate\":\"https:\/\/www.ipctours.com\/en\/?s={search_term_string}\"},\"query-input\":\"required name=search_term_string\"}],\"inLanguage\":\"fr-FR\"},{\"@type\":\"ImageObject\",\"inLanguage\":\"fr-FR\",\"@id\":\"http:\/\/www.ipctours.com\/en\/le-vol-en-montgolfiere\/#primaryimage\",\"url\":\"https:\/\/www.ipctours.com\/en\/wp-content\/uploads\/2017\/10\/decollage-montgolfiere-aerocom.jpg\",\"contentUrl\":\"https:\/\/www.ipctours.com\/en\/wp-content\/uploads\/2017\/10\/decollage-montgolfiere-aerocom.jpg\",\"width\":500,\"height\":355,\"caption\":\"Decollage Montgolfiere\"},{\"@type\":\"WebPage\",\"@id\":\"http:\/\/www.ipctours.com\/en\/le-vol-en-montgolfiere\/#webpage\",\"url\":\"http:\/\/www.ipctours.com\/en\/le-vol-en-montgolfiere\/\",\"name\":\"le vol en montgolfi\u00e8re d'A\u00e9rocom : sensations aventure convivialit\u00e9\",\"isPartOf\":{\"@id\":\"https:\/\/www.ipctours.com\/en\/#website\"},\"primaryImageOfPage\":{\"@id\":\"http:\/\/www.ipctours.com\/en\/le-vol-en-montgolfiere\/#primaryimage\"},\"datePublished\":\"2016-03-25T11:13:43+00:00\",\"dateModified\":\"2018-07-12T09:29:14+00:00\",\"description\":\"le vol en montgolfi\u00e8re, c'est un bel \u00e9change de sensations, d'aventure et de convivialit\u00e9, on n'a pas le vertige et on en revient tr\u00e8s zen... t\u00e9moignage d'un passager...\",\"breadcrumb\":{\"@id\":\"http:\/\/www.ipctours.com\/en\/le-vol-en-montgolfiere\/#breadcrumb\"},\"inLanguage\":\"fr-FR\",\"potentialAction\":[{\"@type\":\"ReadAction\",\"target\":[\"http:\/\/www.ipctours.com\/en\/le-vol-en-montgolfiere\/\"]}]},{\"@type\":\"BreadcrumbList\",\"@id\":\"http:\/\/www.ipctours.com\/en\/le-vol-en-montgolfiere\/#breadcrumb\",\"itemListElement\":[{\"@type\":\"ListItem\",\"position\":1,\"name\":\"How takes place your flight in hot-air balloon?\"}]}]}<\/script>\n<!-- \/ Yoast SEO plugin. -->","yoast_head_json":{"title":"le vol en montgolfi\u00e8re d'A\u00e9rocom : sensations aventure convivialit\u00e9","description":"le vol en montgolfi\u00e8re, c'est un bel \u00e9change de sensations, d'aventure et de convivialit\u00e9, on n'a pas le vertige et on en revient tr\u00e8s zen... t\u00e9moignage d'un passager...","robots":{"index":"index","follow":"follow","max-snippet":"max-snippet:-1","max-image-preview":"max-image-preview:large","max-video-preview":"max-video-preview:-1"},"canonical":"http:\/\/www.ipctours.com\/en\/le-vol-en-montgolfiere\/","og_locale":"fr_FR","og_type":"article","og_title":"le vol en montgolfi\u00e8re d'A\u00e9rocom : sensations aventure convivialit\u00e9","og_description":"le vol en montgolfi\u00e8re, c'est un bel \u00e9change de sensations, d'aventure et de convivialit\u00e9, on n'a pas le vertige et on en revient tr\u00e8s zen... t\u00e9moignage d'un passager...","og_url":"http:\/\/www.ipctours.com\/en\/le-vol-en-montgolfiere\/","og_site_name":"Aerocom Montgolfi\u00e8res","article_modified_time":"2018-07-12T09:29:14+00:00","og_image":[{"url":"http:\/\/www.ipctours.com\/en\/wp-content\/uploads\/2017\/10\/decollage-montgolfiere-aerocom.jpg"}],"author":"administrateur","twitter_card":"summary","twitter_misc":{"Dur\u00e9e de lecture estim\u00e9e":"2 minutes"},"schema":{"@context":"https:\/\/schema.org","@graph":[{"@type":"WebSite","@id":"https:\/\/www.ipctours.com\/en\/#website","url":"https:\/\/www.ipctours.com\/en\/","name":"Aerocom Montgolfi\u00e8res","description":"Loire et ch\u00e2teaux en montgolfi\u00e8re","potentialAction":[{"@type":"SearchAction","target":{"@type":"EntryPoint","urlTemplate":"https:\/\/www.ipctours.com\/en\/?s={search_term_string}"},"query-input":"required name=search_term_string"}],"inLanguage":"fr-FR"},{"@type":"ImageObject","inLanguage":"fr-FR","@id":"http:\/\/www.ipctours.com\/en\/le-vol-en-montgolfiere\/#primaryimage","url":"https:\/\/www.ipctours.com\/en\/wp-content\/uploads\/2017\/10\/decollage-montgolfiere-aerocom.jpg","contentUrl":"https:\/\/www.ipctours.com\/en\/wp-content\/uploads\/2017\/10\/decollage-montgolfiere-aerocom.jpg","width":500,"height":355,"caption":"Decollage Montgolfiere"},{"@type":"WebPage","@id":"http:\/\/www.ipctours.com\/en\/le-vol-en-montgolfiere\/#webpage","url":"http:\/\/www.ipctours.com\/en\/le-vol-en-montgolfiere\/","name":"le vol en montgolfi\u00e8re d'A\u00e9rocom : sensations aventure convivialit\u00e9","isPartOf":{"@id":"https:\/\/www.ipctours.com\/en\/#website"},"primaryImageOfPage":{"@id":"http:\/\/www.ipctours.com\/en\/le-vol-en-montgolfiere\/#primaryimage"},"datePublished":"2016-03-25T11:13:43+00:00","dateModified":"2018-07-12T09:29:14+00:00","description":"le vol en montgolfi\u00e8re, c'est un bel \u00e9change de sensations, d'aventure et de convivialit\u00e9, on n'a pas le vertige et on en revient tr\u00e8s zen... t\u00e9moignage d'un passager...","breadcrumb":{"@id":"http:\/\/www.ipctours.com\/en\/le-vol-en-montgolfiere\/#breadcrumb"},"inLanguage":"fr-FR","potentialAction":[{"@type":"ReadAction","target":["http:\/\/www.ipctours.com\/en\/le-vol-en-montgolfiere\/"]}]},{"@type":"BreadcrumbList","@id":"http:\/\/www.ipctours.com\/en\/le-vol-en-montgolfiere\/#breadcrumb","itemListElement":[{"@type":"ListItem","position":1,"name":"How takes place your flight in hot-air balloon?"}]}]}},"_links":{"self":[{"href":"https:\/\/www.ipctours.com\/en\/wp-json\/wp\/v2\/pages\/39"}],"collection":[{"href":"https:\/\/www.ipctours.com\/en\/wp-json\/wp\/v2\/pages"}],"about":[{"href":"https:\/\/www.ipctours.com\/en\/wp-json\/wp\/v2\/types\/page"}],"author":[{"embeddable":true,"href":"https:\/\/www.ipctours.com\/en\/wp-json\/wp\/v2\/users\/1"}],"replies":[{"embeddable":true,"href":"https:\/\/www.ipctours.com\/en\/wp-json\/wp\/v2\/comments?post=39"}],"version-history":[{"count":75,"href":"https:\/\/www.ipctours.com\/en\/wp-json\/wp\/v2\/pages\/39\/revisions"}],"predecessor-version":[{"id":2515,"href":"https:\/\/www.ipctours.com\/en\/wp-json\/wp\/v2\/pages\/39\/revisions\/2515"}],"wp:attachment":[{"href":"https:\/\/www.ipctours.com\/en\/wp-json\/wp\/v2\/media?parent=39"}],"curies":[{"name":"wp","href":"https:\/\/api.w.org\/{rel}","templated":true}]}}