{"id":381,"date":"2016-03-29T16:52:34","date_gmt":"2016-03-29T15:52:34","guid":{"rendered":"http:\/\/www.ipctours.com\/en\/?page_id=381"},"modified":"2018-07-26T14:52:22","modified_gmt":"2018-07-26T13:52:22","slug":"qui-sommes-nous-2","status":"publish","type":"page","link":"https:\/\/www.ipctours.com\/en\/qui-sommes-nous-2\/","title":{"rendered":"About A\u00e9rocom and its team &#8230;"},"content":{"rendered":"<p style=\"text-align: justify;\">A\u00e9rocom Montgolfi\u00e8res is the conviction of an enthusiast, Bruno PAREY, who made its leisure its profession.<\/p>\n<p style=\"text-align: justify;\">A\u00e9rocom exists since 1994, the name associated Aeronautics and Communication because at the beginning, the activity in the communication occupied all the time of the leader, Bruno PAREY. Passionate about the hot air balloon he has been practicing for 10 years, he launched into the air in 1998 as a professional by organizing flights in the Loire Valley as well as promotional operations with balloons. A\u00e9rocom then became &#8230; A\u00e9rocom Montgolfi\u00e8res by obtaining the approval of Air Carrier issued by the Civil Aviation.<\/p>\n<p style=\"text-align: justify;\">The company is located between Blois and Amboise, facing the castle of Chaumont-sur-Loire along the Loire, a UNESCO World Heritage Site.<\/p>\n<h2 style=\"text-align: center;\">And associated activities &#8230;<\/h2>\n<p style=\"text-align: justify;\">In 2004, A\u00e9rocom Montgolfi\u00e8res became the exclusive importer for France in hot air balloons with Ultramagic <a href=\"http:\/\/www.ultramagicfrance.com\" target=\"_blank\" rel=\"noopener\">www.ultramagicfrance.com<\/a>, world leader. The A\u00e9rocom air fleet is therefore always at the forefront of the evolution of its manufacturer. To date, A\u00e9rocom has sold more than 100 Ultramagic balloons on the French market!<br \/>\nTo ensure the control and maintenance of these aircrafts, A\u00e9rocom Montgolfi\u00e8res has became in 2006 a workshop approved by the Civil Aviation.<\/p>\n<p style=\"text-align: justify;\">In 2007, Aerocom located in Blois moves to Onzain opposite Chaumont-sur-Loire and its magnificent castle overlooking the Loire. Bruno and his wife V\u00e9ronique restore an old wine farm to create the Envol chambres d&rsquo;h\u00f4tes,\u00a0\u00a0<a href=\"http:\/\/www.dormirenvol.fr\" target=\"_blank\" rel=\"noopener\">www.dormirenvol.fr<\/a>\u00a0allowing passengers to stay and discover the country of the castles.<\/p>\n<p>&nbsp;<\/p>\n<h2 style=\"text-align: center;\">A team of enthusiasts<br \/>\nInitially, it&rsquo;s a hobby that becomes a passion and then a job<\/h2>\n<p>&nbsp;<\/p>\n<div class=\"col-md-12\" style=\"padding: 0px;\">\n<div class=\"col-md-4\"><img loading=\"lazy\" decoding=\"async\" class=\"alignnone wp-image-1518 size-full\" src=\"http:\/\/www.ipctours.com\/en\/wp-content\/uploads\/2017\/10\/bruno-parey-aerocom-montgolfiere.jpg\" alt=\"Bruno Parey \" width=\"500\" height=\"355\" srcset=\"https:\/\/www.ipctours.com\/en\/wp-content\/uploads\/2017\/10\/bruno-parey-aerocom-montgolfiere.jpg 500w, https:\/\/www.ipctours.com\/en\/wp-content\/uploads\/2017\/10\/bruno-parey-aerocom-montgolfiere-300x213.jpg 300w\" sizes=\"(max-width: 500px) 100vw, 500px\" \/><\/div>\n<div class=\"col-md-8\">\n<h3 style=\"margin-top: 0;\"><strong>Bruno PAREY<\/strong> &#8211;\u00a0Director and pilot<\/h3>\n<p style=\"text-align: justify;\">Pilot since 1989, instructor pilot in 1994, its passion does not leave him.<br \/>\nCompetitor at 11 championships of France. More than 3,000 flying hours in France and Europe but also at meetings in Tunisia, Canada and Mexico. 300 hours of flight in the Alps including a flight over the Mont Blanc at 6250 m for the Ushuai program in 1993.<br \/>\nIn 2000, he created welcoming twenty balloons, The Montgolfiades de Blois. 5 editions will follow one another. Followed in 2010 by the \u00ab\u00a0Ballons de l&rsquo;Espoir\u00a0\u00bb gathering sick children in partnership with Club 41 Salamandre and Biscuiterie Saint-Michel. The city of Blois then the Agglo Community as well as the Region Centre trusted him for the management of their balloon.<\/p>\n<\/div>\n<\/div>\n<p>&nbsp;<\/p>\n<div class=\"col-md-12\" style=\"padding: 0px; margin-top: 15px;\">\n<div class=\"col-md-3\"><img loading=\"lazy\" decoding=\"async\" class=\"alignnone wp-image-1520 size-full\" src=\"http:\/\/www.ipctours.com\/en\/wp-content\/uploads\/2017\/10\/federico-miceli-aerocom-montgolfiere.jpg\" alt=\"F\u00e9d\u00e9rico Miceli\" width=\"500\" height=\"355\" srcset=\"https:\/\/www.ipctours.com\/en\/wp-content\/uploads\/2017\/10\/federico-miceli-aerocom-montgolfiere.jpg 500w, https:\/\/www.ipctours.com\/en\/wp-content\/uploads\/2017\/10\/federico-miceli-aerocom-montgolfiere-300x213.jpg 300w\" sizes=\"(max-width: 500px) 100vw, 500px\" \/><\/div>\n<div class=\"col-md-3\">\n<h3 style=\"margin-top: 0;\"><strong>F\u00e9d\u00e9rico MICELI<\/strong> &#8211;\u00a0First Pilot<\/h3>\n<p style=\"text-align: justify;\">Originally from Valle d&rsquo;Aosta in Italy, he was born into a family of balloonists.<br \/>\nPilot Instructor since 2003, more than 2,500 hours of flight. Double Balloon Champion of Italy in 2014 and 2015. Selected at the World Championship in Japan in 2016. The basket is his second home! Since 2008, pilot leader at A\u00e9rocom, he has been passionately sharing his passion with the flight.<\/p>\n<\/div>\n<div class=\"col-md-3\"><img loading=\"lazy\" decoding=\"async\" class=\"alignnone wp-image-1825 size-full\" src=\"http:\/\/www.ipctours.com\/en\/wp-content\/uploads\/2017\/11\/laurence-fauvin-aerocom-montgolfiere.jpg\" alt=\"Laurence Fauvin\" width=\"500\" height=\"355\" srcset=\"https:\/\/www.ipctours.com\/en\/wp-content\/uploads\/2017\/11\/laurence-fauvin-aerocom-montgolfiere.jpg 500w, https:\/\/www.ipctours.com\/en\/wp-content\/uploads\/2017\/11\/laurence-fauvin-aerocom-montgolfiere-300x213.jpg 300w\" sizes=\"(max-width: 500px) 100vw, 500px\" \/><\/div>\n<div class=\"col-md-3\">\n<h3 style=\"margin-top: 0;\"><strong>Laurence FAUVIN<\/strong>-Sales Assistant and Pilot<\/h3>\n<p style=\"text-align: justify;\">An excellent telephone reception throughout the year to inform future passengers because she is experimental since 2006. In collaboration with Bruno for the management of the workshop and the sale of hot air balloons Ultramagic, she has a perfect knowledge of the world of the balloon! She participates in many aeronautical gatherings.<\/p>\n<\/div>\n<\/div>\n<div class=\"col-md-12\" style=\"padding: 0px; margin-top: 15px;\">\n<div class=\"col-md-3\"><img loading=\"lazy\" decoding=\"async\" class=\"alignnone wp-image-1826 size-full\" src=\"http:\/\/www.ipctours.com\/en\/wp-content\/uploads\/2017\/11\/veronique-parey-aerocom-montgolfiere.jpg\" alt=\"V\u00e9ronique Parey\" width=\"500\" height=\"355\" srcset=\"https:\/\/www.ipctours.com\/en\/wp-content\/uploads\/2017\/11\/veronique-parey-aerocom-montgolfiere.jpg 500w, https:\/\/www.ipctours.com\/en\/wp-content\/uploads\/2017\/11\/veronique-parey-aerocom-montgolfiere-300x213.jpg 300w\" sizes=\"(max-width: 500px) 100vw, 500px\" \/><\/div>\n<div class=\"col-md-3\">\n<h3 style=\"margin-top: 0;\"><strong>V\u00e9ronique PAREY<\/strong> &#8211; Administrative Assistant of A\u00e9rocom<\/h3>\n<p style=\"text-align: justify;\">Bruno&rsquo;s wife, she is in charge of the administrative management of A\u00e9rocom. In season, she manages the Envol rooms and offers advices and good addresses on the Loire and its castles with the passengers hosted on the spot.<\/p>\n<\/div>\n<div class=\"col-md-3\"><img loading=\"lazy\" decoding=\"async\" class=\"alignnone wp-image-1827 size-full\" src=\"http:\/\/www.ipctours.com\/en\/wp-content\/uploads\/2017\/11\/christophe-petit-aerocom-montgolfiere.jpg\" alt=\"Christophe Petit\" width=\"500\" height=\"355\" srcset=\"https:\/\/www.ipctours.com\/en\/wp-content\/uploads\/2017\/11\/christophe-petit-aerocom-montgolfiere.jpg 500w, https:\/\/www.ipctours.com\/en\/wp-content\/uploads\/2017\/11\/christophe-petit-aerocom-montgolfiere-300x213.jpg 300w\" sizes=\"(max-width: 500px) 100vw, 500px\" \/><\/div>\n<div class=\"col-md-3\">\n<h3 style=\"margin-top: 0;\"><strong>Christophe PETIT<\/strong> &#8211; Team member<\/h3>\n<p style=\"text-align: justify;\">Faithful since the creation of Aerocom, he is the Mac Gyver of Aerocom, always available to follow the balloon and repair &#8230; everything that repairs itself.<\/p>\n<\/div>\n<\/div>\n<p>&nbsp;<\/p>\n<h2 style=\"text-align: center;\">Selfie with the welcoming Aerocom team after the flight!<\/h2>\n<h3 style=\"text-align: center;\">*F\u00e9d\u00e9rico, Christophe, Guy, Maxime, J\u00e9r\u00f4me, Fran\u00e7ois, Samuel, Laurence, Tiphanie, Bruno et Mathieu<\/h3>\n<p style=\"text-align: center;\">*from left to right<\/p>\n<p><img loading=\"lazy\" decoding=\"async\" class=\"aligncenter wp-image-1515 size-full\" src=\"http:\/\/www.ipctours.com\/en\/wp-content\/uploads\/2017\/10\/equipe-aerocom-montgolfiere.jpg\" alt=\"L'\u00e9quipe d'A\u00e9rocom Montgolfi\u00e8re\" width=\"720\" height=\"447\" srcset=\"https:\/\/www.ipctours.com\/en\/wp-content\/uploads\/2017\/10\/equipe-aerocom-montgolfiere.jpg 720w, https:\/\/www.ipctours.com\/en\/wp-content\/uploads\/2017\/10\/equipe-aerocom-montgolfiere-300x186.jpg 300w\" sizes=\"(max-width: 720px) 100vw, 720px\" \/><\/p>\n<p>&nbsp;<\/p>\n<p style=\"text-align: justify;\">A\u00e9rocom Montgolfi\u00e8re is the holder of the national aircraft maintenance licence (hot air balloon category) \/ Maintenance Organization Approval Certificate No. FR.MF.210 .\/ Certificate of approval of the continuing airworthiness management organization No. FR.MG.419. CTA Air Carrier Certificate No. F-O 046.<\/p>\n","protected":false},"excerpt":{"rendered":"<p>A\u00e9rocom Montgolfi\u00e8res is the conviction of an enthusiast, Bruno PAREY, who made its leisure its profession. A\u00e9rocom exists since 1994, the name associated Aeronautics and Communication because at the beginning, the activity in the communication occupied all the time of the leader, Bruno PAREY. Passionate about the hot air balloon he has been practicing for [&hellip;]<\/p>\n","protected":false},"author":1,"featured_media":0,"parent":0,"menu_order":0,"comment_status":"closed","ping_status":"closed","template":"","meta":{"footnotes":""},"yoast_head":"<!-- This site is optimized with the Yoast SEO plugin v19.2 - https:\/\/yoast.com\/wordpress\/plugins\/seo\/ -->\n<title>A\u00e9rocom Montgolfi\u00e8res une \u00e9quipe de passionn\u00e9s qui ont fait de leur loisir une profession<\/title>\n<meta name=\"description\" content=\"A\u00e9rocom Montgolfi\u00e8res, c&#039;est la conviction d&#039;un passionn\u00e9, Bruno PAREY,\u00a0 qui a fait de son loisir sa profession.\u00a0\" \/>\n<meta name=\"robots\" content=\"index, follow, max-snippet:-1, max-image-preview:large, max-video-preview:-1\" \/>\n<link rel=\"canonical\" href=\"http:\/\/www.ipctours.com\/en\/qui-sommes-nous-2\/\" \/>\n<meta property=\"og:locale\" content=\"fr_FR\" \/>\n<meta property=\"og:type\" content=\"article\" \/>\n<meta property=\"og:title\" content=\"A\u00e9rocom Montgolfi\u00e8res une \u00e9quipe de passionn\u00e9s qui ont fait de leur loisir une profession\" \/>\n<meta property=\"og:description\" content=\"A\u00e9rocom Montgolfi\u00e8res, c&#039;est la conviction d&#039;un passionn\u00e9, Bruno PAREY,\u00a0 qui a fait de son loisir sa profession.\u00a0\" \/>\n<meta property=\"og:url\" content=\"http:\/\/www.ipctours.com\/en\/qui-sommes-nous-2\/\" \/>\n<meta property=\"og:site_name\" content=\"Aerocom Montgolfi\u00e8res\" \/>\n<meta property=\"article:modified_time\" content=\"2018-07-26T13:52:22+00:00\" \/>\n<meta property=\"og:image\" content=\"http:\/\/www.ipctours.com\/en\/wp-content\/uploads\/2017\/10\/bruno-parey-aerocom-montgolfiere.jpg\" \/>\n<meta name=\"author\" content=\"administrateur\" \/>\n<meta name=\"twitter:card\" content=\"summary\" \/>\n<meta name=\"twitter:label1\" content=\"Dur\u00e9e de lecture estim\u00e9e\" \/>\n\t<meta name=\"twitter:data1\" content=\"3 minutes\" \/>\n<script type=\"application\/ld+json\" class=\"yoast-schema-graph\">{\"@context\":\"https:\/\/schema.org\",\"@graph\":[{\"@type\":\"WebSite\",\"@id\":\"https:\/\/www.ipctours.com\/en\/#website\",\"url\":\"https:\/\/www.ipctours.com\/en\/\",\"name\":\"Aerocom Montgolfi\u00e8res\",\"description\":\"Loire et ch\u00e2teaux en montgolfi\u00e8re\",\"potentialAction\":[{\"@type\":\"SearchAction\",\"target\":{\"@type\":\"EntryPoint\",\"urlTemplate\":\"https:\/\/www.ipctours.com\/en\/?s={search_term_string}\"},\"query-input\":\"required name=search_term_string\"}],\"inLanguage\":\"fr-FR\"},{\"@type\":\"ImageObject\",\"inLanguage\":\"fr-FR\",\"@id\":\"http:\/\/www.ipctours.com\/en\/qui-sommes-nous-2\/#primaryimage\",\"url\":\"https:\/\/www.ipctours.com\/en\/wp-content\/uploads\/2017\/10\/bruno-parey-aerocom-montgolfiere.jpg\",\"contentUrl\":\"https:\/\/www.ipctours.com\/en\/wp-content\/uploads\/2017\/10\/bruno-parey-aerocom-montgolfiere.jpg\",\"width\":500,\"height\":355,\"caption\":\"Bruno Parey\"},{\"@type\":\"WebPage\",\"@id\":\"http:\/\/www.ipctours.com\/en\/qui-sommes-nous-2\/#webpage\",\"url\":\"http:\/\/www.ipctours.com\/en\/qui-sommes-nous-2\/\",\"name\":\"A\u00e9rocom Montgolfi\u00e8res une \u00e9quipe de passionn\u00e9s qui ont fait de leur loisir une profession\",\"isPartOf\":{\"@id\":\"https:\/\/www.ipctours.com\/en\/#website\"},\"primaryImageOfPage\":{\"@id\":\"http:\/\/www.ipctours.com\/en\/qui-sommes-nous-2\/#primaryimage\"},\"datePublished\":\"2016-03-29T15:52:34+00:00\",\"dateModified\":\"2018-07-26T13:52:22+00:00\",\"description\":\"A\u00e9rocom Montgolfi\u00e8res, c'est la conviction d'un passionn\u00e9, Bruno PAREY,\u00a0 qui a fait de son loisir sa profession.\u00a0\",\"breadcrumb\":{\"@id\":\"http:\/\/www.ipctours.com\/en\/qui-sommes-nous-2\/#breadcrumb\"},\"inLanguage\":\"fr-FR\",\"potentialAction\":[{\"@type\":\"ReadAction\",\"target\":[\"http:\/\/www.ipctours.com\/en\/qui-sommes-nous-2\/\"]}]},{\"@type\":\"BreadcrumbList\",\"@id\":\"http:\/\/www.ipctours.com\/en\/qui-sommes-nous-2\/#breadcrumb\",\"itemListElement\":[{\"@type\":\"ListItem\",\"position\":1,\"name\":\"About A\u00e9rocom and its team &#8230;\"}]}]}<\/script>\n<!-- \/ Yoast SEO plugin. -->","yoast_head_json":{"title":"A\u00e9rocom Montgolfi\u00e8res une \u00e9quipe de passionn\u00e9s qui ont fait de leur loisir une profession","description":"A\u00e9rocom Montgolfi\u00e8res, c'est la conviction d'un passionn\u00e9, Bruno PAREY,\u00a0 qui a fait de son loisir sa profession.\u00a0","robots":{"index":"index","follow":"follow","max-snippet":"max-snippet:-1","max-image-preview":"max-image-preview:large","max-video-preview":"max-video-preview:-1"},"canonical":"http:\/\/www.ipctours.com\/en\/qui-sommes-nous-2\/","og_locale":"fr_FR","og_type":"article","og_title":"A\u00e9rocom Montgolfi\u00e8res une \u00e9quipe de passionn\u00e9s qui ont fait de leur loisir une profession","og_description":"A\u00e9rocom Montgolfi\u00e8res, c'est la conviction d'un passionn\u00e9, Bruno PAREY,\u00a0 qui a fait de son loisir sa profession.\u00a0","og_url":"http:\/\/www.ipctours.com\/en\/qui-sommes-nous-2\/","og_site_name":"Aerocom Montgolfi\u00e8res","article_modified_time":"2018-07-26T13:52:22+00:00","og_image":[{"url":"http:\/\/www.ipctours.com\/en\/wp-content\/uploads\/2017\/10\/bruno-parey-aerocom-montgolfiere.jpg"}],"author":"administrateur","twitter_card":"summary","twitter_misc":{"Dur\u00e9e de lecture estim\u00e9e":"3 minutes"},"schema":{"@context":"https:\/\/schema.org","@graph":[{"@type":"WebSite","@id":"https:\/\/www.ipctours.com\/en\/#website","url":"https:\/\/www.ipctours.com\/en\/","name":"Aerocom Montgolfi\u00e8res","description":"Loire et ch\u00e2teaux en montgolfi\u00e8re","potentialAction":[{"@type":"SearchAction","target":{"@type":"EntryPoint","urlTemplate":"https:\/\/www.ipctours.com\/en\/?s={search_term_string}"},"query-input":"required name=search_term_string"}],"inLanguage":"fr-FR"},{"@type":"ImageObject","inLanguage":"fr-FR","@id":"http:\/\/www.ipctours.com\/en\/qui-sommes-nous-2\/#primaryimage","url":"https:\/\/www.ipctours.com\/en\/wp-content\/uploads\/2017\/10\/bruno-parey-aerocom-montgolfiere.jpg","contentUrl":"https:\/\/www.ipctours.com\/en\/wp-content\/uploads\/2017\/10\/bruno-parey-aerocom-montgolfiere.jpg","width":500,"height":355,"caption":"Bruno Parey"},{"@type":"WebPage","@id":"http:\/\/www.ipctours.com\/en\/qui-sommes-nous-2\/#webpage","url":"http:\/\/www.ipctours.com\/en\/qui-sommes-nous-2\/","name":"A\u00e9rocom Montgolfi\u00e8res une \u00e9quipe de passionn\u00e9s qui ont fait de leur loisir une profession","isPartOf":{"@id":"https:\/\/www.ipctours.com\/en\/#website"},"primaryImageOfPage":{"@id":"http:\/\/www.ipctours.com\/en\/qui-sommes-nous-2\/#primaryimage"},"datePublished":"2016-03-29T15:52:34+00:00","dateModified":"2018-07-26T13:52:22+00:00","description":"A\u00e9rocom Montgolfi\u00e8res, c'est la conviction d'un passionn\u00e9, Bruno PAREY,\u00a0 qui a fait de son loisir sa profession.\u00a0","breadcrumb":{"@id":"http:\/\/www.ipctours.com\/en\/qui-sommes-nous-2\/#breadcrumb"},"inLanguage":"fr-FR","potentialAction":[{"@type":"ReadAction","target":["http:\/\/www.ipctours.com\/en\/qui-sommes-nous-2\/"]}]},{"@type":"BreadcrumbList","@id":"http:\/\/www.ipctours.com\/en\/qui-sommes-nous-2\/#breadcrumb","itemListElement":[{"@type":"ListItem","position":1,"name":"About A\u00e9rocom and its team &#8230;"}]}]}},"_links":{"self":[{"href":"https:\/\/www.ipctours.com\/en\/wp-json\/wp\/v2\/pages\/381"}],"collection":[{"href":"https:\/\/www.ipctours.com\/en\/wp-json\/wp\/v2\/pages"}],"about":[{"href":"https:\/\/www.ipctours.com\/en\/wp-json\/wp\/v2\/types\/page"}],"author":[{"embeddable":true,"href":"https:\/\/www.ipctours.com\/en\/wp-json\/wp\/v2\/users\/1"}],"replies":[{"embeddable":true,"href":"https:\/\/www.ipctours.com\/en\/wp-json\/wp\/v2\/comments?post=381"}],"version-history":[{"count":89,"href":"https:\/\/www.ipctours.com\/en\/wp-json\/wp\/v2\/pages\/381\/revisions"}],"predecessor-version":[{"id":2528,"href":"https:\/\/www.ipctours.com\/en\/wp-json\/wp\/v2\/pages\/381\/revisions\/2528"}],"wp:attachment":[{"href":"https:\/\/www.ipctours.com\/en\/wp-json\/wp\/v2\/media?parent=381"}],"curies":[{"name":"wp","href":"https:\/\/api.w.org\/{rel}","templated":true}]}}