{"id":353,"date":"2016-03-29T16:17:22","date_gmt":"2016-03-29T15:17:22","guid":{"rendered":"http:\/\/www.ipctours.com\/en\/?page_id=353"},"modified":"2018-07-12T11:08:52","modified_gmt":"2018-07-12T10:08:52","slug":"mentions-legales","status":"publish","type":"page","link":"https:\/\/www.ipctours.com\/en\/mentions-legales\/","title":{"rendered":"Legal Notices"},"content":{"rendered":"<p style=\"text-align: center;\">(Regulated by Law No. 2004-575 of 21 June 2004 on confidence in the digital economy)<\/p>\n<p>&nbsp;<\/p>\n<h2 style=\"text-align: center;\">Edition<\/h2>\n<h2 style=\"text-align: center;\">This site is published by A\u00e9rocom Montgolfi\u00e8res<br \/>\n36 Rue de Chouzy &#8211; Onzain<br \/>\n41150 VEUZAIN-SUR-LOIRE &#8211; France<br \/>\nPhone +33 (0) 2 54 33 55 00<\/h2>\n<p>&nbsp;<\/p>\n<p>Realization and website hosting<\/p>\n<p>Ideo Point Com Company<\/p>\n<p>5 Rue du Four Brul\u00e9<\/p>\n<p>37110 CHATEAU RENAULT<\/p>\n<p>Tel: 02 47 52 24 28<\/p>\n<p>www.ideopoint.com<\/p>\n<p>&nbsp;<\/p>\n<h2>Responsibility<\/h2>\n<p style=\"text-align: justify;\">The owner insures only the responsibility for the information and the supplied services. However, A\u00e9rocom Montgolfi\u00e8res tries hard to assure the best of its possibilities, the accuracy and updating of information on this site, which it reserves the right to correct, at any time and without notice, the content. Also, it warns the visitor that it is up to him to verify the information by other means. Consequently, A\u00e9rocom Montgolfi\u00e8res declines all responsibility: for any inaccuracy or omission concerning information available on the site; for any damages resulting from a fraudulent intrusion by a third party resulting in a modification of the information made available on the site; and more generally for all damages, direct or indirect, whatever the causes, origins, nature or consequences, caused by the access of anyone to the site or the impossibility to access it, as well as the use of the site and \/ or credit granted to any information directly or indirectly from the latter. In addition, unless otherwise stated, the intellectual property rights in the documents contained in the site and each of the elements created for this site are the exclusive property of 4S Tours Table Tennis or its suppliers, which do not grant any license, nor any right other than to consult the site. The reproduction of any documents published on the site is only authorized for exclusive purposes of information for personal and private use, any reproduction and any use of copies made for other purposes being expressly prohibited. All trademarks mentioned on this site belong to their respective companies. All products, logos, and images mentioned in the pages of this site are the property of their respective brand.<\/p>\n<h2>Processing of personal data<\/h2>\n<p style=\"text-align: justify;\">The information that Aerocom Montgolfi\u00e8res will collect comes from the voluntary registration of an email address provided by the user, allowing him to receive documentation, to learn about any point. This information is never communicated to third parties.<\/p>\n<h2>Hypertext links (responsibility)<\/h2>\n<p style=\"text-align: justify;\">Hypertext links on the site directing users to other websites do not engage the responsibility of A\u00e9rocom Montgolfi\u00e8res for the content of these sites. Any natural or legal person wishing to establish a link with www.ipctours.com from our site, must first ask for permission. Linking to our site does not require authorization. A\u00e9rocom Montgolfi\u00e8res disclaims all liability in this case.<\/p>\n<p>&nbsp;<\/p>\n","protected":false},"excerpt":{"rendered":"<p>(Regulated by Law No. 2004-575 of 21 June 2004 on confidence in the digital economy) &nbsp; Edition This site is published by A\u00e9rocom Montgolfi\u00e8res 36 Rue de Chouzy &#8211; Onzain 41150 VEUZAIN-SUR-LOIRE &#8211; France Phone +33 (0) 2 54 33 55 00 &nbsp; Realization and website hosting Ideo Point Com Company 5 Rue du Four [&hellip;]<\/p>\n","protected":false},"author":1,"featured_media":0,"parent":0,"menu_order":0,"comment_status":"closed","ping_status":"closed","template":"","meta":{"footnotes":""},"yoast_head":"<!-- This site is optimized with the Yoast SEO plugin v19.2 - https:\/\/yoast.com\/wordpress\/plugins\/seo\/ -->\n<title>Legal Notices - Aerocom Montgolfi\u00e8res<\/title>\n<meta name=\"robots\" content=\"index, follow, max-snippet:-1, max-image-preview:large, max-video-preview:-1\" \/>\n<link rel=\"canonical\" href=\"https:\/\/www.ipctours.com\/en\/mentions-legales\/\" \/>\n<meta property=\"og:locale\" content=\"fr_FR\" \/>\n<meta property=\"og:type\" content=\"article\" \/>\n<meta property=\"og:title\" content=\"Legal Notices - Aerocom Montgolfi\u00e8res\" \/>\n<meta property=\"og:description\" content=\"(Regulated by Law No. 2004-575 of 21 June 2004 on confidence in the digital economy) &nbsp; Edition This site is published by A\u00e9rocom Montgolfi\u00e8res 36 Rue de Chouzy &#8211; Onzain 41150 VEUZAIN-SUR-LOIRE &#8211; France Phone +33 (0) 2 54 33 55 00 &nbsp; Realization and website hosting Ideo Point Com Company 5 Rue du Four [&hellip;]\" \/>\n<meta property=\"og:url\" content=\"https:\/\/www.ipctours.com\/en\/mentions-legales\/\" \/>\n<meta property=\"og:site_name\" content=\"Aerocom Montgolfi\u00e8res\" \/>\n<meta property=\"article:modified_time\" content=\"2018-07-12T10:08:52+00:00\" \/>\n<meta name=\"author\" content=\"administrateur\" \/>\n<meta name=\"twitter:card\" content=\"summary\" \/>\n<meta name=\"twitter:label1\" content=\"Dur\u00e9e de lecture estim\u00e9e\" \/>\n\t<meta name=\"twitter:data1\" content=\"2 minutes\" \/>\n<script type=\"application\/ld+json\" class=\"yoast-schema-graph\">{\"@context\":\"https:\/\/schema.org\",\"@graph\":[{\"@type\":\"WebSite\",\"@id\":\"https:\/\/www.ipctours.com\/en\/#website\",\"url\":\"https:\/\/www.ipctours.com\/en\/\",\"name\":\"Aerocom Montgolfi\u00e8res\",\"description\":\"Loire et ch\u00e2teaux en montgolfi\u00e8re\",\"potentialAction\":[{\"@type\":\"SearchAction\",\"target\":{\"@type\":\"EntryPoint\",\"urlTemplate\":\"https:\/\/www.ipctours.com\/en\/?s={search_term_string}\"},\"query-input\":\"required name=search_term_string\"}],\"inLanguage\":\"fr-FR\"},{\"@type\":\"WebPage\",\"@id\":\"https:\/\/www.ipctours.com\/en\/mentions-legales\/#webpage\",\"url\":\"https:\/\/www.ipctours.com\/en\/mentions-legales\/\",\"name\":\"Legal Notices - Aerocom Montgolfi\u00e8res\",\"isPartOf\":{\"@id\":\"https:\/\/www.ipctours.com\/en\/#website\"},\"datePublished\":\"2016-03-29T15:17:22+00:00\",\"dateModified\":\"2018-07-12T10:08:52+00:00\",\"breadcrumb\":{\"@id\":\"https:\/\/www.ipctours.com\/en\/mentions-legales\/#breadcrumb\"},\"inLanguage\":\"fr-FR\",\"potentialAction\":[{\"@type\":\"ReadAction\",\"target\":[\"https:\/\/www.ipctours.com\/en\/mentions-legales\/\"]}]},{\"@type\":\"BreadcrumbList\",\"@id\":\"https:\/\/www.ipctours.com\/en\/mentions-legales\/#breadcrumb\",\"itemListElement\":[{\"@type\":\"ListItem\",\"position\":1,\"name\":\"Legal Notices\"}]}]}<\/script>\n<!-- \/ Yoast SEO plugin. -->","yoast_head_json":{"title":"Legal Notices - Aerocom Montgolfi\u00e8res","robots":{"index":"index","follow":"follow","max-snippet":"max-snippet:-1","max-image-preview":"max-image-preview:large","max-video-preview":"max-video-preview:-1"},"canonical":"https:\/\/www.ipctours.com\/en\/mentions-legales\/","og_locale":"fr_FR","og_type":"article","og_title":"Legal Notices - Aerocom Montgolfi\u00e8res","og_description":"(Regulated by Law No. 2004-575 of 21 June 2004 on confidence in the digital economy) &nbsp; Edition This site is published by A\u00e9rocom Montgolfi\u00e8res 36 Rue de Chouzy &#8211; Onzain 41150 VEUZAIN-SUR-LOIRE &#8211; France Phone +33 (0) 2 54 33 55 00 &nbsp; Realization and website hosting Ideo Point Com Company 5 Rue du Four [&hellip;]","og_url":"https:\/\/www.ipctours.com\/en\/mentions-legales\/","og_site_name":"Aerocom Montgolfi\u00e8res","article_modified_time":"2018-07-12T10:08:52+00:00","author":"administrateur","twitter_card":"summary","twitter_misc":{"Dur\u00e9e de lecture estim\u00e9e":"2 minutes"},"schema":{"@context":"https:\/\/schema.org","@graph":[{"@type":"WebSite","@id":"https:\/\/www.ipctours.com\/en\/#website","url":"https:\/\/www.ipctours.com\/en\/","name":"Aerocom Montgolfi\u00e8res","description":"Loire et ch\u00e2teaux en montgolfi\u00e8re","potentialAction":[{"@type":"SearchAction","target":{"@type":"EntryPoint","urlTemplate":"https:\/\/www.ipctours.com\/en\/?s={search_term_string}"},"query-input":"required name=search_term_string"}],"inLanguage":"fr-FR"},{"@type":"WebPage","@id":"https:\/\/www.ipctours.com\/en\/mentions-legales\/#webpage","url":"https:\/\/www.ipctours.com\/en\/mentions-legales\/","name":"Legal Notices - Aerocom Montgolfi\u00e8res","isPartOf":{"@id":"https:\/\/www.ipctours.com\/en\/#website"},"datePublished":"2016-03-29T15:17:22+00:00","dateModified":"2018-07-12T10:08:52+00:00","breadcrumb":{"@id":"https:\/\/www.ipctours.com\/en\/mentions-legales\/#breadcrumb"},"inLanguage":"fr-FR","potentialAction":[{"@type":"ReadAction","target":["https:\/\/www.ipctours.com\/en\/mentions-legales\/"]}]},{"@type":"BreadcrumbList","@id":"https:\/\/www.ipctours.com\/en\/mentions-legales\/#breadcrumb","itemListElement":[{"@type":"ListItem","position":1,"name":"Legal Notices"}]}]}},"_links":{"self":[{"href":"https:\/\/www.ipctours.com\/en\/wp-json\/wp\/v2\/pages\/353"}],"collection":[{"href":"https:\/\/www.ipctours.com\/en\/wp-json\/wp\/v2\/pages"}],"about":[{"href":"https:\/\/www.ipctours.com\/en\/wp-json\/wp\/v2\/types\/page"}],"author":[{"embeddable":true,"href":"https:\/\/www.ipctours.com\/en\/wp-json\/wp\/v2\/users\/1"}],"replies":[{"embeddable":true,"href":"https:\/\/www.ipctours.com\/en\/wp-json\/wp\/v2\/comments?post=353"}],"version-history":[{"count":21,"href":"https:\/\/www.ipctours.com\/en\/wp-json\/wp\/v2\/pages\/353\/revisions"}],"predecessor-version":[{"id":2518,"href":"https:\/\/www.ipctours.com\/en\/wp-json\/wp\/v2\/pages\/353\/revisions\/2518"}],"wp:attachment":[{"href":"https:\/\/www.ipctours.com\/en\/wp-json\/wp\/v2\/media?parent=353"}],"curies":[{"name":"wp","href":"https:\/\/api.w.org\/{rel}","templated":true}]}}