{"id":347,"date":"2016-03-29T16:07:53","date_gmt":"2016-03-29T15:07:53","guid":{"rendered":"http:\/\/www.ipctours.com\/en\/?page_id=347"},"modified":"2018-06-11T10:10:58","modified_gmt":"2018-06-11T09:10:58","slug":"conditions-generales-de-vente","status":"publish","type":"page","link":"https:\/\/www.ipctours.com\/en\/conditions-generales-de-vente\/","title":{"rendered":"General terms and conditions"},"content":{"rendered":"<h2>1\/ Terms of sale<\/h2>\n<p style=\"text-align: justify;\">Passengers declare to know and to accept general terms of sale. The order implies acceptance of these conditions.<\/p>\n<h2>2\/ Rates<\/h2>\n<p style=\"text-align: justify;\">Our rates are valid from January 1st 2018 and are subject to change without notice. These prices include VAT at 10.0%, transport liability insurance for a fee and the organization of the flight. Only for the option of paired gift voucher, they also include accommodation, breakfast and transportation to the meeting point for a take-off at Chaumont-sur-Loire. See prices and bookings<\/p>\n<p><span style=\"text-decoration: underline;\"><strong>&#8211; 3 options are proposed:<\/strong><\/span><\/p>\n<p style=\"text-align: justify;\"><strong>A\/ Simple balloon flight reservations<\/strong><br \/>\nAfter booking by phone the customer must confirm by mail with a deposit cheque, not cashed before the flight, 85 \u20ac per passenger. The balance is payable on the day of the flight. If the flight can not take place and the customer does not wish to postpone it, the deposit cheque is returned without any charge.<\/p>\n<p style=\"text-align: justify;\"><strong>B\/ Balloon Flight Ticket<\/strong><br \/>\nPurchase of a valid ticket for 2 years, (or 1 year for promotional offers), so as to cover 2 complete flying seasons: a season starts on April 1st and ends on October 15th. Payment is made by cheque, ANCV holiday cheque by post, or by debit card from our website or by phone. Cashing is made upon receipt of order. The customer then gets in touch with A\u00e9rocom by telephone to choose (subject to availability) the date of his flight. The flight ticket is not refundable but transmittable to another person during it validity period. The extension of a ticket is possible for 30 euros per person per year.<\/p>\n<p style=\"text-align: justify;\"><strong>C\/ Coupled Gift: Hot Air Balloon Flight and Bed and Breakfast Accommodation<\/strong><br \/>\nThe coupled gift ticket includes a part of balloon flight ticket and a part of accommodation with breakfast in bed and breakfast 3 ears \u00ab\u00a0l&rsquo;Envol\u00a0\u00bb. Cashing is made upon receipt of order<br \/>\n\u00ab\u00a0Bed and Breakfast and Hot Air Balloon\u00a0\u00bb gift tickets are valid for 2 seasons (or 1 season for promotional offers) (one season goes from April 1st to October 15th). The service includes the accommodation in a double room for a minimum of 2 consecutive nights with breakfast, the pick-up of passengers on the spot at the Envol for a take-off at Chaumont-sur-Loire, the hot-air balloon flight and the return to the place of departure. See gift ideas, ideas stays.<\/p>\n<p style=\"text-align: justify;\">The \u00ab\u00a0Envol Stay Balloon Flight \u00ab\u00a0, \u00ab\u00a0Envol Cosy Stay Balloon Flight\u00a0\u00bb and \u00ab\u00a0Envol Prestige Stay Balloon Flight\u00a0\u00bb offers are Aerocom exclusives: if your flight can not take place for weather reasons during your stay, and if you have tried 4 possibilities in the measure of our availability (the 2 flights of the morning and the 2 of the evening), your flight ticket remains valid and we offer you *, so that you can come back and take full advantage, a new night in one of our guestrooms. This additional night offered (same service with breakfast) is to be chosen every day of the week (subject to availability) except Fridays, Saturday nights and eve of public holiday.<\/p>\n<p style=\"text-align: justify;\">* Except if 24 hours before your arrival we announce the impossibility of making the flight during your stay and that you choose to move despite everything.<\/p>\n<p style=\"text-align: justify;\">In accordance with the regulations for users of distance selling, you have a period of 14 days to cancel your order. Beyond that, no cancellation will be possible.<\/p>\n<h2>3\/ Flight conditions<\/h2>\n<p style=\"text-align: justify;\">Passengers accept the specific constraints related to the organization of a balloon flight. Pregnant women and children under 6 are not allowed to sit in our hot air balloons. Children under 14 must be accompanied by an adult. At the moment of booking, the customer agrees to indicate the weight of each passenger on the form. The absence of written information means that the weight of each passenger is less than 80 kg. We are not qualified to judge your physical condition for the balloon flight; it is up to you to take advice from a doctor if in doubt. Our baskets are not equipped with a seat.<\/p>\n<h2>4\/ Confirmation of flights<\/h2>\n<p style=\"text-align: justify;\">Passengers must imperatively contact us by phone the day before from 06h00 pm to 06h30 pm for the flight the next morning or the same day from 12h00 to 12h30 for the flight of the evening. If not, they will be considered as not present on the flight and will not be included on the boarding list.<br \/>\nIf the flight can not take place, it is postponed to another date at the customer&rsquo;s choice within the limits of our availability.<\/p>\n<h2>5\/ Cancellation by A\u00e9rocom<\/h2>\n<p style=\"text-align: justify;\">A\u00e9rocom reserves the right to cancel a flight for: bad weather conditions, safety conditions or if there is not enough passengers (only the pilot is able to appreciate the opportunity of a flight). This cancellation can take place at the place of takeoff; in this case, A\u00e9rocom will not be held responsible for the expenses committed by the customers to go to the meeting point (accommodation, catering and transfer).<\/p>\n<h2>6\/ Modification of the service<\/h2>\n<p style=\"text-align: justify;\">Aerocom can, for any reason of safety or interest of the flight, modify the place of take-off or change balloon.<\/p>\n<h2 style=\"text-align: justify;\">7\/ Cancellation of the reservation or no presentation of the client<\/h2>\n<p style=\"text-align: justify;\">Payment of the balance of the price must be made no later than the day of the flight. In case of no phone confirmation or absence of the passenger (except postponement or cancellation 7 days before) on the date and at the time of the meeting, confirmed by A\u00e9rocom, the actual cancellation will be noted and A\u00e9rocom will cash the deposit paid of service. If it is a flight ticket or paired gift ticket, it will be considered consumed.<\/p>\n<h2>8\/ Rules on board<\/h2>\n<p style=\"text-align: justify;\">All passengers must be on the boarding list. The pilots of A\u00e9rocom are the only masters on board and as such have authority over all the people on board. They may at any time disembark any person among the passengers or any change that may present to the flight a danger. They can interrupt the flight at any time for security reasons. No service will be refunded if the flight lasted a minimum of 30 minutes.<\/p>\n<h2>9\/ Insurance<\/h2>\n<p style=\"text-align: justify;\">Passengers are insured according to the prevailing air conditions (Montreal Convention). The responsibility of A\u00e9rocom towards the passengers in the event of death or physical injury is limited to a maximum sum of \u20ac 114,000 per passenger. The responsibility of A\u00e9rocom cannot be committed concerning luggage A\u00e9rocom can not be held liable for luggage or personal effects (cameras, film cameras, clothing, mobile phone, etc.).<\/p>\n","protected":false},"excerpt":{"rendered":"<p>1\/ Terms of sale Passengers declare to know and to accept general terms of sale. The order implies acceptance of these conditions. 2\/ Rates Our rates are valid from January 1st 2018 and are subject to change without notice. These prices include VAT at 10.0%, transport liability insurance for a fee and the organization of [&hellip;]<\/p>\n","protected":false},"author":1,"featured_media":0,"parent":0,"menu_order":0,"comment_status":"closed","ping_status":"closed","template":"","meta":{"footnotes":""},"yoast_head":"<!-- This site is optimized with the Yoast SEO plugin v19.2 - https:\/\/yoast.com\/wordpress\/plugins\/seo\/ -->\n<title>Les passagers d\u00e9clarent accepter les conditions g\u00e9n\u00e9rales de vente<\/title>\n<meta name=\"description\" content=\"Les passagers d\u00e9clarent conna\u00eetre et accepter les conditions g\u00e9n\u00e9rales de vente. La commande vaut acceptation de ces conditions.\" \/>\n<meta name=\"robots\" content=\"index, follow, max-snippet:-1, max-image-preview:large, max-video-preview:-1\" \/>\n<link rel=\"canonical\" href=\"http:\/\/www.ipctours.com\/en\/conditions-generales-de-vente\/\" \/>\n<meta property=\"og:locale\" content=\"fr_FR\" \/>\n<meta property=\"og:type\" content=\"article\" \/>\n<meta property=\"og:title\" content=\"Les passagers d\u00e9clarent accepter les conditions g\u00e9n\u00e9rales de vente\" \/>\n<meta property=\"og:description\" content=\"Les passagers d\u00e9clarent conna\u00eetre et accepter les conditions g\u00e9n\u00e9rales de vente. La commande vaut acceptation de ces conditions.\" \/>\n<meta property=\"og:url\" content=\"http:\/\/www.ipctours.com\/en\/conditions-generales-de-vente\/\" \/>\n<meta property=\"og:site_name\" content=\"Aerocom Montgolfi\u00e8res\" \/>\n<meta property=\"article:modified_time\" content=\"2018-06-11T09:10:58+00:00\" \/>\n<meta name=\"author\" content=\"administrateur\" \/>\n<meta name=\"twitter:card\" content=\"summary\" \/>\n<meta name=\"twitter:label1\" content=\"Dur\u00e9e de lecture estim\u00e9e\" \/>\n\t<meta name=\"twitter:data1\" content=\"5 minutes\" \/>\n<script type=\"application\/ld+json\" class=\"yoast-schema-graph\">{\"@context\":\"https:\/\/schema.org\",\"@graph\":[{\"@type\":\"WebSite\",\"@id\":\"https:\/\/www.ipctours.com\/en\/#website\",\"url\":\"https:\/\/www.ipctours.com\/en\/\",\"name\":\"Aerocom Montgolfi\u00e8res\",\"description\":\"Loire et ch\u00e2teaux en montgolfi\u00e8re\",\"potentialAction\":[{\"@type\":\"SearchAction\",\"target\":{\"@type\":\"EntryPoint\",\"urlTemplate\":\"https:\/\/www.ipctours.com\/en\/?s={search_term_string}\"},\"query-input\":\"required name=search_term_string\"}],\"inLanguage\":\"fr-FR\"},{\"@type\":\"WebPage\",\"@id\":\"http:\/\/www.ipctours.com\/en\/conditions-generales-de-vente\/#webpage\",\"url\":\"http:\/\/www.ipctours.com\/en\/conditions-generales-de-vente\/\",\"name\":\"Les passagers d\u00e9clarent accepter les conditions g\u00e9n\u00e9rales de vente\",\"isPartOf\":{\"@id\":\"https:\/\/www.ipctours.com\/en\/#website\"},\"datePublished\":\"2016-03-29T15:07:53+00:00\",\"dateModified\":\"2018-06-11T09:10:58+00:00\",\"description\":\"Les passagers d\u00e9clarent conna\u00eetre et accepter les conditions g\u00e9n\u00e9rales de vente. La commande vaut acceptation de ces conditions.\",\"breadcrumb\":{\"@id\":\"http:\/\/www.ipctours.com\/en\/conditions-generales-de-vente\/#breadcrumb\"},\"inLanguage\":\"fr-FR\",\"potentialAction\":[{\"@type\":\"ReadAction\",\"target\":[\"http:\/\/www.ipctours.com\/en\/conditions-generales-de-vente\/\"]}]},{\"@type\":\"BreadcrumbList\",\"@id\":\"http:\/\/www.ipctours.com\/en\/conditions-generales-de-vente\/#breadcrumb\",\"itemListElement\":[{\"@type\":\"ListItem\",\"position\":1,\"name\":\"General terms and conditions\"}]}]}<\/script>\n<!-- \/ Yoast SEO plugin. -->","yoast_head_json":{"title":"Les passagers d\u00e9clarent accepter les conditions g\u00e9n\u00e9rales de vente","description":"Les passagers d\u00e9clarent conna\u00eetre et accepter les conditions g\u00e9n\u00e9rales de vente. La commande vaut acceptation de ces conditions.","robots":{"index":"index","follow":"follow","max-snippet":"max-snippet:-1","max-image-preview":"max-image-preview:large","max-video-preview":"max-video-preview:-1"},"canonical":"http:\/\/www.ipctours.com\/en\/conditions-generales-de-vente\/","og_locale":"fr_FR","og_type":"article","og_title":"Les passagers d\u00e9clarent accepter les conditions g\u00e9n\u00e9rales de vente","og_description":"Les passagers d\u00e9clarent conna\u00eetre et accepter les conditions g\u00e9n\u00e9rales de vente. La commande vaut acceptation de ces conditions.","og_url":"http:\/\/www.ipctours.com\/en\/conditions-generales-de-vente\/","og_site_name":"Aerocom Montgolfi\u00e8res","article_modified_time":"2018-06-11T09:10:58+00:00","author":"administrateur","twitter_card":"summary","twitter_misc":{"Dur\u00e9e de lecture estim\u00e9e":"5 minutes"},"schema":{"@context":"https:\/\/schema.org","@graph":[{"@type":"WebSite","@id":"https:\/\/www.ipctours.com\/en\/#website","url":"https:\/\/www.ipctours.com\/en\/","name":"Aerocom Montgolfi\u00e8res","description":"Loire et ch\u00e2teaux en montgolfi\u00e8re","potentialAction":[{"@type":"SearchAction","target":{"@type":"EntryPoint","urlTemplate":"https:\/\/www.ipctours.com\/en\/?s={search_term_string}"},"query-input":"required name=search_term_string"}],"inLanguage":"fr-FR"},{"@type":"WebPage","@id":"http:\/\/www.ipctours.com\/en\/conditions-generales-de-vente\/#webpage","url":"http:\/\/www.ipctours.com\/en\/conditions-generales-de-vente\/","name":"Les passagers d\u00e9clarent accepter les conditions g\u00e9n\u00e9rales de vente","isPartOf":{"@id":"https:\/\/www.ipctours.com\/en\/#website"},"datePublished":"2016-03-29T15:07:53+00:00","dateModified":"2018-06-11T09:10:58+00:00","description":"Les passagers d\u00e9clarent conna\u00eetre et accepter les conditions g\u00e9n\u00e9rales de vente. La commande vaut acceptation de ces conditions.","breadcrumb":{"@id":"http:\/\/www.ipctours.com\/en\/conditions-generales-de-vente\/#breadcrumb"},"inLanguage":"fr-FR","potentialAction":[{"@type":"ReadAction","target":["http:\/\/www.ipctours.com\/en\/conditions-generales-de-vente\/"]}]},{"@type":"BreadcrumbList","@id":"http:\/\/www.ipctours.com\/en\/conditions-generales-de-vente\/#breadcrumb","itemListElement":[{"@type":"ListItem","position":1,"name":"General terms and conditions"}]}]}},"_links":{"self":[{"href":"https:\/\/www.ipctours.com\/en\/wp-json\/wp\/v2\/pages\/347"}],"collection":[{"href":"https:\/\/www.ipctours.com\/en\/wp-json\/wp\/v2\/pages"}],"about":[{"href":"https:\/\/www.ipctours.com\/en\/wp-json\/wp\/v2\/types\/page"}],"author":[{"embeddable":true,"href":"https:\/\/www.ipctours.com\/en\/wp-json\/wp\/v2\/users\/1"}],"replies":[{"embeddable":true,"href":"https:\/\/www.ipctours.com\/en\/wp-json\/wp\/v2\/comments?post=347"}],"version-history":[{"count":13,"href":"https:\/\/www.ipctours.com\/en\/wp-json\/wp\/v2\/pages\/347\/revisions"}],"predecessor-version":[{"id":2319,"href":"https:\/\/www.ipctours.com\/en\/wp-json\/wp\/v2\/pages\/347\/revisions\/2319"}],"wp:attachment":[{"href":"https:\/\/www.ipctours.com\/en\/wp-json\/wp\/v2\/media?parent=347"}],"curies":[{"name":"wp","href":"https:\/\/api.w.org\/{rel}","templated":true}]}}