{"id":344,"date":"2016-03-29T15:56:49","date_gmt":"2016-03-29T14:56:49","guid":{"rendered":"http:\/\/www.ipctours.com\/en\/?page_id=344"},"modified":"2023-12-05T08:50:01","modified_gmt":"2023-12-05T07:50:01","slug":"nous-contacter","status":"publish","type":"page","link":"https:\/\/www.ipctours.com\/en\/nous-contacter\/","title":{"rendered":"Contact &#038; Download"},"content":{"rendered":"<div class=\"col-md-12\" style=\"padding: 0px; margin-bottom: 20px;\">\n<div class=\"col-md-7\">\n<h3 style=\"text-align: center;\"><strong>Aerocom Montgolfi\u00e8res<\/strong><\/h3>\n<p style=\"text-align: center;\"><strong>Air Carrier Agreement issued by the General Directorate of Civil Aviation since 1998 &#8211; CTA Air Carrier Certificate N \u00b0 F-O-46<\/strong><\/p>\n<p style=\"text-align: center;\">For your requests (information, booking, availability) on our next flights<\/p>\n<p style=\"text-align: center;\"><strong>We are at your disposal at 02 54 33 55 00<\/strong><\/p>\n<p style=\"text-align: center;\">In season, from April to the end of September from 9h to 19h every day<\/p>\n<p style=\"text-align: center;\">from October to the end of March from 9h to 12h30 and from 14h to 18h from Monday to Saturday noon<\/p>\n<p style=\"text-align: center;\"><strong>contact@ipctours.com<\/strong><\/p>\n<div class=\"col-md-4\"><strong><a class=\"btntarif\" href=\"http:\/\/www.ipctours.com\/en\/wp-content\/uploads\/2022\/07\/AEROCOM-DEPLIANT-PDF.pdf\" target=\"_blank\" rel=\"noopener\">Download<br \/>\nour brochure\u00a0<\/a><\/strong><\/div>\n<div><\/div>\n<div><\/div>\n<div class=\"col-md-4\"><strong><a class=\"btntarif\" href=\"http:\/\/www.ipctours.com\/en\/wp-content\/uploads\/2023\/12\/2023-BOOKING-FORM-ENGLISH.pdf\" target=\"_blank\" rel=\"noopener\">Download<br \/>\nour booking form\u00a0<\/a><\/strong><\/div>\n<div><\/div>\n<div><\/div>\n<div><\/div>\n<div><\/div>\n<\/div>\n<div class=\"col-md-5\" style=\"padding-top: 25px;\"><img loading=\"lazy\" decoding=\"async\" class=\"alignnone wp-image-1785 size-full\" src=\"http:\/\/www.ipctours.com\/en\/wp-content\/uploads\/2017\/11\/contact-aerocom-montgolfiere.jpg\" alt=\"Nous contacter, A\u00e9rocom Montgolfi\u00e8re\" width=\"800\" height=\"600\" srcset=\"https:\/\/www.ipctours.com\/en\/wp-content\/uploads\/2017\/11\/contact-aerocom-montgolfiere.jpg 800w, https:\/\/www.ipctours.com\/en\/wp-content\/uploads\/2017\/11\/contact-aerocom-montgolfiere-300x225.jpg 300w, https:\/\/www.ipctours.com\/en\/wp-content\/uploads\/2017\/11\/contact-aerocom-montgolfiere-768x576.jpg 768w\" sizes=\"(max-width: 800px) 100vw, 800px\" \/><\/div>\n<\/div>\n","protected":false},"excerpt":{"rendered":"<p>Aerocom Montgolfi\u00e8res Air Carrier Agreement issued by the General Directorate of Civil Aviation since 1998 &#8211; CTA Air Carrier Certificate N \u00b0 F-O-46 For your requests (information, booking, availability) on our next flights We are at your disposal at 02 54 33 55 00 In season, from April to the end of September from 9h [&hellip;]<\/p>\n","protected":false},"author":1,"featured_media":0,"parent":0,"menu_order":0,"comment_status":"closed","ping_status":"closed","template":"page_contact.php","meta":{"footnotes":""},"yoast_head":"<!-- This site is optimized with the Yoast SEO plugin v19.2 - https:\/\/yoast.com\/wordpress\/plugins\/seo\/ -->\n<title>Contact &amp; Download - Aerocom Montgolfi\u00e8res<\/title>\n<meta name=\"robots\" content=\"index, follow, max-snippet:-1, max-image-preview:large, max-video-preview:-1\" \/>\n<link rel=\"canonical\" href=\"https:\/\/www.ipctours.com\/en\/nous-contacter\/\" \/>\n<meta property=\"og:locale\" content=\"fr_FR\" \/>\n<meta property=\"og:type\" content=\"article\" \/>\n<meta property=\"og:title\" content=\"Contact &amp; Download - Aerocom Montgolfi\u00e8res\" \/>\n<meta property=\"og:description\" content=\"Aerocom Montgolfi\u00e8res Air Carrier Agreement issued by the General Directorate of Civil Aviation since 1998 &#8211; CTA Air Carrier Certificate N \u00b0 F-O-46 For your requests (information, booking, availability) on our next flights We are at your disposal at 02 54 33 55 00 In season, from April to the end of September from 9h [&hellip;]\" \/>\n<meta property=\"og:url\" content=\"https:\/\/www.ipctours.com\/en\/nous-contacter\/\" \/>\n<meta property=\"og:site_name\" content=\"Aerocom Montgolfi\u00e8res\" \/>\n<meta property=\"article:modified_time\" content=\"2023-12-05T07:50:01+00:00\" \/>\n<meta property=\"og:image\" content=\"http:\/\/www.ipctours.com\/en\/wp-content\/uploads\/2017\/11\/contact-aerocom-montgolfiere.jpg\" \/>\n<meta name=\"author\" content=\"administrateur\" \/>\n<meta name=\"twitter:card\" content=\"summary\" \/>\n<script type=\"application\/ld+json\" class=\"yoast-schema-graph\">{\"@context\":\"https:\/\/schema.org\",\"@graph\":[{\"@type\":\"WebSite\",\"@id\":\"https:\/\/www.ipctours.com\/en\/#website\",\"url\":\"https:\/\/www.ipctours.com\/en\/\",\"name\":\"Aerocom Montgolfi\u00e8res\",\"description\":\"Loire et ch\u00e2teaux en montgolfi\u00e8re\",\"potentialAction\":[{\"@type\":\"SearchAction\",\"target\":{\"@type\":\"EntryPoint\",\"urlTemplate\":\"https:\/\/www.ipctours.com\/en\/?s={search_term_string}\"},\"query-input\":\"required name=search_term_string\"}],\"inLanguage\":\"fr-FR\"},{\"@type\":\"ImageObject\",\"inLanguage\":\"fr-FR\",\"@id\":\"https:\/\/www.ipctours.com\/en\/nous-contacter\/#primaryimage\",\"url\":\"https:\/\/www.ipctours.com\/en\/wp-content\/uploads\/2017\/11\/contact-aerocom-montgolfiere.jpg\",\"contentUrl\":\"https:\/\/www.ipctours.com\/en\/wp-content\/uploads\/2017\/11\/contact-aerocom-montgolfiere.jpg\",\"width\":800,\"height\":600,\"caption\":\"Nous contacter, A\u00e9rocom Montgolfi\u00e8re\"},{\"@type\":\"WebPage\",\"@id\":\"https:\/\/www.ipctours.com\/en\/nous-contacter\/#webpage\",\"url\":\"https:\/\/www.ipctours.com\/en\/nous-contacter\/\",\"name\":\"Contact & Download - Aerocom Montgolfi\u00e8res\",\"isPartOf\":{\"@id\":\"https:\/\/www.ipctours.com\/en\/#website\"},\"primaryImageOfPage\":{\"@id\":\"https:\/\/www.ipctours.com\/en\/nous-contacter\/#primaryimage\"},\"datePublished\":\"2016-03-29T14:56:49+00:00\",\"dateModified\":\"2023-12-05T07:50:01+00:00\",\"breadcrumb\":{\"@id\":\"https:\/\/www.ipctours.com\/en\/nous-contacter\/#breadcrumb\"},\"inLanguage\":\"fr-FR\",\"potentialAction\":[{\"@type\":\"ReadAction\",\"target\":[\"https:\/\/www.ipctours.com\/en\/nous-contacter\/\"]}]},{\"@type\":\"BreadcrumbList\",\"@id\":\"https:\/\/www.ipctours.com\/en\/nous-contacter\/#breadcrumb\",\"itemListElement\":[{\"@type\":\"ListItem\",\"position\":1,\"name\":\"Contact &#038; Download\"}]}]}<\/script>\n<!-- \/ Yoast SEO plugin. -->","yoast_head_json":{"title":"Contact & Download - Aerocom Montgolfi\u00e8res","robots":{"index":"index","follow":"follow","max-snippet":"max-snippet:-1","max-image-preview":"max-image-preview:large","max-video-preview":"max-video-preview:-1"},"canonical":"https:\/\/www.ipctours.com\/en\/nous-contacter\/","og_locale":"fr_FR","og_type":"article","og_title":"Contact & Download - Aerocom Montgolfi\u00e8res","og_description":"Aerocom Montgolfi\u00e8res Air Carrier Agreement issued by the General Directorate of Civil Aviation since 1998 &#8211; CTA Air Carrier Certificate N \u00b0 F-O-46 For your requests (information, booking, availability) on our next flights We are at your disposal at 02 54 33 55 00 In season, from April to the end of September from 9h [&hellip;]","og_url":"https:\/\/www.ipctours.com\/en\/nous-contacter\/","og_site_name":"Aerocom Montgolfi\u00e8res","article_modified_time":"2023-12-05T07:50:01+00:00","og_image":[{"url":"http:\/\/www.ipctours.com\/en\/wp-content\/uploads\/2017\/11\/contact-aerocom-montgolfiere.jpg"}],"author":"administrateur","twitter_card":"summary","schema":{"@context":"https:\/\/schema.org","@graph":[{"@type":"WebSite","@id":"https:\/\/www.ipctours.com\/en\/#website","url":"https:\/\/www.ipctours.com\/en\/","name":"Aerocom Montgolfi\u00e8res","description":"Loire et ch\u00e2teaux en montgolfi\u00e8re","potentialAction":[{"@type":"SearchAction","target":{"@type":"EntryPoint","urlTemplate":"https:\/\/www.ipctours.com\/en\/?s={search_term_string}"},"query-input":"required name=search_term_string"}],"inLanguage":"fr-FR"},{"@type":"ImageObject","inLanguage":"fr-FR","@id":"https:\/\/www.ipctours.com\/en\/nous-contacter\/#primaryimage","url":"https:\/\/www.ipctours.com\/en\/wp-content\/uploads\/2017\/11\/contact-aerocom-montgolfiere.jpg","contentUrl":"https:\/\/www.ipctours.com\/en\/wp-content\/uploads\/2017\/11\/contact-aerocom-montgolfiere.jpg","width":800,"height":600,"caption":"Nous contacter, A\u00e9rocom Montgolfi\u00e8re"},{"@type":"WebPage","@id":"https:\/\/www.ipctours.com\/en\/nous-contacter\/#webpage","url":"https:\/\/www.ipctours.com\/en\/nous-contacter\/","name":"Contact & Download - Aerocom Montgolfi\u00e8res","isPartOf":{"@id":"https:\/\/www.ipctours.com\/en\/#website"},"primaryImageOfPage":{"@id":"https:\/\/www.ipctours.com\/en\/nous-contacter\/#primaryimage"},"datePublished":"2016-03-29T14:56:49+00:00","dateModified":"2023-12-05T07:50:01+00:00","breadcrumb":{"@id":"https:\/\/www.ipctours.com\/en\/nous-contacter\/#breadcrumb"},"inLanguage":"fr-FR","potentialAction":[{"@type":"ReadAction","target":["https:\/\/www.ipctours.com\/en\/nous-contacter\/"]}]},{"@type":"BreadcrumbList","@id":"https:\/\/www.ipctours.com\/en\/nous-contacter\/#breadcrumb","itemListElement":[{"@type":"ListItem","position":1,"name":"Contact &#038; Download"}]}]}},"_links":{"self":[{"href":"https:\/\/www.ipctours.com\/en\/wp-json\/wp\/v2\/pages\/344"}],"collection":[{"href":"https:\/\/www.ipctours.com\/en\/wp-json\/wp\/v2\/pages"}],"about":[{"href":"https:\/\/www.ipctours.com\/en\/wp-json\/wp\/v2\/types\/page"}],"author":[{"embeddable":true,"href":"https:\/\/www.ipctours.com\/en\/wp-json\/wp\/v2\/users\/1"}],"replies":[{"embeddable":true,"href":"https:\/\/www.ipctours.com\/en\/wp-json\/wp\/v2\/comments?post=344"}],"version-history":[{"count":95,"href":"https:\/\/www.ipctours.com\/en\/wp-json\/wp\/v2\/pages\/344\/revisions"}],"predecessor-version":[{"id":2561,"href":"https:\/\/www.ipctours.com\/en\/wp-json\/wp\/v2\/pages\/344\/revisions\/2561"}],"wp:attachment":[{"href":"https:\/\/www.ipctours.com\/en\/wp-json\/wp\/v2\/media?parent=344"}],"curies":[{"name":"wp","href":"https:\/\/api.w.org\/{rel}","templated":true}]}}