{"id":2030,"date":"2018-01-25T10:35:28","date_gmt":"2018-01-25T09:35:28","guid":{"rendered":"http:\/\/www.ipctours.com\/en\/?page_id=2030"},"modified":"2018-09-22T09:05:08","modified_gmt":"2018-09-22T08:05:08","slug":"coupon-visite-domaine-de-chaumont-loire","status":"publish","type":"page","link":"https:\/\/www.ipctours.com\/en\/coupon-visite-domaine-de-chaumont-loire\/","title":{"rendered":"Individual ticket for the Domaine de Chaumont-sur-Loire 15.00\u20ac"},"content":{"rendered":"<p style=\"text-align: center;\"><a href=\"http:\/\/www.ipctours.com\/en\/tarifs-reservations\/\">See other rates<\/a><\/p>\n<div class=\"col-md-12\" style=\"padding: 0px;\">\n<div class=\"col-md-4\"><\/div>\n<div class=\"col-md-4\"><a class=\"btntarif\" href=\"http:\/\/www.ipctours.com\/boutique\/en\/accueil\/13-billet-individuel-domaine-de-chaumont-sur-loire.html\">Order online<\/a><\/div>\n<div class=\"col-md-4\"><\/div>\n<\/div>\n<p>&nbsp;<\/p>\n<p style=\"text-align: justify;\">Natural oasis, promontory perched at 40 meters above the wild Loire, the Domaine de Chaumont-sur-Loire opens all year the doors of it castle, it park and its gardens from April to late October.<\/p>\n<p style=\"text-align: justify;\">You will discover :<br \/>\n\u2022 The castle which was the property of Catherine de M\u00e9dicis, Diane de Poitiers and Princess de Broglie and its remarkable stables,<br \/>\n\u2022The International Garden Festival, laboratory and observatory of the gardens of tomorrow,<br \/>\n\u2022In the huge park and outbuildings, exhibitions, monumental works by the greatest artists of contemporary art.<\/p>\n<p style=\"text-align: justify;\">On-site catering,<\/p>\n<p style=\"text-align: justify;\">Opening dates of the Garden Festival for the 2018 season: April 24 to November 4.<\/p>\n<p style=\"text-align: justify;\">Issue of a coupon that will be exchanged for the ticket Domaine at A\u00e9rocom Montgolfi\u00e8res office.<\/p>\n<p><strong>Only for our customers who have a flight ticket or a reservation.<\/strong><\/p>\n","protected":false},"excerpt":{"rendered":"<p>See other rates Order online &nbsp; Natural oasis, promontory perched at 40 meters above the wild Loire, the Domaine de Chaumont-sur-Loire opens all year the doors of it castle, it park and its gardens from April to late October. You will discover : \u2022 The castle which was the property of Catherine de M\u00e9dicis, Diane [&hellip;]<\/p>\n","protected":false},"author":1,"featured_media":0,"parent":0,"menu_order":0,"comment_status":"closed","ping_status":"closed","template":"","meta":{"footnotes":""},"yoast_head":"<!-- This site is optimized with the Yoast SEO plugin v19.2 - https:\/\/yoast.com\/wordpress\/plugins\/seo\/ -->\n<title>Individual ticket for the Domaine de Chaumont-sur-Loire 15.00\u20ac - Aerocom Montgolfi\u00e8res<\/title>\n<meta name=\"robots\" content=\"index, follow, max-snippet:-1, max-image-preview:large, max-video-preview:-1\" \/>\n<link rel=\"canonical\" href=\"http:\/\/www.ipctours.com\/en\/coupon-visite-domaine-de-chaumont-loire\/\" \/>\n<meta property=\"og:locale\" content=\"fr_FR\" \/>\n<meta property=\"og:type\" content=\"article\" \/>\n<meta property=\"og:title\" content=\"Individual ticket for the Domaine de Chaumont-sur-Loire 15.00\u20ac - Aerocom Montgolfi\u00e8res\" \/>\n<meta property=\"og:description\" content=\"See other rates Order online &nbsp; Natural oasis, promontory perched at 40 meters above the wild Loire, the Domaine de Chaumont-sur-Loire opens all year the doors of it castle, it park and its gardens from April to late October. You will discover : \u2022 The castle which was the property of Catherine de M\u00e9dicis, Diane [&hellip;]\" \/>\n<meta property=\"og:url\" content=\"http:\/\/www.ipctours.com\/en\/coupon-visite-domaine-de-chaumont-loire\/\" \/>\n<meta property=\"og:site_name\" content=\"Aerocom Montgolfi\u00e8res\" \/>\n<meta property=\"article:modified_time\" content=\"2018-09-22T08:05:08+00:00\" \/>\n<meta name=\"author\" content=\"administrateur\" \/>\n<meta name=\"twitter:card\" content=\"summary\" \/>\n<meta name=\"twitter:label1\" content=\"Dur\u00e9e de lecture estim\u00e9e\" \/>\n\t<meta name=\"twitter:data1\" content=\"1 minute\" \/>\n<script type=\"application\/ld+json\" class=\"yoast-schema-graph\">{\"@context\":\"https:\/\/schema.org\",\"@graph\":[{\"@type\":\"WebSite\",\"@id\":\"https:\/\/www.ipctours.com\/en\/#website\",\"url\":\"https:\/\/www.ipctours.com\/en\/\",\"name\":\"Aerocom Montgolfi\u00e8res\",\"description\":\"Loire et ch\u00e2teaux en montgolfi\u00e8re\",\"potentialAction\":[{\"@type\":\"SearchAction\",\"target\":{\"@type\":\"EntryPoint\",\"urlTemplate\":\"https:\/\/www.ipctours.com\/en\/?s={search_term_string}\"},\"query-input\":\"required name=search_term_string\"}],\"inLanguage\":\"fr-FR\"},{\"@type\":\"WebPage\",\"@id\":\"http:\/\/www.ipctours.com\/en\/coupon-visite-domaine-de-chaumont-loire\/#webpage\",\"url\":\"http:\/\/www.ipctours.com\/en\/coupon-visite-domaine-de-chaumont-loire\/\",\"name\":\"Individual ticket for the Domaine de Chaumont-sur-Loire 15.00\u20ac - Aerocom Montgolfi\u00e8res\",\"isPartOf\":{\"@id\":\"https:\/\/www.ipctours.com\/en\/#website\"},\"datePublished\":\"2018-01-25T09:35:28+00:00\",\"dateModified\":\"2018-09-22T08:05:08+00:00\",\"breadcrumb\":{\"@id\":\"http:\/\/www.ipctours.com\/en\/coupon-visite-domaine-de-chaumont-loire\/#breadcrumb\"},\"inLanguage\":\"fr-FR\",\"potentialAction\":[{\"@type\":\"ReadAction\",\"target\":[\"http:\/\/www.ipctours.com\/en\/coupon-visite-domaine-de-chaumont-loire\/\"]}]},{\"@type\":\"BreadcrumbList\",\"@id\":\"http:\/\/www.ipctours.com\/en\/coupon-visite-domaine-de-chaumont-loire\/#breadcrumb\",\"itemListElement\":[{\"@type\":\"ListItem\",\"position\":1,\"name\":\"Individual ticket for the Domaine de Chaumont-sur-Loire 15.00\u20ac\"}]}]}<\/script>\n<!-- \/ Yoast SEO plugin. -->","yoast_head_json":{"title":"Individual ticket for the Domaine de Chaumont-sur-Loire 15.00\u20ac - Aerocom Montgolfi\u00e8res","robots":{"index":"index","follow":"follow","max-snippet":"max-snippet:-1","max-image-preview":"max-image-preview:large","max-video-preview":"max-video-preview:-1"},"canonical":"http:\/\/www.ipctours.com\/en\/coupon-visite-domaine-de-chaumont-loire\/","og_locale":"fr_FR","og_type":"article","og_title":"Individual ticket for the Domaine de Chaumont-sur-Loire 15.00\u20ac - Aerocom Montgolfi\u00e8res","og_description":"See other rates Order online &nbsp; Natural oasis, promontory perched at 40 meters above the wild Loire, the Domaine de Chaumont-sur-Loire opens all year the doors of it castle, it park and its gardens from April to late October. You will discover : \u2022 The castle which was the property of Catherine de M\u00e9dicis, Diane [&hellip;]","og_url":"http:\/\/www.ipctours.com\/en\/coupon-visite-domaine-de-chaumont-loire\/","og_site_name":"Aerocom Montgolfi\u00e8res","article_modified_time":"2018-09-22T08:05:08+00:00","author":"administrateur","twitter_card":"summary","twitter_misc":{"Dur\u00e9e de lecture estim\u00e9e":"1 minute"},"schema":{"@context":"https:\/\/schema.org","@graph":[{"@type":"WebSite","@id":"https:\/\/www.ipctours.com\/en\/#website","url":"https:\/\/www.ipctours.com\/en\/","name":"Aerocom Montgolfi\u00e8res","description":"Loire et ch\u00e2teaux en montgolfi\u00e8re","potentialAction":[{"@type":"SearchAction","target":{"@type":"EntryPoint","urlTemplate":"https:\/\/www.ipctours.com\/en\/?s={search_term_string}"},"query-input":"required name=search_term_string"}],"inLanguage":"fr-FR"},{"@type":"WebPage","@id":"http:\/\/www.ipctours.com\/en\/coupon-visite-domaine-de-chaumont-loire\/#webpage","url":"http:\/\/www.ipctours.com\/en\/coupon-visite-domaine-de-chaumont-loire\/","name":"Individual ticket for the Domaine de Chaumont-sur-Loire 15.00\u20ac - Aerocom Montgolfi\u00e8res","isPartOf":{"@id":"https:\/\/www.ipctours.com\/en\/#website"},"datePublished":"2018-01-25T09:35:28+00:00","dateModified":"2018-09-22T08:05:08+00:00","breadcrumb":{"@id":"http:\/\/www.ipctours.com\/en\/coupon-visite-domaine-de-chaumont-loire\/#breadcrumb"},"inLanguage":"fr-FR","potentialAction":[{"@type":"ReadAction","target":["http:\/\/www.ipctours.com\/en\/coupon-visite-domaine-de-chaumont-loire\/"]}]},{"@type":"BreadcrumbList","@id":"http:\/\/www.ipctours.com\/en\/coupon-visite-domaine-de-chaumont-loire\/#breadcrumb","itemListElement":[{"@type":"ListItem","position":1,"name":"Individual ticket for the Domaine de Chaumont-sur-Loire 15.00\u20ac"}]}]}},"_links":{"self":[{"href":"https:\/\/www.ipctours.com\/en\/wp-json\/wp\/v2\/pages\/2030"}],"collection":[{"href":"https:\/\/www.ipctours.com\/en\/wp-json\/wp\/v2\/pages"}],"about":[{"href":"https:\/\/www.ipctours.com\/en\/wp-json\/wp\/v2\/types\/page"}],"author":[{"embeddable":true,"href":"https:\/\/www.ipctours.com\/en\/wp-json\/wp\/v2\/users\/1"}],"replies":[{"embeddable":true,"href":"https:\/\/www.ipctours.com\/en\/wp-json\/wp\/v2\/comments?post=2030"}],"version-history":[{"count":15,"href":"https:\/\/www.ipctours.com\/en\/wp-json\/wp\/v2\/pages\/2030\/revisions"}],"predecessor-version":[{"id":2541,"href":"https:\/\/www.ipctours.com\/en\/wp-json\/wp\/v2\/pages\/2030\/revisions\/2541"}],"wp:attachment":[{"href":"https:\/\/www.ipctours.com\/en\/wp-json\/wp\/v2\/media?parent=2030"}],"curies":[{"name":"wp","href":"https:\/\/api.w.org\/{rel}","templated":true}]}}