{"id":2028,"date":"2018-01-25T10:35:09","date_gmt":"2018-01-25T09:35:09","guid":{"rendered":"http:\/\/www.ipctours.com\/en\/?page_id=2028"},"modified":"2018-07-26T15:22:10","modified_gmt":"2018-07-26T14:22:10","slug":"vol-accessibilite-949-00e-vol","status":"publish","type":"page","link":"https:\/\/www.ipctours.com\/en\/vol-accessibilite-949-00e-vol\/","title":{"rendered":"Accessibility Flight 749.00 \u20ac the flight"},"content":{"rendered":"<p style=\"text-align: center;\"><a href=\"http:\/\/www.ipctours.com\/en\/tarifs-reservations\/\">See other rates<\/a><\/p>\n<div class=\"col-md-12\" style=\"padding: 0px;\">\n<div class=\"col-md-4\"><\/div>\n<div class=\"col-md-4\"><a class=\"btntarif\" href=\"http:\/\/www.ipctours.com\/boutique\/en\/accueil\/24-vol-accessibilite-pour-1-passager-a-mobilite-reduite-et-2-accompagnants.html\">Order online<\/a><\/div>\n<div class=\"col-md-4\"><\/div>\n<\/div>\n<p>&nbsp;<\/p>\n<p style=\"text-align: justify;\">A\u00e9rocom Montgolfi\u00e8res responds to the request of the handicap by its hot air balloon activity.<br \/>\nAn accessible nacelle with door and bucket seat allows to a passenger with reduced mobility to enjoy a hot air balloon ride. Accompanied by 1 or 2 standing passengers, we will make them discover the Loire Valley while sharing our passion for balloons.<\/p>\n<p style=\"text-align: justify;\">The passenger requiring a sitting position, is comfortably installed in a bucket seat equipped with a safety harness. The seat, adjustable in height by a remote control, allows to see and enjoy the landscapes.<br \/>\nThe flights take place at dawn or 3 hours before sunset, at the hours when the lights are the most beautiful and to enjoy the stability of the air.<\/p>\n<p>Plan an availability about 3 hours:<br \/>\n\u2022 Reception of the passengers on the meeting place<br \/>\n\u2022 Travel on the take-off site in our 4&#215;4<br \/>\n\u2022 Swelling of balloons with the participation of passengers who wish<br \/>\n\u2022 Flight about 1 hour in the course of the wind, we do not choose the itinerary!<br \/>\n\u2022 After landing, folding balloons<br \/>\n\u2022 Toast of the A\u00e9rostiers and graduation of the flight with the crew<br \/>\n\u2022 Return to meeting point in 4&#215;4<\/p>\n<p style=\"text-align: justify;\">Casual dress with flat and closed shoes is recommended, no high heels. It is not colder in the air than on the ground.<\/p>\n","protected":false},"excerpt":{"rendered":"<p>See other rates Order online &nbsp; A\u00e9rocom Montgolfi\u00e8res responds to the request of the handicap by its hot air balloon activity. An accessible nacelle with door and bucket seat allows to a passenger with reduced mobility to enjoy a hot air balloon ride. Accompanied by 1 or 2 standing passengers, we will make them discover [&hellip;]<\/p>\n","protected":false},"author":1,"featured_media":0,"parent":0,"menu_order":0,"comment_status":"closed","ping_status":"closed","template":"","meta":{"footnotes":""},"yoast_head":"<!-- This site is optimized with the Yoast SEO plugin v19.2 - https:\/\/yoast.com\/wordpress\/plugins\/seo\/ -->\n<title>Vol accessible \u00e0 un passager en situation de handicap<\/title>\n<meta name=\"description\" content=\"A\u00e9rocom Montgolfi\u00e8re permet \u00e0 un passager n\u00e9cessitant une position assise de voler gr\u00e2ce \u00e0 une nacelle accessible \u00e9quip\u00e9e d&#039;une porte et d&#039;un si\u00e8ge, accompagn\u00e9 de 2 personnes\" \/>\n<meta name=\"robots\" content=\"index, follow, max-snippet:-1, max-image-preview:large, max-video-preview:-1\" \/>\n<link rel=\"canonical\" href=\"http:\/\/www.ipctours.com\/en\/vol-accessibilite-949-00e-vol\/\" \/>\n<meta property=\"og:locale\" content=\"fr_FR\" \/>\n<meta property=\"og:type\" content=\"article\" \/>\n<meta property=\"og:title\" content=\"Vol accessible \u00e0 un passager en situation de handicap\" \/>\n<meta property=\"og:description\" content=\"A\u00e9rocom Montgolfi\u00e8re permet \u00e0 un passager n\u00e9cessitant une position assise de voler gr\u00e2ce \u00e0 une nacelle accessible \u00e9quip\u00e9e d&#039;une porte et d&#039;un si\u00e8ge, accompagn\u00e9 de 2 personnes\" \/>\n<meta property=\"og:url\" content=\"http:\/\/www.ipctours.com\/en\/vol-accessibilite-949-00e-vol\/\" \/>\n<meta property=\"og:site_name\" content=\"Aerocom Montgolfi\u00e8res\" \/>\n<meta property=\"article:modified_time\" content=\"2018-07-26T14:22:10+00:00\" \/>\n<meta name=\"author\" content=\"administrateur\" \/>\n<meta name=\"twitter:card\" content=\"summary\" \/>\n<meta name=\"twitter:label1\" content=\"Dur\u00e9e de lecture estim\u00e9e\" \/>\n\t<meta name=\"twitter:data1\" content=\"1 minute\" \/>\n<script type=\"application\/ld+json\" class=\"yoast-schema-graph\">{\"@context\":\"https:\/\/schema.org\",\"@graph\":[{\"@type\":\"WebSite\",\"@id\":\"https:\/\/www.ipctours.com\/en\/#website\",\"url\":\"https:\/\/www.ipctours.com\/en\/\",\"name\":\"Aerocom Montgolfi\u00e8res\",\"description\":\"Loire et ch\u00e2teaux en montgolfi\u00e8re\",\"potentialAction\":[{\"@type\":\"SearchAction\",\"target\":{\"@type\":\"EntryPoint\",\"urlTemplate\":\"https:\/\/www.ipctours.com\/en\/?s={search_term_string}\"},\"query-input\":\"required name=search_term_string\"}],\"inLanguage\":\"fr-FR\"},{\"@type\":\"WebPage\",\"@id\":\"http:\/\/www.ipctours.com\/en\/vol-accessibilite-949-00e-vol\/#webpage\",\"url\":\"http:\/\/www.ipctours.com\/en\/vol-accessibilite-949-00e-vol\/\",\"name\":\"Vol accessible \u00e0 un passager en situation de handicap\",\"isPartOf\":{\"@id\":\"https:\/\/www.ipctours.com\/en\/#website\"},\"datePublished\":\"2018-01-25T09:35:09+00:00\",\"dateModified\":\"2018-07-26T14:22:10+00:00\",\"description\":\"A\u00e9rocom Montgolfi\u00e8re permet \u00e0 un passager n\u00e9cessitant une position assise de voler gr\u00e2ce \u00e0 une nacelle accessible \u00e9quip\u00e9e d'une porte et d'un si\u00e8ge, accompagn\u00e9 de 2 personnes\",\"breadcrumb\":{\"@id\":\"http:\/\/www.ipctours.com\/en\/vol-accessibilite-949-00e-vol\/#breadcrumb\"},\"inLanguage\":\"fr-FR\",\"potentialAction\":[{\"@type\":\"ReadAction\",\"target\":[\"http:\/\/www.ipctours.com\/en\/vol-accessibilite-949-00e-vol\/\"]}]},{\"@type\":\"BreadcrumbList\",\"@id\":\"http:\/\/www.ipctours.com\/en\/vol-accessibilite-949-00e-vol\/#breadcrumb\",\"itemListElement\":[{\"@type\":\"ListItem\",\"position\":1,\"name\":\"Accessibility Flight 749.00 \u20ac the flight\"}]}]}<\/script>\n<!-- \/ Yoast SEO plugin. -->","yoast_head_json":{"title":"Vol accessible \u00e0 un passager en situation de handicap","description":"A\u00e9rocom Montgolfi\u00e8re permet \u00e0 un passager n\u00e9cessitant une position assise de voler gr\u00e2ce \u00e0 une nacelle accessible \u00e9quip\u00e9e d'une porte et d'un si\u00e8ge, accompagn\u00e9 de 2 personnes","robots":{"index":"index","follow":"follow","max-snippet":"max-snippet:-1","max-image-preview":"max-image-preview:large","max-video-preview":"max-video-preview:-1"},"canonical":"http:\/\/www.ipctours.com\/en\/vol-accessibilite-949-00e-vol\/","og_locale":"fr_FR","og_type":"article","og_title":"Vol accessible \u00e0 un passager en situation de handicap","og_description":"A\u00e9rocom Montgolfi\u00e8re permet \u00e0 un passager n\u00e9cessitant une position assise de voler gr\u00e2ce \u00e0 une nacelle accessible \u00e9quip\u00e9e d'une porte et d'un si\u00e8ge, accompagn\u00e9 de 2 personnes","og_url":"http:\/\/www.ipctours.com\/en\/vol-accessibilite-949-00e-vol\/","og_site_name":"Aerocom Montgolfi\u00e8res","article_modified_time":"2018-07-26T14:22:10+00:00","author":"administrateur","twitter_card":"summary","twitter_misc":{"Dur\u00e9e de lecture estim\u00e9e":"1 minute"},"schema":{"@context":"https:\/\/schema.org","@graph":[{"@type":"WebSite","@id":"https:\/\/www.ipctours.com\/en\/#website","url":"https:\/\/www.ipctours.com\/en\/","name":"Aerocom Montgolfi\u00e8res","description":"Loire et ch\u00e2teaux en montgolfi\u00e8re","potentialAction":[{"@type":"SearchAction","target":{"@type":"EntryPoint","urlTemplate":"https:\/\/www.ipctours.com\/en\/?s={search_term_string}"},"query-input":"required name=search_term_string"}],"inLanguage":"fr-FR"},{"@type":"WebPage","@id":"http:\/\/www.ipctours.com\/en\/vol-accessibilite-949-00e-vol\/#webpage","url":"http:\/\/www.ipctours.com\/en\/vol-accessibilite-949-00e-vol\/","name":"Vol accessible \u00e0 un passager en situation de handicap","isPartOf":{"@id":"https:\/\/www.ipctours.com\/en\/#website"},"datePublished":"2018-01-25T09:35:09+00:00","dateModified":"2018-07-26T14:22:10+00:00","description":"A\u00e9rocom Montgolfi\u00e8re permet \u00e0 un passager n\u00e9cessitant une position assise de voler gr\u00e2ce \u00e0 une nacelle accessible \u00e9quip\u00e9e d'une porte et d'un si\u00e8ge, accompagn\u00e9 de 2 personnes","breadcrumb":{"@id":"http:\/\/www.ipctours.com\/en\/vol-accessibilite-949-00e-vol\/#breadcrumb"},"inLanguage":"fr-FR","potentialAction":[{"@type":"ReadAction","target":["http:\/\/www.ipctours.com\/en\/vol-accessibilite-949-00e-vol\/"]}]},{"@type":"BreadcrumbList","@id":"http:\/\/www.ipctours.com\/en\/vol-accessibilite-949-00e-vol\/#breadcrumb","itemListElement":[{"@type":"ListItem","position":1,"name":"Accessibility Flight 749.00 \u20ac the flight"}]}]}},"_links":{"self":[{"href":"https:\/\/www.ipctours.com\/en\/wp-json\/wp\/v2\/pages\/2028"}],"collection":[{"href":"https:\/\/www.ipctours.com\/en\/wp-json\/wp\/v2\/pages"}],"about":[{"href":"https:\/\/www.ipctours.com\/en\/wp-json\/wp\/v2\/types\/page"}],"author":[{"embeddable":true,"href":"https:\/\/www.ipctours.com\/en\/wp-json\/wp\/v2\/users\/1"}],"replies":[{"embeddable":true,"href":"https:\/\/www.ipctours.com\/en\/wp-json\/wp\/v2\/comments?post=2028"}],"version-history":[{"count":20,"href":"https:\/\/www.ipctours.com\/en\/wp-json\/wp\/v2\/pages\/2028\/revisions"}],"predecessor-version":[{"id":2533,"href":"https:\/\/www.ipctours.com\/en\/wp-json\/wp\/v2\/pages\/2028\/revisions\/2533"}],"wp:attachment":[{"href":"https:\/\/www.ipctours.com\/en\/wp-json\/wp\/v2\/media?parent=2028"}],"curies":[{"name":"wp","href":"https:\/\/api.w.org\/{rel}","templated":true}]}}