{"id":2024,"date":"2018-01-25T10:33:59","date_gmt":"2018-01-25T09:33:59","guid":{"rendered":"http:\/\/www.ipctours.com\/en\/?page_id=2024"},"modified":"2023-12-05T08:39:02","modified_gmt":"2023-12-05T07:39:02","slug":"billet-enfant-vol-montgolfiere","status":"publish","type":"page","link":"https:\/\/www.ipctours.com\/en\/billet-enfant-vol-montgolfiere\/","title":{"rendered":"Child rate from 6 to 13 years 159.00 \u20ac"},"content":{"rendered":"<p style=\"text-align: justify;\">Make discover to a child the magic of a balloon flight or share this event in family! From 6 years, so that he can see above the basket, and up to 13 years included. The presence of an adult is mandatory.<\/p>\n<p style=\"text-align: center;\"><a href=\"http:\/\/www.ipctours.com\/en\/tarifs-reservations\/\">See other rates<\/a><\/p>\n<div class=\"col-md-12\" style=\"padding: 0px;\">\n<div class=\"col-md-4\"><\/div>\n<div class=\"col-md-4\"><a class=\"btntarif\" href=\"http:\/\/www.ipctours.com\/boutique\/en\/index.php?id_product=12&amp;controller=product\">Order online<\/a><\/div>\n<div class=\"col-md-4\"><\/div>\n<\/div>\n<p>&nbsp;<\/p>\n<p style=\"text-align: justify;\">The flights take place at dawn or 3 hours before sunset, at the hours when the lights are the most beautiful and to enjoy the stability of the air.<\/p>\n<p>Plan an availability about 3 hours:<br \/>\n\u2022 Reception of the passengers on the meeting place<br \/>\n\u2022 Travel on the take-off site in our 4&#215;4<br \/>\n\u2022 Swelling of balloons with the participation of passengers who wish<br \/>\n\u2022 Flight about 1 hour in the course of the wind, we do not choose the itinerary!<br \/>\n\u2022 After landing, folding balloons<br \/>\n\u2022 Toast of the A\u00e9rostiers and graduation of the flight with the crew<br \/>\n\u2022 Return to meeting point in 4&#215;4<\/p>\n<p style=\"text-align: justify;\">Casual dress with flat and closed shoes is recommended, no high heels. It is not colder in the air than on the ground.<\/p>\n","protected":false},"excerpt":{"rendered":"<p>Make discover to a child the magic of a balloon flight or share this event in family! From 6 years, so that he can see above the basket, and up to 13 years included. The presence of an adult is mandatory. See other rates Order online &nbsp; The flights take place at dawn or 3 [&hellip;]<\/p>\n","protected":false},"author":1,"featured_media":0,"parent":0,"menu_order":0,"comment_status":"closed","ping_status":"closed","template":"","meta":{"footnotes":""},"yoast_head":"<!-- This site is optimized with the Yoast SEO plugin v19.2 - https:\/\/yoast.com\/wordpress\/plugins\/seo\/ -->\n<title>Child rate from 6 to 13 years 159.00 \u20ac - Aerocom Montgolfi\u00e8res<\/title>\n<meta name=\"robots\" content=\"index, follow, max-snippet:-1, max-image-preview:large, max-video-preview:-1\" \/>\n<link rel=\"canonical\" href=\"https:\/\/www.ipctours.com\/en\/billet-enfant-vol-montgolfiere\/\" \/>\n<meta property=\"og:locale\" content=\"fr_FR\" \/>\n<meta property=\"og:type\" content=\"article\" \/>\n<meta property=\"og:title\" content=\"Child rate from 6 to 13 years 159.00 \u20ac - Aerocom Montgolfi\u00e8res\" \/>\n<meta property=\"og:description\" content=\"Make discover to a child the magic of a balloon flight or share this event in family! From 6 years, so that he can see above the basket, and up to 13 years included. The presence of an adult is mandatory. See other rates Order online &nbsp; The flights take place at dawn or 3 [&hellip;]\" \/>\n<meta property=\"og:url\" content=\"https:\/\/www.ipctours.com\/en\/billet-enfant-vol-montgolfiere\/\" \/>\n<meta property=\"og:site_name\" content=\"Aerocom Montgolfi\u00e8res\" \/>\n<meta property=\"article:modified_time\" content=\"2023-12-05T07:39:02+00:00\" \/>\n<meta name=\"author\" content=\"administrateur\" \/>\n<meta name=\"twitter:card\" content=\"summary\" \/>\n<meta name=\"twitter:label1\" content=\"Dur\u00e9e de lecture estim\u00e9e\" \/>\n\t<meta name=\"twitter:data1\" content=\"1 minute\" \/>\n<script type=\"application\/ld+json\" class=\"yoast-schema-graph\">{\"@context\":\"https:\/\/schema.org\",\"@graph\":[{\"@type\":\"WebSite\",\"@id\":\"https:\/\/www.ipctours.com\/en\/#website\",\"url\":\"https:\/\/www.ipctours.com\/en\/\",\"name\":\"Aerocom Montgolfi\u00e8res\",\"description\":\"Loire et ch\u00e2teaux en montgolfi\u00e8re\",\"potentialAction\":[{\"@type\":\"SearchAction\",\"target\":{\"@type\":\"EntryPoint\",\"urlTemplate\":\"https:\/\/www.ipctours.com\/en\/?s={search_term_string}\"},\"query-input\":\"required name=search_term_string\"}],\"inLanguage\":\"fr-FR\"},{\"@type\":\"WebPage\",\"@id\":\"https:\/\/www.ipctours.com\/en\/billet-enfant-vol-montgolfiere\/#webpage\",\"url\":\"https:\/\/www.ipctours.com\/en\/billet-enfant-vol-montgolfiere\/\",\"name\":\"Child rate from 6 to 13 years 159.00 \u20ac - Aerocom Montgolfi\u00e8res\",\"isPartOf\":{\"@id\":\"https:\/\/www.ipctours.com\/en\/#website\"},\"datePublished\":\"2018-01-25T09:33:59+00:00\",\"dateModified\":\"2023-12-05T07:39:02+00:00\",\"breadcrumb\":{\"@id\":\"https:\/\/www.ipctours.com\/en\/billet-enfant-vol-montgolfiere\/#breadcrumb\"},\"inLanguage\":\"fr-FR\",\"potentialAction\":[{\"@type\":\"ReadAction\",\"target\":[\"https:\/\/www.ipctours.com\/en\/billet-enfant-vol-montgolfiere\/\"]}]},{\"@type\":\"BreadcrumbList\",\"@id\":\"https:\/\/www.ipctours.com\/en\/billet-enfant-vol-montgolfiere\/#breadcrumb\",\"itemListElement\":[{\"@type\":\"ListItem\",\"position\":1,\"name\":\"Child rate from 6 to 13 years 159.00 \u20ac\"}]}]}<\/script>\n<!-- \/ Yoast SEO plugin. -->","yoast_head_json":{"title":"Child rate from 6 to 13 years 159.00 \u20ac - Aerocom Montgolfi\u00e8res","robots":{"index":"index","follow":"follow","max-snippet":"max-snippet:-1","max-image-preview":"max-image-preview:large","max-video-preview":"max-video-preview:-1"},"canonical":"https:\/\/www.ipctours.com\/en\/billet-enfant-vol-montgolfiere\/","og_locale":"fr_FR","og_type":"article","og_title":"Child rate from 6 to 13 years 159.00 \u20ac - Aerocom Montgolfi\u00e8res","og_description":"Make discover to a child the magic of a balloon flight or share this event in family! From 6 years, so that he can see above the basket, and up to 13 years included. The presence of an adult is mandatory. See other rates Order online &nbsp; The flights take place at dawn or 3 [&hellip;]","og_url":"https:\/\/www.ipctours.com\/en\/billet-enfant-vol-montgolfiere\/","og_site_name":"Aerocom Montgolfi\u00e8res","article_modified_time":"2023-12-05T07:39:02+00:00","author":"administrateur","twitter_card":"summary","twitter_misc":{"Dur\u00e9e de lecture estim\u00e9e":"1 minute"},"schema":{"@context":"https:\/\/schema.org","@graph":[{"@type":"WebSite","@id":"https:\/\/www.ipctours.com\/en\/#website","url":"https:\/\/www.ipctours.com\/en\/","name":"Aerocom Montgolfi\u00e8res","description":"Loire et ch\u00e2teaux en montgolfi\u00e8re","potentialAction":[{"@type":"SearchAction","target":{"@type":"EntryPoint","urlTemplate":"https:\/\/www.ipctours.com\/en\/?s={search_term_string}"},"query-input":"required name=search_term_string"}],"inLanguage":"fr-FR"},{"@type":"WebPage","@id":"https:\/\/www.ipctours.com\/en\/billet-enfant-vol-montgolfiere\/#webpage","url":"https:\/\/www.ipctours.com\/en\/billet-enfant-vol-montgolfiere\/","name":"Child rate from 6 to 13 years 159.00 \u20ac - Aerocom Montgolfi\u00e8res","isPartOf":{"@id":"https:\/\/www.ipctours.com\/en\/#website"},"datePublished":"2018-01-25T09:33:59+00:00","dateModified":"2023-12-05T07:39:02+00:00","breadcrumb":{"@id":"https:\/\/www.ipctours.com\/en\/billet-enfant-vol-montgolfiere\/#breadcrumb"},"inLanguage":"fr-FR","potentialAction":[{"@type":"ReadAction","target":["https:\/\/www.ipctours.com\/en\/billet-enfant-vol-montgolfiere\/"]}]},{"@type":"BreadcrumbList","@id":"https:\/\/www.ipctours.com\/en\/billet-enfant-vol-montgolfiere\/#breadcrumb","itemListElement":[{"@type":"ListItem","position":1,"name":"Child rate from 6 to 13 years 159.00 \u20ac"}]}]}},"_links":{"self":[{"href":"https:\/\/www.ipctours.com\/en\/wp-json\/wp\/v2\/pages\/2024"}],"collection":[{"href":"https:\/\/www.ipctours.com\/en\/wp-json\/wp\/v2\/pages"}],"about":[{"href":"https:\/\/www.ipctours.com\/en\/wp-json\/wp\/v2\/types\/page"}],"author":[{"embeddable":true,"href":"https:\/\/www.ipctours.com\/en\/wp-json\/wp\/v2\/users\/1"}],"replies":[{"embeddable":true,"href":"https:\/\/www.ipctours.com\/en\/wp-json\/wp\/v2\/comments?post=2024"}],"version-history":[{"count":17,"href":"https:\/\/www.ipctours.com\/en\/wp-json\/wp\/v2\/pages\/2024\/revisions"}],"predecessor-version":[{"id":2554,"href":"https:\/\/www.ipctours.com\/en\/wp-json\/wp\/v2\/pages\/2024\/revisions\/2554"}],"wp:attachment":[{"href":"https:\/\/www.ipctours.com\/en\/wp-json\/wp\/v2\/media?parent=2024"}],"curies":[{"name":"wp","href":"https:\/\/api.w.org\/{rel}","templated":true}]}}