{"id":2020,"date":"2018-01-25T10:32:37","date_gmt":"2018-01-25T09:32:37","guid":{"rendered":"http:\/\/www.ipctours.com\/en\/?page_id=2020"},"modified":"2023-12-05T08:38:36","modified_gmt":"2023-12-05T07:38:36","slug":"billet-de-2-a-3-adultes-vol-montgolfiere","status":"publish","type":"page","link":"https:\/\/www.ipctours.com\/en\/billet-de-2-a-3-adultes-vol-montgolfiere\/","title":{"rendered":"Price 2 to 3 adults 199.00 \u20ac \/ passenger"},"content":{"rendered":"<p style=\"text-align: justify;\">Fly in a hot air balloon in couple or 3 people and discover the Loire landscape, its castles, vineyards, game&#8230;. Other people can complete the basket.<\/p>\n<p style=\"text-align: center;\"><a href=\"http:\/\/www.ipctours.com\/en\/tarifs-reservations\/\">See other rates<\/a><\/p>\n<div class=\"col-md-12\" style=\"padding: 0px;\">\n<div class=\"col-md-4\"><\/div>\n<div class=\"col-md-4\"><a class=\"btntarif\" href=\"http:\/\/www.ipctours.com\/boutique\/en\/index.php?id_product=8&amp;controller=product\">Order online<\/a><\/div>\n<div class=\"col-md-4\"><\/div>\n<\/div>\n<p>&nbsp;<\/p>\n<p>&nbsp;<\/p>\n<p style=\"text-align: justify;\">The flights take place at dawn or 3 hours before sunset, at the hours when the lights are the most beautiful and to enjoy the stability of the air.<\/p>\n<p>Plan an availability about 3 hours:<br \/>\n\u2022 Reception of the passengers on the meeting place<br \/>\n\u2022 Travel on the take-off site in our 4&#215;4<br \/>\n\u2022 Swelling of balloons with the participation of passengers who wish<br \/>\n\u2022 Flight about 1 hour in the course of the wind, we do not choose the itinerary!<br \/>\n\u2022 After landing, folding balloons<br \/>\n\u2022 Toast of the A\u00e9rostiers and graduation of the flight with the crew<br \/>\n\u2022 Return to meeting point in 4&#215;4<\/p>\n<p style=\"text-align: justify;\">Casual dress with flat and closed shoes is recommended, no high heels. It is not colder in the air than on the ground.<\/p>\n<p style=\"text-align: justify;\">You can choose to buy a flight ticket valid for 2 years, for you or to offer, or make a simple reservation by deposit if you are passing through our region Centre Val de Loire.<\/p>\n","protected":false},"excerpt":{"rendered":"<p>Fly in a hot air balloon in couple or 3 people and discover the Loire landscape, its castles, vineyards, game&#8230;. Other people can complete the basket. See other rates Order online &nbsp; &nbsp; The flights take place at dawn or 3 hours before sunset, at the hours when the lights are the most beautiful and [&hellip;]<\/p>\n","protected":false},"author":1,"featured_media":0,"parent":0,"menu_order":0,"comment_status":"closed","ping_status":"closed","template":"","meta":{"footnotes":""},"yoast_head":"<!-- This site is optimized with the Yoast SEO plugin v19.2 - https:\/\/yoast.com\/wordpress\/plugins\/seo\/ -->\n<title>Volez en montgolfi\u00e8re et d\u00e9couvrez au fil du vent la Loire et ses ch\u00e2teaux<\/title>\n<meta name=\"description\" content=\"Volez en montgolfi\u00e8re en couple ou \u00e0 3 personnes, et d\u00e9couvrez le paysage lig\u00e9rien et ses ch\u00e2teaux. D\u00e9collage tous les jours \u00e0 l&#039;aube et au cr\u00e9puscule.\" \/>\n<meta name=\"robots\" content=\"index, follow, max-snippet:-1, max-image-preview:large, max-video-preview:-1\" \/>\n<link rel=\"canonical\" href=\"https:\/\/www.ipctours.com\/en\/billet-de-2-a-3-adultes-vol-montgolfiere\/\" \/>\n<meta property=\"og:locale\" content=\"fr_FR\" \/>\n<meta property=\"og:type\" content=\"article\" \/>\n<meta property=\"og:title\" content=\"Volez en montgolfi\u00e8re et d\u00e9couvrez au fil du vent la Loire et ses ch\u00e2teaux\" \/>\n<meta property=\"og:description\" content=\"Volez en montgolfi\u00e8re en couple ou \u00e0 3 personnes, et d\u00e9couvrez le paysage lig\u00e9rien et ses ch\u00e2teaux. D\u00e9collage tous les jours \u00e0 l&#039;aube et au cr\u00e9puscule.\" \/>\n<meta property=\"og:url\" content=\"https:\/\/www.ipctours.com\/en\/billet-de-2-a-3-adultes-vol-montgolfiere\/\" \/>\n<meta property=\"og:site_name\" content=\"Aerocom Montgolfi\u00e8res\" \/>\n<meta property=\"article:modified_time\" content=\"2023-12-05T07:38:36+00:00\" \/>\n<meta name=\"author\" content=\"administrateur\" \/>\n<meta name=\"twitter:card\" content=\"summary\" \/>\n<meta name=\"twitter:label1\" content=\"Dur\u00e9e de lecture estim\u00e9e\" \/>\n\t<meta name=\"twitter:data1\" content=\"1 minute\" \/>\n<script type=\"application\/ld+json\" class=\"yoast-schema-graph\">{\"@context\":\"https:\/\/schema.org\",\"@graph\":[{\"@type\":\"WebSite\",\"@id\":\"https:\/\/www.ipctours.com\/en\/#website\",\"url\":\"https:\/\/www.ipctours.com\/en\/\",\"name\":\"Aerocom Montgolfi\u00e8res\",\"description\":\"Loire et ch\u00e2teaux en montgolfi\u00e8re\",\"potentialAction\":[{\"@type\":\"SearchAction\",\"target\":{\"@type\":\"EntryPoint\",\"urlTemplate\":\"https:\/\/www.ipctours.com\/en\/?s={search_term_string}\"},\"query-input\":\"required name=search_term_string\"}],\"inLanguage\":\"fr-FR\"},{\"@type\":\"WebPage\",\"@id\":\"https:\/\/www.ipctours.com\/en\/billet-de-2-a-3-adultes-vol-montgolfiere\/#webpage\",\"url\":\"https:\/\/www.ipctours.com\/en\/billet-de-2-a-3-adultes-vol-montgolfiere\/\",\"name\":\"Volez en montgolfi\u00e8re et d\u00e9couvrez au fil du vent la Loire et ses ch\u00e2teaux\",\"isPartOf\":{\"@id\":\"https:\/\/www.ipctours.com\/en\/#website\"},\"datePublished\":\"2018-01-25T09:32:37+00:00\",\"dateModified\":\"2023-12-05T07:38:36+00:00\",\"description\":\"Volez en montgolfi\u00e8re en couple ou \u00e0 3 personnes, et d\u00e9couvrez le paysage lig\u00e9rien et ses ch\u00e2teaux. D\u00e9collage tous les jours \u00e0 l'aube et au cr\u00e9puscule.\",\"breadcrumb\":{\"@id\":\"https:\/\/www.ipctours.com\/en\/billet-de-2-a-3-adultes-vol-montgolfiere\/#breadcrumb\"},\"inLanguage\":\"fr-FR\",\"potentialAction\":[{\"@type\":\"ReadAction\",\"target\":[\"https:\/\/www.ipctours.com\/en\/billet-de-2-a-3-adultes-vol-montgolfiere\/\"]}]},{\"@type\":\"BreadcrumbList\",\"@id\":\"https:\/\/www.ipctours.com\/en\/billet-de-2-a-3-adultes-vol-montgolfiere\/#breadcrumb\",\"itemListElement\":[{\"@type\":\"ListItem\",\"position\":1,\"name\":\"Price 2 to 3 adults 199.00 \u20ac \/ passenger\"}]}]}<\/script>\n<!-- \/ Yoast SEO plugin. -->","yoast_head_json":{"title":"Volez en montgolfi\u00e8re et d\u00e9couvrez au fil du vent la Loire et ses ch\u00e2teaux","description":"Volez en montgolfi\u00e8re en couple ou \u00e0 3 personnes, et d\u00e9couvrez le paysage lig\u00e9rien et ses ch\u00e2teaux. D\u00e9collage tous les jours \u00e0 l'aube et au cr\u00e9puscule.","robots":{"index":"index","follow":"follow","max-snippet":"max-snippet:-1","max-image-preview":"max-image-preview:large","max-video-preview":"max-video-preview:-1"},"canonical":"https:\/\/www.ipctours.com\/en\/billet-de-2-a-3-adultes-vol-montgolfiere\/","og_locale":"fr_FR","og_type":"article","og_title":"Volez en montgolfi\u00e8re et d\u00e9couvrez au fil du vent la Loire et ses ch\u00e2teaux","og_description":"Volez en montgolfi\u00e8re en couple ou \u00e0 3 personnes, et d\u00e9couvrez le paysage lig\u00e9rien et ses ch\u00e2teaux. D\u00e9collage tous les jours \u00e0 l'aube et au cr\u00e9puscule.","og_url":"https:\/\/www.ipctours.com\/en\/billet-de-2-a-3-adultes-vol-montgolfiere\/","og_site_name":"Aerocom Montgolfi\u00e8res","article_modified_time":"2023-12-05T07:38:36+00:00","author":"administrateur","twitter_card":"summary","twitter_misc":{"Dur\u00e9e de lecture estim\u00e9e":"1 minute"},"schema":{"@context":"https:\/\/schema.org","@graph":[{"@type":"WebSite","@id":"https:\/\/www.ipctours.com\/en\/#website","url":"https:\/\/www.ipctours.com\/en\/","name":"Aerocom Montgolfi\u00e8res","description":"Loire et ch\u00e2teaux en montgolfi\u00e8re","potentialAction":[{"@type":"SearchAction","target":{"@type":"EntryPoint","urlTemplate":"https:\/\/www.ipctours.com\/en\/?s={search_term_string}"},"query-input":"required name=search_term_string"}],"inLanguage":"fr-FR"},{"@type":"WebPage","@id":"https:\/\/www.ipctours.com\/en\/billet-de-2-a-3-adultes-vol-montgolfiere\/#webpage","url":"https:\/\/www.ipctours.com\/en\/billet-de-2-a-3-adultes-vol-montgolfiere\/","name":"Volez en montgolfi\u00e8re et d\u00e9couvrez au fil du vent la Loire et ses ch\u00e2teaux","isPartOf":{"@id":"https:\/\/www.ipctours.com\/en\/#website"},"datePublished":"2018-01-25T09:32:37+00:00","dateModified":"2023-12-05T07:38:36+00:00","description":"Volez en montgolfi\u00e8re en couple ou \u00e0 3 personnes, et d\u00e9couvrez le paysage lig\u00e9rien et ses ch\u00e2teaux. D\u00e9collage tous les jours \u00e0 l'aube et au cr\u00e9puscule.","breadcrumb":{"@id":"https:\/\/www.ipctours.com\/en\/billet-de-2-a-3-adultes-vol-montgolfiere\/#breadcrumb"},"inLanguage":"fr-FR","potentialAction":[{"@type":"ReadAction","target":["https:\/\/www.ipctours.com\/en\/billet-de-2-a-3-adultes-vol-montgolfiere\/"]}]},{"@type":"BreadcrumbList","@id":"https:\/\/www.ipctours.com\/en\/billet-de-2-a-3-adultes-vol-montgolfiere\/#breadcrumb","itemListElement":[{"@type":"ListItem","position":1,"name":"Price 2 to 3 adults 199.00 \u20ac \/ passenger"}]}]}},"_links":{"self":[{"href":"https:\/\/www.ipctours.com\/en\/wp-json\/wp\/v2\/pages\/2020"}],"collection":[{"href":"https:\/\/www.ipctours.com\/en\/wp-json\/wp\/v2\/pages"}],"about":[{"href":"https:\/\/www.ipctours.com\/en\/wp-json\/wp\/v2\/types\/page"}],"author":[{"embeddable":true,"href":"https:\/\/www.ipctours.com\/en\/wp-json\/wp\/v2\/users\/1"}],"replies":[{"embeddable":true,"href":"https:\/\/www.ipctours.com\/en\/wp-json\/wp\/v2\/comments?post=2020"}],"version-history":[{"count":25,"href":"https:\/\/www.ipctours.com\/en\/wp-json\/wp\/v2\/pages\/2020\/revisions"}],"predecessor-version":[{"id":2552,"href":"https:\/\/www.ipctours.com\/en\/wp-json\/wp\/v2\/pages\/2020\/revisions\/2552"}],"wp:attachment":[{"href":"https:\/\/www.ipctours.com\/en\/wp-json\/wp\/v2\/media?parent=2020"}],"curies":[{"name":"wp","href":"https:\/\/api.w.org\/{rel}","templated":true}]}}