{"id":2018,"date":"2018-01-25T10:31:47","date_gmt":"2018-01-25T09:31:47","guid":{"rendered":"http:\/\/www.ipctours.com\/en\/?page_id=2018"},"modified":"2023-12-05T08:43:05","modified_gmt":"2023-12-05T07:43:05","slug":"billet-adulte-individuel-vol-montgolfiere","status":"publish","type":"page","link":"https:\/\/www.ipctours.com\/en\/billet-adulte-individuel-vol-montgolfiere\/","title":{"rendered":"Individual adult price 209.00 \u20ac"},"content":{"rendered":"<p style=\"text-align: center;\"><a href=\"http:\/\/www.ipctours.com\/en\/tarifs-reservations\/\">See other rates<\/a><\/p>\n<div class=\"col-md-12\" style=\"padding: 0px;\">\n<div class=\"col-md-4\" style=\"text-align: left;\"><\/div>\n<div class=\"col-md-4\" style=\"text-align: left;\"><a class=\"btntarif\" href=\"http:\/\/www.ipctours.com\/boutique\/en\/index.php?id_product=8&amp;controller=product\">Order online<\/a><\/div>\n<div class=\"col-md-4\" style=\"text-align: left;\"><\/div>\n<\/div>\n<div class=\"col-md-12\" style=\"padding: 0px;\">\n<p style=\"text-align: justify;\">Fly in the Centre Loire Valley Region aboard our baskets, in the course of the wind, and discover the Loire, its castles, game, vines &#8230; Other passengers will complete the basket. The flights take place at dawn or 3 hours before sunset, at the hours when the lights are the most beautiful and to enjoy the stability of the air.<\/p>\n<p>Plan an availability about 3 hours:<br \/>\n\u2022 Reception of the passengers on the meeting place<br \/>\n\u2022 Travel on the take-off site in our 4&#215;4<br \/>\n\u2022 Swelling of balloons with the participation of passengers who wish<br \/>\n\u2022 Flight about 1 hour in the course of the wind, we do not choose the itinerary!<br \/>\n\u2022 After landing, folding balloons<br \/>\n\u2022 Toast of the A\u00e9rostiers and graduation of the flight with the crew<br \/>\n\u2022 Return to meeting point in 4&#215;4<\/p>\n<p style=\"text-align: justify;\">Casual dress with flat and closed shoes is recommended, no high heels. It is not colder in the air than on the ground.<\/p>\n<\/div>\n<\/div>\n<p style=\"margin: 0cm; margin-bottom: .0001pt; text-align: justify;\">\n","protected":false},"excerpt":{"rendered":"<p>See other rates Order online Fly in the Centre Loire Valley Region aboard our baskets, in the course of the wind, and discover the Loire, its castles, game, vines &#8230; Other passengers will complete the basket. The flights take place at dawn or 3 hours before sunset, at the hours when the lights are the [&hellip;]<\/p>\n","protected":false},"author":1,"featured_media":0,"parent":0,"menu_order":0,"comment_status":"closed","ping_status":"closed","template":"","meta":{"footnotes":""},"yoast_head":"<!-- This site is optimized with the Yoast SEO plugin v19.2 - https:\/\/yoast.com\/wordpress\/plugins\/seo\/ -->\n<title>Volez en R\u00e9gion Centre Val de Loire et d\u00e9couvrez le paysage lig\u00e9rien<\/title>\n<meta name=\"description\" content=\"Volez en R\u00e9gion Centre val de Loire, \u00e0 bord de nos nacelles, au fil du vent, et d\u00e9couvrez La Loire, ses ch\u00e2teaux, le gibier, les vignes ...\" \/>\n<meta name=\"robots\" content=\"index, follow, max-snippet:-1, max-image-preview:large, max-video-preview:-1\" \/>\n<link rel=\"canonical\" href=\"https:\/\/www.ipctours.com\/en\/billet-adulte-individuel-vol-montgolfiere\/\" \/>\n<meta property=\"og:locale\" content=\"fr_FR\" \/>\n<meta property=\"og:type\" content=\"article\" \/>\n<meta property=\"og:title\" content=\"Volez en R\u00e9gion Centre Val de Loire et d\u00e9couvrez le paysage lig\u00e9rien\" \/>\n<meta property=\"og:description\" content=\"Volez en R\u00e9gion Centre val de Loire, \u00e0 bord de nos nacelles, au fil du vent, et d\u00e9couvrez La Loire, ses ch\u00e2teaux, le gibier, les vignes ...\" \/>\n<meta property=\"og:url\" content=\"https:\/\/www.ipctours.com\/en\/billet-adulte-individuel-vol-montgolfiere\/\" \/>\n<meta property=\"og:site_name\" content=\"Aerocom Montgolfi\u00e8res\" \/>\n<meta property=\"article:modified_time\" content=\"2023-12-05T07:43:05+00:00\" \/>\n<meta name=\"author\" content=\"administrateur\" \/>\n<meta name=\"twitter:card\" content=\"summary\" \/>\n<meta name=\"twitter:label1\" content=\"Dur\u00e9e de lecture estim\u00e9e\" \/>\n\t<meta name=\"twitter:data1\" content=\"1 minute\" \/>\n<script type=\"application\/ld+json\" class=\"yoast-schema-graph\">{\"@context\":\"https:\/\/schema.org\",\"@graph\":[{\"@type\":\"WebSite\",\"@id\":\"https:\/\/www.ipctours.com\/en\/#website\",\"url\":\"https:\/\/www.ipctours.com\/en\/\",\"name\":\"Aerocom Montgolfi\u00e8res\",\"description\":\"Loire et ch\u00e2teaux en montgolfi\u00e8re\",\"potentialAction\":[{\"@type\":\"SearchAction\",\"target\":{\"@type\":\"EntryPoint\",\"urlTemplate\":\"https:\/\/www.ipctours.com\/en\/?s={search_term_string}\"},\"query-input\":\"required name=search_term_string\"}],\"inLanguage\":\"fr-FR\"},{\"@type\":\"WebPage\",\"@id\":\"https:\/\/www.ipctours.com\/en\/billet-adulte-individuel-vol-montgolfiere\/#webpage\",\"url\":\"https:\/\/www.ipctours.com\/en\/billet-adulte-individuel-vol-montgolfiere\/\",\"name\":\"Volez en R\u00e9gion Centre Val de Loire et d\u00e9couvrez le paysage lig\u00e9rien\",\"isPartOf\":{\"@id\":\"https:\/\/www.ipctours.com\/en\/#website\"},\"datePublished\":\"2018-01-25T09:31:47+00:00\",\"dateModified\":\"2023-12-05T07:43:05+00:00\",\"description\":\"Volez en R\u00e9gion Centre val de Loire, \u00e0 bord de nos nacelles, au fil du vent, et d\u00e9couvrez La Loire, ses ch\u00e2teaux, le gibier, les vignes ...\",\"breadcrumb\":{\"@id\":\"https:\/\/www.ipctours.com\/en\/billet-adulte-individuel-vol-montgolfiere\/#breadcrumb\"},\"inLanguage\":\"fr-FR\",\"potentialAction\":[{\"@type\":\"ReadAction\",\"target\":[\"https:\/\/www.ipctours.com\/en\/billet-adulte-individuel-vol-montgolfiere\/\"]}]},{\"@type\":\"BreadcrumbList\",\"@id\":\"https:\/\/www.ipctours.com\/en\/billet-adulte-individuel-vol-montgolfiere\/#breadcrumb\",\"itemListElement\":[{\"@type\":\"ListItem\",\"position\":1,\"name\":\"Individual adult price 209.00 \u20ac\"}]}]}<\/script>\n<!-- \/ Yoast SEO plugin. -->","yoast_head_json":{"title":"Volez en R\u00e9gion Centre Val de Loire et d\u00e9couvrez le paysage lig\u00e9rien","description":"Volez en R\u00e9gion Centre val de Loire, \u00e0 bord de nos nacelles, au fil du vent, et d\u00e9couvrez La Loire, ses ch\u00e2teaux, le gibier, les vignes ...","robots":{"index":"index","follow":"follow","max-snippet":"max-snippet:-1","max-image-preview":"max-image-preview:large","max-video-preview":"max-video-preview:-1"},"canonical":"https:\/\/www.ipctours.com\/en\/billet-adulte-individuel-vol-montgolfiere\/","og_locale":"fr_FR","og_type":"article","og_title":"Volez en R\u00e9gion Centre Val de Loire et d\u00e9couvrez le paysage lig\u00e9rien","og_description":"Volez en R\u00e9gion Centre val de Loire, \u00e0 bord de nos nacelles, au fil du vent, et d\u00e9couvrez La Loire, ses ch\u00e2teaux, le gibier, les vignes ...","og_url":"https:\/\/www.ipctours.com\/en\/billet-adulte-individuel-vol-montgolfiere\/","og_site_name":"Aerocom Montgolfi\u00e8res","article_modified_time":"2023-12-05T07:43:05+00:00","author":"administrateur","twitter_card":"summary","twitter_misc":{"Dur\u00e9e de lecture estim\u00e9e":"1 minute"},"schema":{"@context":"https:\/\/schema.org","@graph":[{"@type":"WebSite","@id":"https:\/\/www.ipctours.com\/en\/#website","url":"https:\/\/www.ipctours.com\/en\/","name":"Aerocom Montgolfi\u00e8res","description":"Loire et ch\u00e2teaux en montgolfi\u00e8re","potentialAction":[{"@type":"SearchAction","target":{"@type":"EntryPoint","urlTemplate":"https:\/\/www.ipctours.com\/en\/?s={search_term_string}"},"query-input":"required name=search_term_string"}],"inLanguage":"fr-FR"},{"@type":"WebPage","@id":"https:\/\/www.ipctours.com\/en\/billet-adulte-individuel-vol-montgolfiere\/#webpage","url":"https:\/\/www.ipctours.com\/en\/billet-adulte-individuel-vol-montgolfiere\/","name":"Volez en R\u00e9gion Centre Val de Loire et d\u00e9couvrez le paysage lig\u00e9rien","isPartOf":{"@id":"https:\/\/www.ipctours.com\/en\/#website"},"datePublished":"2018-01-25T09:31:47+00:00","dateModified":"2023-12-05T07:43:05+00:00","description":"Volez en R\u00e9gion Centre val de Loire, \u00e0 bord de nos nacelles, au fil du vent, et d\u00e9couvrez La Loire, ses ch\u00e2teaux, le gibier, les vignes ...","breadcrumb":{"@id":"https:\/\/www.ipctours.com\/en\/billet-adulte-individuel-vol-montgolfiere\/#breadcrumb"},"inLanguage":"fr-FR","potentialAction":[{"@type":"ReadAction","target":["https:\/\/www.ipctours.com\/en\/billet-adulte-individuel-vol-montgolfiere\/"]}]},{"@type":"BreadcrumbList","@id":"https:\/\/www.ipctours.com\/en\/billet-adulte-individuel-vol-montgolfiere\/#breadcrumb","itemListElement":[{"@type":"ListItem","position":1,"name":"Individual adult price 209.00 \u20ac"}]}]}},"_links":{"self":[{"href":"https:\/\/www.ipctours.com\/en\/wp-json\/wp\/v2\/pages\/2018"}],"collection":[{"href":"https:\/\/www.ipctours.com\/en\/wp-json\/wp\/v2\/pages"}],"about":[{"href":"https:\/\/www.ipctours.com\/en\/wp-json\/wp\/v2\/types\/page"}],"author":[{"embeddable":true,"href":"https:\/\/www.ipctours.com\/en\/wp-json\/wp\/v2\/users\/1"}],"replies":[{"embeddable":true,"href":"https:\/\/www.ipctours.com\/en\/wp-json\/wp\/v2\/comments?post=2018"}],"version-history":[{"count":71,"href":"https:\/\/www.ipctours.com\/en\/wp-json\/wp\/v2\/pages\/2018\/revisions"}],"predecessor-version":[{"id":2559,"href":"https:\/\/www.ipctours.com\/en\/wp-json\/wp\/v2\/pages\/2018\/revisions\/2559"}],"wp:attachment":[{"href":"https:\/\/www.ipctours.com\/en\/wp-json\/wp\/v2\/media?parent=2018"}],"curies":[{"name":"wp","href":"https:\/\/api.w.org\/{rel}","templated":true}]}}